{"id":9,"date":"2017-05-06T19:39:54","date_gmt":"2017-05-06T17:39:54","guid":{"rendered":"http:\/\/mentor-multimedia.com\/new\/?page_id=9"},"modified":"2025-03-05T10:04:33","modified_gmt":"2025-03-05T09:04:33","slug":"assistance-initiation-informatique-val-doise-95","status":"publish","type":"page","link":"https:\/\/mentor-multimedia.com\/","title":{"rendered":"Merci de votre fid\u00e9lit\u00e9 depuis 20 ans !"},"content":{"rendered":"\n<h2 style=\"text-align: center;\"><span style=\"color: #ff0000;\">MENTOR Multim\u00e9dia tire sa r\u00e9v\u00e9rence et c\u00e8de la place \u00e0 Informatique 95 ! N&rsquo;h\u00e9sitez pas \u00e0 <a style=\"color: #ff0000;\" href=\"https:\/\/mentor-multimedia.com\/index.php\/contact\/\">contacter Nathalie<\/a> qui saura se mettre en quatre pour vous conseiller et r\u00e9soudre vos difficult\u00e9s.<\/span><\/h2>\n\n\n\n\n\n<h1 class=\"wp-block-heading\"><strong><span style=\"color: #000080;\">Services informatiques aux particuliers \u00e0 domicile :<\/span><\/strong><\/h1>\n\n\n\n<p class=\"has-text-align-center\">D\u00e9pannage et conseils en informatique : wifi, fibre, mails, initiation&#8230;<\/p>\n\n\n\n<p class=\"has-text-align-center\">Accompagnement dans vos d\u00e9marches administratives par internet <br>(confidentialit\u00e9 garantie)<\/p>\n\n\n\n<h1 class=\"wp-block-heading\"><span style=\"color: #000080; font-size: 24pt;\"><a href=\"http:\/\/mentor-multimedia.com\">MENTOR Multim\u00e9dia<\/a> vous accompagne depuis plus de 20 ans<\/span><\/h1>\n\n\n\n<ul class=\"wp-block-list\">\n<li>\n<h2><span style=\"color: #000080;\"><strong>Initiation et formation informatique<\/strong><\/span><\/h2>\n<\/li>\n<\/ul>\n\n\n<div class=\"wp-block-image wp-image-100\">\n<figure class=\"aligncenter\"><img loading=\"lazy\" decoding=\"async\" width=\"300\" height=\"199\" src=\"http:\/\/mentor-multimedia.com\/wp-content\/uploads\/2017\/05\/pc-300x199.jpg\" alt=\"D\u00e9pannage et maintenance informatique 95\" class=\"wp-image-100\" srcset=\"https:\/\/mentor-multimedia.com\/wp-content\/uploads\/2017\/05\/pc-300x199.jpg 300w, https:\/\/mentor-multimedia.com\/wp-content\/uploads\/2017\/05\/pc-768x510.jpg 768w, https:\/\/mentor-multimedia.com\/wp-content\/uploads\/2017\/05\/pc-1024x680.jpg 1024w, https:\/\/mentor-multimedia.com\/wp-content\/uploads\/2017\/05\/pc-250x166.jpg 250w, https:\/\/mentor-multimedia.com\/wp-content\/uploads\/2017\/05\/pc-452x300.jpg 452w, https:\/\/mentor-multimedia.com\/wp-content\/uploads\/2017\/05\/pc.jpg 1355w\" sizes=\"auto, (max-width: 300px) 100vw, 300px\" \/><figcaption class=\"wp-element-caption\">Initiation et formation ordinateurs fixes et portables, tablettes et smartphones<\/figcaption><\/figure><\/div>\n\n\n<p>De l&rsquo;initiation basique <a href=\"http:\/\/mentor-multimedia.com\/index.php\/initiation-formation\/\">pour les particuliers<\/a> jusqu&rsquo;\u00e0 une formation plus pouss\u00e9e.<\/p>\n\n\n\n<ul class=\"wp-block-list\">\n<li><img loading=\"lazy\" decoding=\"async\" class=\" wp-image-259 alignright\" src=\"https:\/\/mentor-multimedia.com\/wp-content\/uploads\/2018\/09\/fibre-300x188.jpg\" alt=\"\" width=\"240\" height=\"154\"><img loading=\"lazy\" decoding=\"async\" class=\"alignnone wp-image-258\" src=\"https:\/\/mentor-multimedia.com\/wp-content\/uploads\/2018\/09\/new-300x300.gif\" alt=\"\" width=\"40\" height=\"40\" srcset=\"https:\/\/mentor-multimedia.com\/wp-content\/uploads\/2018\/09\/new-300x300.gif 300w, https:\/\/mentor-multimedia.com\/wp-content\/uploads\/2018\/09\/new-150x150.gif 150w, https:\/\/mentor-multimedia.com\/wp-content\/uploads\/2018\/09\/new-250x249.gif 250w, https:\/\/mentor-multimedia.com\/wp-content\/uploads\/2018\/09\/new-301x300.gif 301w\" sizes=\"auto, (max-width: 40px) 100vw, 40px\" \/><strong style=\"color: #000080;\"><strong style=\"color: #000080;\">Fibre optique<\/strong><\/strong>\n<p style=\"padding-left: 60px;\">Simple conseil ? Accompagnement dans une prise de commande ? Installation de votre nouvelle box fibre ? MENTOR Multim\u00e9dia vous guide pas \u00e0 pas. (<a href=\"https:\/\/mentor-multimedia.com\/index.php\/fibre-optique\/\">en savoir plus<\/a>)<\/p>\n<\/li>\n\n\n\n<li>\n<h2><span style=\"color: #000080;\">D\u00e9pannage informatique &#8211; Maintenance &#8211; Assistance<\/span><span style=\"color: #000080;\"><img loading=\"lazy\" decoding=\"async\" class=\"alignright wp-image-101\" title=\"Initiation et d\u00e9pannage tablettes\" src=\"http:\/\/mentor-multimedia.com\/wp-content\/uploads\/2017\/05\/Tablette-300x224.jpg\" alt=\"D\u00e9pannage et maintenance informatique 95\" width=\"176\" height=\"133\"><\/span><\/h2>\n<\/li>\n<\/ul>\n\n\n<div class=\"wp-block-image\">\n<figure class=\"aligncenter\"><a href=\"https:\/\/www.artisanat.fr\/reparacteurs\" target=\"_blank\" rel=\"noopener\"><img loading=\"lazy\" decoding=\"async\" width=\"300\" height=\"265\" src=\"https:\/\/mentor-multimedia.com\/wp-content\/uploads\/2019\/10\/logo-chambre-des-m\u00e9tiers-300x265.jpg\" alt=\"\" class=\"wp-image-417\" srcset=\"https:\/\/mentor-multimedia.com\/wp-content\/uploads\/2019\/10\/logo-chambre-des-m\u00e9tiers-300x265.jpg 300w, https:\/\/mentor-multimedia.com\/wp-content\/uploads\/2019\/10\/logo-chambre-des-m\u00e9tiers-768x679.jpg 768w, https:\/\/mentor-multimedia.com\/wp-content\/uploads\/2019\/10\/logo-chambre-des-m\u00e9tiers-1024x905.jpg 1024w, https:\/\/mentor-multimedia.com\/wp-content\/uploads\/2019\/10\/logo-chambre-des-m\u00e9tiers-250x221.jpg 250w, https:\/\/mentor-multimedia.com\/wp-content\/uploads\/2019\/10\/logo-chambre-des-m\u00e9tiers-339x300.jpg 339w\" sizes=\"auto, (max-width: 300px) 100vw, 300px\" \/><\/a><\/figure><\/div>\n\n\n<p>De la simple fourniture de mat\u00e9riels et logiciels jusqu&rsquo;\u00e0 leur mise en service sur place. (<a href=\"http:\/\/mentor-multimedia.com\/index.php\/maintenance\/\">en savoir plus<\/a>)<\/p>\n\n\n\n<ul class=\"wp-block-list\">\n<li>\n<h2><span style=\"color: #000080;\">Cr\u00e9ation et mise \u00e0 jour de votre site internet<\/span><\/h2>\n<\/li>\n<\/ul>\n\n\n\n<p>Un site : c&rsquo;est votre image, votre vitrine : il demande \u00e0 \u00eatre pens\u00e9 pour qu&rsquo;il soit utile. MENTOR Multim\u00e9dia peut vous accompagner dans cette d\u00e9marche.<\/p>\n\n\n\n<ul class=\"wp-block-list\">\n<li>\n<h2><span style=\"color: #000080;\">Conseils<img loading=\"lazy\" decoding=\"async\" class=\"alignright wp-image-102\" title=\"Initiation et d\u00e9pannage smartphones\" src=\"http:\/\/mentor-multimedia.com\/wp-content\/uploads\/2017\/05\/smartphone-202x300.jpeg\" alt=\"D\u00e9pannage et maintenance informatique 95\" width=\"123\" height=\"179\"><\/span><\/h2>\n<\/li>\n<\/ul>\n\n\n\n<p>Parce qu&rsquo;\u00e0 chaque fois, il s&rsquo;agit d&rsquo;un cas particulier !<\/p>\n\n\n\n<p class=\"has-text-align-right\"><span style=\"color: #000000;\"><a href=\"http:\/\/mentor-multimedia.com\/index.php\/contact\/\">Contact<\/a><\/span><\/p>\n\n\n\n<p class=\"has-text-align-left has-white-color has-text-color\"><span style=\"font-size: 8pt; color: #ffffff;\"> informatique, maintenance informatique, fibre optique, domicile, conseils, initiation formation, d\u00e9pannage informatique, mat\u00e9riel, installation, adsl, multim\u00e9dia, VEXIN, ARRONVILLE, AUVERS-SUR-OISE, BESSANCOURT, BOISEMONT, BOISSY-L&rsquo;AILLERIE,&nbsp;&nbsp;Taverny &nbsp;Auvers-sur-Oise Beauchamp Ennery Butry Valmondois Vallangoujard Mery-sur-Oise L&rsquo;Isle-Adam Osny Saint-Leu-la-foret Nesles-la-vall\u00e9e Livilliers Courdimanche Pontoise Cergy Herblay Eragny Andr\u00e9sy Conflans-Sainte-Honorine Chanteloup-les-Vignes Livilliers Fr\u00e9pillon Epiais-Rhus G\u00e9nicourt Vaur\u00e9al Jouy-Le-Mouthier &nbsp;Vexin&nbsp; Marly-la-Ville Bessancourt H\u00e9rouville Valmondois Eragny Herblay Taverny<\/span> Labbeville fibre optique<\/p>\n\n\n","protected":false},"excerpt":{"rendered":"<p>MENTOR Multim\u00e9dia tire sa r\u00e9v\u00e9rence et c\u00e8de la place \u00e0 Informatique 95 ! N&rsquo;h\u00e9sitez pas \u00e0 contacter Nathalie qui saura se mettre en quatre pour vous conseiller et r\u00e9soudre vos difficult\u00e9s. Services informatiques aux particuliers \u00e0 domicile : D\u00e9pannage et &hellip; <a href=\"https:\/\/mentor-multimedia.com\/\">Continuer la lecture <span class=\"meta-nav\">&rarr;<\/span><\/a><\/p>\n","protected":false},"author":1,"featured_media":0,"parent":0,"menu_order":0,"comment_status":"closed","ping_status":"closed","template":"","meta":{"footnotes":""},"class_list":["post-9","page","type-page","status-publish","hentry"],"yoast_head":"<!-- This site is optimized with the Yoast SEO plugin v24.9 - https:\/\/yoast.com\/wordpress\/plugins\/seo\/ -->\n<title>D\u00e9pannage et maintenance informatique 95<\/title>\n<meta name=\"description\" content=\"D\u00e9pannage et maintenance informatique Val d&#039;Oise 95 - Initiation informatique Val d&#039;Oise 95 - d\u00e9pannage informatique \u00e0 domicile particuliers\" \/>\n<meta name=\"robots\" content=\"index, follow, max-snippet:-1, max-image-preview:large, max-video-preview:-1\" \/>\n<link rel=\"canonical\" href=\"https:\/\/mentor-multimedia.com\/\" \/>\n<meta property=\"og:locale\" content=\"fr_FR\" \/>\n<meta property=\"og:type\" content=\"article\" \/>\n<meta property=\"og:title\" content=\"D\u00e9pannage et maintenance informatique 95\" \/>\n<meta property=\"og:description\" content=\"D\u00e9pannage et maintenance informatique Val d&#039;Oise 95 - Initiation informatique Val d&#039;Oise 95 - d\u00e9pannage informatique \u00e0 domicile particuliers\" \/>\n<meta property=\"og:url\" content=\"https:\/\/mentor-multimedia.com\/\" \/>\n<meta property=\"og:site_name\" content=\"MENTOR Multim\u00e9dia\" \/>\n<meta property=\"article:modified_time\" content=\"2025-03-05T09:04:33+00:00\" \/>\n<meta property=\"og:image\" content=\"https:\/\/mentor-multimedia.com\/wp-content\/uploads\/2017\/05\/pc.jpg\" \/>\n\t<meta property=\"og:image:width\" content=\"1355\" \/>\n\t<meta property=\"og:image:height\" content=\"900\" \/>\n\t<meta property=\"og:image:type\" content=\"image\/jpeg\" \/>\n<meta name=\"twitter:card\" content=\"summary_large_image\" \/>\n<meta name=\"twitter:label1\" content=\"Dur\u00e9e de lecture estim\u00e9e\" \/>\n\t<meta name=\"twitter:data1\" content=\"3 minutes\" \/>\n<script type=\"application\/ld+json\" class=\"yoast-schema-graph\">{\"@context\":\"https:\/\/schema.org\",\"@graph\":[{\"@type\":\"WebPage\",\"@id\":\"https:\/\/mentor-multimedia.com\/\",\"url\":\"https:\/\/mentor-multimedia.com\/\",\"name\":\"D\u00e9pannage et maintenance informatique 95\",\"isPartOf\":{\"@id\":\"https:\/\/mentor-multimedia.com\/#website\"},\"primaryImageOfPage\":{\"@id\":\"https:\/\/mentor-multimedia.com\/#primaryimage\"},\"image\":{\"@id\":\"https:\/\/mentor-multimedia.com\/#primaryimage\"},\"thumbnailUrl\":\"http:\/\/mentor-multimedia.com\/wp-content\/uploads\/2017\/05\/pc-300x199.jpg\",\"datePublished\":\"2017-05-06T17:39:54+00:00\",\"dateModified\":\"2025-03-05T09:04:33+00:00\",\"description\":\"D\u00e9pannage et maintenance informatique Val d'Oise 95 - Initiation informatique Val d'Oise 95 - d\u00e9pannage informatique \u00e0 domicile particuliers\",\"breadcrumb\":{\"@id\":\"https:\/\/mentor-multimedia.com\/#breadcrumb\"},\"inLanguage\":\"fr-FR\",\"potentialAction\":[{\"@type\":\"ReadAction\",\"target\":[\"https:\/\/mentor-multimedia.com\/\"]}]},{\"@type\":\"ImageObject\",\"inLanguage\":\"fr-FR\",\"@id\":\"https:\/\/mentor-multimedia.com\/#primaryimage\",\"url\":\"https:\/\/mentor-multimedia.com\/wp-content\/uploads\/2017\/05\/pc.jpg\",\"contentUrl\":\"https:\/\/mentor-multimedia.com\/wp-content\/uploads\/2017\/05\/pc.jpg\",\"width\":1355,\"height\":900},{\"@type\":\"BreadcrumbList\",\"@id\":\"https:\/\/mentor-multimedia.com\/#breadcrumb\",\"itemListElement\":[{\"@type\":\"ListItem\",\"position\":1,\"name\":\"Accueil\",\"item\":\"https:\/\/mentor-multimedia.com\/\"},{\"@type\":\"ListItem\",\"position\":2,\"name\":\"Merci de votre fid\u00e9lit\u00e9 depuis 20 ans !\"}]},{\"@type\":\"WebSite\",\"@id\":\"https:\/\/mentor-multimedia.com\/#website\",\"url\":\"https:\/\/mentor-multimedia.com\/\",\"name\":\"MENTOR Multim\u00e9dia - Services informatiques pour les particuliers\",\"description\":\"L&#039;informatique de proximit\u00e9 dans le Val d&#039;Oise\",\"potentialAction\":[{\"@type\":\"SearchAction\",\"target\":{\"@type\":\"EntryPoint\",\"urlTemplate\":\"https:\/\/mentor-multimedia.com\/?s={search_term_string}\"},\"query-input\":{\"@type\":\"PropertyValueSpecification\",\"valueRequired\":true,\"valueName\":\"search_term_string\"}}],\"inLanguage\":\"fr-FR\"}]}<\/script>\n<!-- \/ Yoast SEO plugin. -->","yoast_head_json":{"title":"D\u00e9pannage et maintenance informatique 95","description":"D\u00e9pannage et maintenance informatique Val d'Oise 95 - Initiation informatique Val d'Oise 95 - d\u00e9pannage informatique \u00e0 domicile particuliers","robots":{"index":"index","follow":"follow","max-snippet":"max-snippet:-1","max-image-preview":"max-image-preview:large","max-video-preview":"max-video-preview:-1"},"canonical":"https:\/\/mentor-multimedia.com\/","og_locale":"fr_FR","og_type":"article","og_title":"D\u00e9pannage et maintenance informatique 95","og_description":"D\u00e9pannage et maintenance informatique Val d'Oise 95 - Initiation informatique Val d'Oise 95 - d\u00e9pannage informatique \u00e0 domicile particuliers","og_url":"https:\/\/mentor-multimedia.com\/","og_site_name":"MENTOR Multim\u00e9dia","article_modified_time":"2025-03-05T09:04:33+00:00","og_image":[{"width":1355,"height":900,"url":"https:\/\/mentor-multimedia.com\/wp-content\/uploads\/2017\/05\/pc.jpg","type":"image\/jpeg"}],"twitter_card":"summary_large_image","twitter_misc":{"Dur\u00e9e de lecture estim\u00e9e":"3 minutes"},"schema":{"@context":"https:\/\/schema.org","@graph":[{"@type":"WebPage","@id":"https:\/\/mentor-multimedia.com\/","url":"https:\/\/mentor-multimedia.com\/","name":"D\u00e9pannage et maintenance informatique 95","isPartOf":{"@id":"https:\/\/mentor-multimedia.com\/#website"},"primaryImageOfPage":{"@id":"https:\/\/mentor-multimedia.com\/#primaryimage"},"image":{"@id":"https:\/\/mentor-multimedia.com\/#primaryimage"},"thumbnailUrl":"http:\/\/mentor-multimedia.com\/wp-content\/uploads\/2017\/05\/pc-300x199.jpg","datePublished":"2017-05-06T17:39:54+00:00","dateModified":"2025-03-05T09:04:33+00:00","description":"D\u00e9pannage et maintenance informatique Val d'Oise 95 - Initiation informatique Val d'Oise 95 - d\u00e9pannage informatique \u00e0 domicile particuliers","breadcrumb":{"@id":"https:\/\/mentor-multimedia.com\/#breadcrumb"},"inLanguage":"fr-FR","potentialAction":[{"@type":"ReadAction","target":["https:\/\/mentor-multimedia.com\/"]}]},{"@type":"ImageObject","inLanguage":"fr-FR","@id":"https:\/\/mentor-multimedia.com\/#primaryimage","url":"https:\/\/mentor-multimedia.com\/wp-content\/uploads\/2017\/05\/pc.jpg","contentUrl":"https:\/\/mentor-multimedia.com\/wp-content\/uploads\/2017\/05\/pc.jpg","width":1355,"height":900},{"@type":"BreadcrumbList","@id":"https:\/\/mentor-multimedia.com\/#breadcrumb","itemListElement":[{"@type":"ListItem","position":1,"name":"Accueil","item":"https:\/\/mentor-multimedia.com\/"},{"@type":"ListItem","position":2,"name":"Merci de votre fid\u00e9lit\u00e9 depuis 20 ans !"}]},{"@type":"WebSite","@id":"https:\/\/mentor-multimedia.com\/#website","url":"https:\/\/mentor-multimedia.com\/","name":"MENTOR Multim\u00e9dia - Services informatiques pour les particuliers","description":"L&#039;informatique de proximit\u00e9 dans le Val d&#039;Oise","potentialAction":[{"@type":"SearchAction","target":{"@type":"EntryPoint","urlTemplate":"https:\/\/mentor-multimedia.com\/?s={search_term_string}"},"query-input":{"@type":"PropertyValueSpecification","valueRequired":true,"valueName":"search_term_string"}}],"inLanguage":"fr-FR"}]}},"_links":{"self":[{"href":"https:\/\/mentor-multimedia.com\/index.php\/wp-json\/wp\/v2\/pages\/9","targetHints":{"allow":["GET"]}}],"collection":[{"href":"https:\/\/mentor-multimedia.com\/index.php\/wp-json\/wp\/v2\/pages"}],"about":[{"href":"https:\/\/mentor-multimedia.com\/index.php\/wp-json\/wp\/v2\/types\/page"}],"author":[{"embeddable":true,"href":"https:\/\/mentor-multimedia.com\/index.php\/wp-json\/wp\/v2\/users\/1"}],"replies":[{"embeddable":true,"href":"https:\/\/mentor-multimedia.com\/index.php\/wp-json\/wp\/v2\/comments?post=9"}],"version-history":[{"count":86,"href":"https:\/\/mentor-multimedia.com\/index.php\/wp-json\/wp\/v2\/pages\/9\/revisions"}],"predecessor-version":[{"id":528,"href":"https:\/\/mentor-multimedia.com\/index.php\/wp-json\/wp\/v2\/pages\/9\/revisions\/528"}],"wp:attachment":[{"href":"https:\/\/mentor-multimedia.com\/index.php\/wp-json\/wp\/v2\/media?parent=9"}],"curies":[{"name":"wp","href":"https:\/\/api.w.org\/{rel}","templated":true}]}}