{"id":79,"date":"2017-05-08T15:47:09","date_gmt":"2017-05-08T13:47:09","guid":{"rendered":"http:\/\/mentor-multimedia.com\/new\/?page_id=79"},"modified":"2017-05-10T09:26:19","modified_gmt":"2017-05-10T07:26:19","slug":"fiches-pratiques","status":"publish","type":"page","link":"https:\/\/mentor-multimedia.com\/index.php\/fiches-pratiques\/","title":{"rendered":"Fiches pratiques"},"content":{"rendered":"<p><span style=\"font-size: 12pt;\">Voici quelques fiches pratiques que vous pouvez afficher, et imprimer si besoin.\u00a0Certaines datent un peu, mais seront petit \u00e0 petit remises \u00e0 jour. N\u2019h\u00e9sitez pas \u00e0 faire part de vos remarques et suggestions\u00a0!<\/span><\/p>\n<p>&nbsp;<\/p>\n<p style=\"text-align: center;\"><a href=\"http:\/\/www.mentor-multimedia.com\/cours\/index.htm\" target=\"_blank\" rel=\"noopener noreferrer\">Menu principal<\/a><\/p>\n<table border=\"5\">\n<tbody>\n<tr>\n<td style=\"border-color: #242222; background-color: #dbd4ca; text-align: center;\"><strong><a href=\"http:\/\/www.mentor-multimedia.com\/cours\/ordi_les%20bases\/index.htm\" target=\"_blank\" rel=\"noopener noreferrer\">Les bases<\/a><\/strong><\/td>\n<td style=\"border-color: #242222; background-color: #dbd4ca; text-align: center;\"><strong><a href=\"http:\/\/www.mentor-multimedia.com\/cours\/Internet_messagerie\/index.htm\" target=\"_blank\" rel=\"noopener noreferrer\">Internet et messagerie<\/a><\/strong><\/td>\n<td style=\"border-color: #242222; background-color: #dbd4ca; text-align: center;\"><strong><a href=\"http:\/\/www.mentor-multimedia.com\/cours\/TTX\/index.htm\" target=\"_blank\" rel=\"noopener noreferrer\">Traitement de texte<\/a><\/strong><\/td>\n<td style=\"border-color: #242222; background-color: #dbd4ca; text-align: center;\"><strong><a href=\"http:\/\/www.mentor-multimedia.com\/cours\/Photo\/index.htm\" target=\"_blank\" rel=\"noopener noreferrer\">Photo<\/a><\/strong><\/td>\n<\/tr>\n<tr>\n<td style=\"border-color: #242222; background-color: #dbd4ca; text-align: center;\"><strong><a href=\"http:\/\/www.mentor-multimedia.com\/cours\/Kit%20de%20survie\/index.htm\" target=\"_blank\" rel=\"noopener noreferrer\">Kit de survie<\/a><\/strong><\/td>\n<td style=\"border-color: #242222; background-color: #dbd4ca; text-align: center;\"><strong><a href=\"http:\/\/www.mentor-multimedia.com\/cours\/Dico\/index.htm\" target=\"_blank\" rel=\"noopener noreferrer\">Dictionnaire des termes informatiques<\/a><\/strong><\/td>\n<td style=\"border-color: #242222; background-color: #dbd4ca; text-align: center;\"><strong><a href=\"http:\/\/mentor-multimedia.com\/cours\/Cloud\/Le%20Cloud.htm\" target=\"_blank\" rel=\"noopener noreferrer\">Cloud<\/a><\/strong><\/td>\n<td style=\"border-color: #242222; background-color: #dbd4ca; text-align: center;\"><strong><a href=\"http:\/\/www.mentor-multimedia.com\/cours\/Trucs_astuces\/index.htm\" target=\"_blank\" rel=\"noopener noreferrer\">Trucs et astuces<\/a><\/strong><\/td>\n<\/tr>\n<\/tbody>\n<\/table>\n<p><em>Les contenus de ce site ont \u00e9t\u00e9 \u00e9labor\u00e9s par Jean-Marie PIERRAT,<br \/>\n<a href=\"http:\/\/www.mentor-multimedia.com\/\">MENTOR MULTIMEDIA<\/a>.<\/em><\/p>\n<p style=\"text-align: center;\"><em>Toute reproduction ou duplication sous quelque forme que ce soit est interdite.<\/em><\/p>\n","protected":false},"excerpt":{"rendered":"<p>Voici quelques fiches pratiques que vous pouvez afficher, et imprimer si besoin.\u00a0Certaines datent un peu, mais seront petit \u00e0 petit remises \u00e0 jour. N\u2019h\u00e9sitez pas \u00e0 faire part de vos remarques et suggestions\u00a0! &nbsp; Menu principal Les bases Internet et &hellip; <a href=\"https:\/\/mentor-multimedia.com\/index.php\/fiches-pratiques\/\">Continuer la lecture <span class=\"meta-nav\">&rarr;<\/span><\/a><\/p>\n","protected":false},"author":1,"featured_media":0,"parent":0,"menu_order":0,"comment_status":"closed","ping_status":"closed","template":"","meta":{"footnotes":""},"class_list":["post-79","page","type-page","status-publish","hentry"],"yoast_head":"<!-- This site is optimized with the Yoast SEO plugin v24.9 - https:\/\/yoast.com\/wordpress\/plugins\/seo\/ -->\n<title>Fiches pratiques - MENTOR Multim\u00e9dia<\/title>\n<meta name=\"robots\" content=\"index, follow, max-snippet:-1, max-image-preview:large, max-video-preview:-1\" \/>\n<link rel=\"canonical\" href=\"https:\/\/mentor-multimedia.com\/index.php\/fiches-pratiques\/\" \/>\n<meta property=\"og:locale\" content=\"fr_FR\" \/>\n<meta property=\"og:type\" content=\"article\" \/>\n<meta property=\"og:title\" content=\"Fiches pratiques - MENTOR Multim\u00e9dia\" \/>\n<meta property=\"og:description\" content=\"Voici quelques fiches pratiques que vous pouvez afficher, et imprimer si besoin.\u00a0Certaines datent un peu, mais seront petit \u00e0 petit remises \u00e0 jour. N\u2019h\u00e9sitez pas \u00e0 faire part de vos remarques et suggestions\u00a0! &nbsp; Menu principal Les bases Internet et &hellip; Continuer la lecture &rarr;\" \/>\n<meta property=\"og:url\" content=\"https:\/\/mentor-multimedia.com\/index.php\/fiches-pratiques\/\" \/>\n<meta property=\"og:site_name\" content=\"MENTOR Multim\u00e9dia\" \/>\n<meta property=\"article:modified_time\" content=\"2017-05-10T07:26:19+00:00\" \/>\n<meta name=\"twitter:card\" content=\"summary_large_image\" \/>\n<script type=\"application\/ld+json\" class=\"yoast-schema-graph\">{\"@context\":\"https:\/\/schema.org\",\"@graph\":[{\"@type\":\"WebPage\",\"@id\":\"https:\/\/mentor-multimedia.com\/index.php\/fiches-pratiques\/\",\"url\":\"https:\/\/mentor-multimedia.com\/index.php\/fiches-pratiques\/\",\"name\":\"Fiches pratiques - MENTOR Multim\u00e9dia\",\"isPartOf\":{\"@id\":\"https:\/\/mentor-multimedia.com\/#website\"},\"datePublished\":\"2017-05-08T13:47:09+00:00\",\"dateModified\":\"2017-05-10T07:26:19+00:00\",\"breadcrumb\":{\"@id\":\"https:\/\/mentor-multimedia.com\/index.php\/fiches-pratiques\/#breadcrumb\"},\"inLanguage\":\"fr-FR\",\"potentialAction\":[{\"@type\":\"ReadAction\",\"target\":[\"https:\/\/mentor-multimedia.com\/index.php\/fiches-pratiques\/\"]}]},{\"@type\":\"BreadcrumbList\",\"@id\":\"https:\/\/mentor-multimedia.com\/index.php\/fiches-pratiques\/#breadcrumb\",\"itemListElement\":[{\"@type\":\"ListItem\",\"position\":1,\"name\":\"Accueil\",\"item\":\"https:\/\/mentor-multimedia.com\/\"},{\"@type\":\"ListItem\",\"position\":2,\"name\":\"Fiches pratiques\"}]},{\"@type\":\"WebSite\",\"@id\":\"https:\/\/mentor-multimedia.com\/#website\",\"url\":\"https:\/\/mentor-multimedia.com\/\",\"name\":\"MENTOR Multim\u00e9dia - Services informatiques pour les particuliers\",\"description\":\"L&#039;informatique de proximit\u00e9 dans le Val d&#039;Oise\",\"potentialAction\":[{\"@type\":\"SearchAction\",\"target\":{\"@type\":\"EntryPoint\",\"urlTemplate\":\"https:\/\/mentor-multimedia.com\/?s={search_term_string}\"},\"query-input\":{\"@type\":\"PropertyValueSpecification\",\"valueRequired\":true,\"valueName\":\"search_term_string\"}}],\"inLanguage\":\"fr-FR\"}]}<\/script>\n<!-- \/ Yoast SEO plugin. -->","yoast_head_json":{"title":"Fiches pratiques - MENTOR Multim\u00e9dia","robots":{"index":"index","follow":"follow","max-snippet":"max-snippet:-1","max-image-preview":"max-image-preview:large","max-video-preview":"max-video-preview:-1"},"canonical":"https:\/\/mentor-multimedia.com\/index.php\/fiches-pratiques\/","og_locale":"fr_FR","og_type":"article","og_title":"Fiches pratiques - MENTOR Multim\u00e9dia","og_description":"Voici quelques fiches pratiques que vous pouvez afficher, et imprimer si besoin.\u00a0Certaines datent un peu, mais seront petit \u00e0 petit remises \u00e0 jour. N\u2019h\u00e9sitez pas \u00e0 faire part de vos remarques et suggestions\u00a0! &nbsp; Menu principal Les bases Internet et &hellip; Continuer la lecture &rarr;","og_url":"https:\/\/mentor-multimedia.com\/index.php\/fiches-pratiques\/","og_site_name":"MENTOR Multim\u00e9dia","article_modified_time":"2017-05-10T07:26:19+00:00","twitter_card":"summary_large_image","schema":{"@context":"https:\/\/schema.org","@graph":[{"@type":"WebPage","@id":"https:\/\/mentor-multimedia.com\/index.php\/fiches-pratiques\/","url":"https:\/\/mentor-multimedia.com\/index.php\/fiches-pratiques\/","name":"Fiches pratiques - MENTOR Multim\u00e9dia","isPartOf":{"@id":"https:\/\/mentor-multimedia.com\/#website"},"datePublished":"2017-05-08T13:47:09+00:00","dateModified":"2017-05-10T07:26:19+00:00","breadcrumb":{"@id":"https:\/\/mentor-multimedia.com\/index.php\/fiches-pratiques\/#breadcrumb"},"inLanguage":"fr-FR","potentialAction":[{"@type":"ReadAction","target":["https:\/\/mentor-multimedia.com\/index.php\/fiches-pratiques\/"]}]},{"@type":"BreadcrumbList","@id":"https:\/\/mentor-multimedia.com\/index.php\/fiches-pratiques\/#breadcrumb","itemListElement":[{"@type":"ListItem","position":1,"name":"Accueil","item":"https:\/\/mentor-multimedia.com\/"},{"@type":"ListItem","position":2,"name":"Fiches pratiques"}]},{"@type":"WebSite","@id":"https:\/\/mentor-multimedia.com\/#website","url":"https:\/\/mentor-multimedia.com\/","name":"MENTOR Multim\u00e9dia - Services informatiques pour les particuliers","description":"L&#039;informatique de proximit\u00e9 dans le Val d&#039;Oise","potentialAction":[{"@type":"SearchAction","target":{"@type":"EntryPoint","urlTemplate":"https:\/\/mentor-multimedia.com\/?s={search_term_string}"},"query-input":{"@type":"PropertyValueSpecification","valueRequired":true,"valueName":"search_term_string"}}],"inLanguage":"fr-FR"}]}},"_links":{"self":[{"href":"https:\/\/mentor-multimedia.com\/index.php\/wp-json\/wp\/v2\/pages\/79","targetHints":{"allow":["GET"]}}],"collection":[{"href":"https:\/\/mentor-multimedia.com\/index.php\/wp-json\/wp\/v2\/pages"}],"about":[{"href":"https:\/\/mentor-multimedia.com\/index.php\/wp-json\/wp\/v2\/types\/page"}],"author":[{"embeddable":true,"href":"https:\/\/mentor-multimedia.com\/index.php\/wp-json\/wp\/v2\/users\/1"}],"replies":[{"embeddable":true,"href":"https:\/\/mentor-multimedia.com\/index.php\/wp-json\/wp\/v2\/comments?post=79"}],"version-history":[{"count":7,"href":"https:\/\/mentor-multimedia.com\/index.php\/wp-json\/wp\/v2\/pages\/79\/revisions"}],"predecessor-version":[{"id":135,"href":"https:\/\/mentor-multimedia.com\/index.php\/wp-json\/wp\/v2\/pages\/79\/revisions\/135"}],"wp:attachment":[{"href":"https:\/\/mentor-multimedia.com\/index.php\/wp-json\/wp\/v2\/media?parent=79"}],"curies":[{"name":"wp","href":"https:\/\/api.w.org\/{rel}","templated":true}]}}