{"id":380,"date":"2019-03-10T08:35:37","date_gmt":"2019-03-10T07:35:37","guid":{"rendered":"https:\/\/mentor-multimedia.com\/?page_id=380"},"modified":"2019-03-10T08:35:37","modified_gmt":"2019-03-10T07:35:37","slug":"la-fibre-arrive-a-herouville-en-vexin","status":"publish","type":"page","link":"https:\/\/mentor-multimedia.com\/index.php\/la-fibre-arrive-a-herouville-en-vexin\/","title":{"rendered":"La fibre arrive \u00e0 H\u00e9rouville-en-Vexin"},"content":{"rendered":"\n<p>Juin 2018<\/p>\n\n\n\n<p>On l&rsquo;attendait avec impatience : elle est l\u00e0. Par contre, il est utile de v\u00e9rifier que votre logement est vraiment \u00e9ligible en <a rel=\"noreferrer noopener\" aria-label=\"testant votre adresse sur le site de Val d'Oise Fibre... (s\u2019ouvre dans un nouvel onglet)\" href=\"https:\/\/www.valdoisefibre.fr\/#\/test-eligibilite\" target=\"_blank\">testant votre adresse sur le site de Val d&rsquo;Oise Fibre&#8230;<\/a><\/p>\n\n\n\n<p><p>Vous pouvez visionner la vid\u00e9o de la r\u00e9union de pr\u00e9sentation (45 minutes) :<\/p>\n<iframe loading=\"lazy\" width=\"560\" height=\"315\" src=\"https:\/\/www.youtube.com\/embed\/P8kTTYEnk9M\" frameborder=\"0\" allow=\"accelerometer; autoplay; encrypted-media; gyroscope; picture-in-picture\" allowfullscreen=\"\"><\/iframe><\/p>\n\n\n\n<p>Vous vous posez des questions ? vous h\u00e9sitez ? <a href=\"https:\/\/mentor-multimedia.com\/index.php\/contact\/\">N&rsquo;h\u00e9sitez pas \u00e0 prendre contact !<\/a><\/p>\n","protected":false},"excerpt":{"rendered":"<p>Juin 2018 On l&rsquo;attendait avec impatience : elle est l\u00e0. Par contre, il est utile de v\u00e9rifier que votre logement est vraiment \u00e9ligible en testant votre adresse sur le site de Val d&rsquo;Oise Fibre&#8230; Vous pouvez visionner la vid\u00e9o de &hellip; <a href=\"https:\/\/mentor-multimedia.com\/index.php\/la-fibre-arrive-a-herouville-en-vexin\/\">Continuer la lecture <span class=\"meta-nav\">&rarr;<\/span><\/a><\/p>\n","protected":false},"author":1,"featured_media":0,"parent":0,"menu_order":0,"comment_status":"closed","ping_status":"closed","template":"","meta":{"footnotes":""},"class_list":["post-380","page","type-page","status-publish","hentry"],"yoast_head":"<!-- This site is optimized with the Yoast SEO plugin v24.9 - https:\/\/yoast.com\/wordpress\/plugins\/seo\/ -->\n<title>La fibre arrive \u00e0 H\u00e9rouville-en-Vexin - MENTOR Multim\u00e9dia<\/title>\n<meta name=\"robots\" content=\"index, follow, max-snippet:-1, max-image-preview:large, max-video-preview:-1\" \/>\n<link rel=\"canonical\" href=\"https:\/\/mentor-multimedia.com\/index.php\/la-fibre-arrive-a-herouville-en-vexin\/\" \/>\n<meta property=\"og:locale\" content=\"fr_FR\" \/>\n<meta property=\"og:type\" content=\"article\" \/>\n<meta property=\"og:title\" content=\"La fibre arrive \u00e0 H\u00e9rouville-en-Vexin - MENTOR Multim\u00e9dia\" \/>\n<meta property=\"og:description\" content=\"Juin 2018 On l&rsquo;attendait avec impatience : elle est l\u00e0. Par contre, il est utile de v\u00e9rifier que votre logement est vraiment \u00e9ligible en testant votre adresse sur le site de Val d&rsquo;Oise Fibre&#8230; Vous pouvez visionner la vid\u00e9o de &hellip; Continuer la lecture &rarr;\" \/>\n<meta property=\"og:url\" content=\"https:\/\/mentor-multimedia.com\/index.php\/la-fibre-arrive-a-herouville-en-vexin\/\" \/>\n<meta property=\"og:site_name\" content=\"MENTOR Multim\u00e9dia\" \/>\n<meta name=\"twitter:card\" content=\"summary_large_image\" \/>\n<script type=\"application\/ld+json\" class=\"yoast-schema-graph\">{\"@context\":\"https:\/\/schema.org\",\"@graph\":[{\"@type\":\"WebPage\",\"@id\":\"https:\/\/mentor-multimedia.com\/index.php\/la-fibre-arrive-a-herouville-en-vexin\/\",\"url\":\"https:\/\/mentor-multimedia.com\/index.php\/la-fibre-arrive-a-herouville-en-vexin\/\",\"name\":\"La fibre arrive \u00e0 H\u00e9rouville-en-Vexin - MENTOR Multim\u00e9dia\",\"isPartOf\":{\"@id\":\"https:\/\/mentor-multimedia.com\/#website\"},\"datePublished\":\"2019-03-10T07:35:37+00:00\",\"breadcrumb\":{\"@id\":\"https:\/\/mentor-multimedia.com\/index.php\/la-fibre-arrive-a-herouville-en-vexin\/#breadcrumb\"},\"inLanguage\":\"fr-FR\",\"potentialAction\":[{\"@type\":\"ReadAction\",\"target\":[\"https:\/\/mentor-multimedia.com\/index.php\/la-fibre-arrive-a-herouville-en-vexin\/\"]}]},{\"@type\":\"BreadcrumbList\",\"@id\":\"https:\/\/mentor-multimedia.com\/index.php\/la-fibre-arrive-a-herouville-en-vexin\/#breadcrumb\",\"itemListElement\":[{\"@type\":\"ListItem\",\"position\":1,\"name\":\"Accueil\",\"item\":\"https:\/\/mentor-multimedia.com\/\"},{\"@type\":\"ListItem\",\"position\":2,\"name\":\"La fibre arrive \u00e0 H\u00e9rouville-en-Vexin\"}]},{\"@type\":\"WebSite\",\"@id\":\"https:\/\/mentor-multimedia.com\/#website\",\"url\":\"https:\/\/mentor-multimedia.com\/\",\"name\":\"MENTOR Multim\u00e9dia - Services informatiques pour les particuliers\",\"description\":\"L&#039;informatique de proximit\u00e9 dans le Val d&#039;Oise\",\"potentialAction\":[{\"@type\":\"SearchAction\",\"target\":{\"@type\":\"EntryPoint\",\"urlTemplate\":\"https:\/\/mentor-multimedia.com\/?s={search_term_string}\"},\"query-input\":{\"@type\":\"PropertyValueSpecification\",\"valueRequired\":true,\"valueName\":\"search_term_string\"}}],\"inLanguage\":\"fr-FR\"}]}<\/script>\n<!-- \/ Yoast SEO plugin. -->","yoast_head_json":{"title":"La fibre arrive \u00e0 H\u00e9rouville-en-Vexin - MENTOR Multim\u00e9dia","robots":{"index":"index","follow":"follow","max-snippet":"max-snippet:-1","max-image-preview":"max-image-preview:large","max-video-preview":"max-video-preview:-1"},"canonical":"https:\/\/mentor-multimedia.com\/index.php\/la-fibre-arrive-a-herouville-en-vexin\/","og_locale":"fr_FR","og_type":"article","og_title":"La fibre arrive \u00e0 H\u00e9rouville-en-Vexin - MENTOR Multim\u00e9dia","og_description":"Juin 2018 On l&rsquo;attendait avec impatience : elle est l\u00e0. Par contre, il est utile de v\u00e9rifier que votre logement est vraiment \u00e9ligible en testant votre adresse sur le site de Val d&rsquo;Oise Fibre&#8230; Vous pouvez visionner la vid\u00e9o de &hellip; Continuer la lecture &rarr;","og_url":"https:\/\/mentor-multimedia.com\/index.php\/la-fibre-arrive-a-herouville-en-vexin\/","og_site_name":"MENTOR Multim\u00e9dia","twitter_card":"summary_large_image","schema":{"@context":"https:\/\/schema.org","@graph":[{"@type":"WebPage","@id":"https:\/\/mentor-multimedia.com\/index.php\/la-fibre-arrive-a-herouville-en-vexin\/","url":"https:\/\/mentor-multimedia.com\/index.php\/la-fibre-arrive-a-herouville-en-vexin\/","name":"La fibre arrive \u00e0 H\u00e9rouville-en-Vexin - MENTOR Multim\u00e9dia","isPartOf":{"@id":"https:\/\/mentor-multimedia.com\/#website"},"datePublished":"2019-03-10T07:35:37+00:00","breadcrumb":{"@id":"https:\/\/mentor-multimedia.com\/index.php\/la-fibre-arrive-a-herouville-en-vexin\/#breadcrumb"},"inLanguage":"fr-FR","potentialAction":[{"@type":"ReadAction","target":["https:\/\/mentor-multimedia.com\/index.php\/la-fibre-arrive-a-herouville-en-vexin\/"]}]},{"@type":"BreadcrumbList","@id":"https:\/\/mentor-multimedia.com\/index.php\/la-fibre-arrive-a-herouville-en-vexin\/#breadcrumb","itemListElement":[{"@type":"ListItem","position":1,"name":"Accueil","item":"https:\/\/mentor-multimedia.com\/"},{"@type":"ListItem","position":2,"name":"La fibre arrive \u00e0 H\u00e9rouville-en-Vexin"}]},{"@type":"WebSite","@id":"https:\/\/mentor-multimedia.com\/#website","url":"https:\/\/mentor-multimedia.com\/","name":"MENTOR Multim\u00e9dia - Services informatiques pour les particuliers","description":"L&#039;informatique de proximit\u00e9 dans le Val d&#039;Oise","potentialAction":[{"@type":"SearchAction","target":{"@type":"EntryPoint","urlTemplate":"https:\/\/mentor-multimedia.com\/?s={search_term_string}"},"query-input":{"@type":"PropertyValueSpecification","valueRequired":true,"valueName":"search_term_string"}}],"inLanguage":"fr-FR"}]}},"_links":{"self":[{"href":"https:\/\/mentor-multimedia.com\/index.php\/wp-json\/wp\/v2\/pages\/380","targetHints":{"allow":["GET"]}}],"collection":[{"href":"https:\/\/mentor-multimedia.com\/index.php\/wp-json\/wp\/v2\/pages"}],"about":[{"href":"https:\/\/mentor-multimedia.com\/index.php\/wp-json\/wp\/v2\/types\/page"}],"author":[{"embeddable":true,"href":"https:\/\/mentor-multimedia.com\/index.php\/wp-json\/wp\/v2\/users\/1"}],"replies":[{"embeddable":true,"href":"https:\/\/mentor-multimedia.com\/index.php\/wp-json\/wp\/v2\/comments?post=380"}],"version-history":[{"count":1,"href":"https:\/\/mentor-multimedia.com\/index.php\/wp-json\/wp\/v2\/pages\/380\/revisions"}],"predecessor-version":[{"id":382,"href":"https:\/\/mentor-multimedia.com\/index.php\/wp-json\/wp\/v2\/pages\/380\/revisions\/382"}],"wp:attachment":[{"href":"https:\/\/mentor-multimedia.com\/index.php\/wp-json\/wp\/v2\/media?parent=380"}],"curies":[{"name":"wp","href":"https:\/\/api.w.org\/{rel}","templated":true}]}}