{"id":373,"date":"2019-03-10T08:17:22","date_gmt":"2019-03-10T07:17:22","guid":{"rendered":"https:\/\/mentor-multimedia.com\/?page_id=373"},"modified":"2019-03-10T08:17:23","modified_gmt":"2019-03-10T07:17:23","slug":"2006-creation-de-mentor-multimedia","status":"publish","type":"page","link":"https:\/\/mentor-multimedia.com\/index.php\/2006-creation-de-mentor-multimedia\/","title":{"rendered":"2006 : Cr\u00e9ation de MENTOR Multim\u00e9dia"},"content":{"rendered":"\n<p>Article dans le journal \u00ab\u00a0Le panorama\u00a0\u00bb (la Gazette), 26 avril 2006<\/p>\n\n\n\n<figure class=\"wp-block-image\"><img loading=\"lazy\" decoding=\"async\" width=\"1024\" height=\"744\" src=\"https:\/\/mentor-multimedia.com\/wp-content\/uploads\/2019\/03\/panorama-p1-1024x744.jpg\" alt=\"\" class=\"wp-image-374\" srcset=\"https:\/\/mentor-multimedia.com\/wp-content\/uploads\/2019\/03\/panorama-p1-1024x744.jpg 1024w, https:\/\/mentor-multimedia.com\/wp-content\/uploads\/2019\/03\/panorama-p1-300x218.jpg 300w, https:\/\/mentor-multimedia.com\/wp-content\/uploads\/2019\/03\/panorama-p1-768x558.jpg 768w, https:\/\/mentor-multimedia.com\/wp-content\/uploads\/2019\/03\/panorama-p1-250x182.jpg 250w, https:\/\/mentor-multimedia.com\/wp-content\/uploads\/2019\/03\/panorama-p1-413x300.jpg 413w\" sizes=\"auto, (max-width: 1024px) 100vw, 1024px\" \/><\/figure>\n\n\n\n<figure class=\"wp-block-image\"><img loading=\"lazy\" decoding=\"async\" width=\"1024\" height=\"1017\" src=\"https:\/\/mentor-multimedia.com\/wp-content\/uploads\/2019\/03\/panorama-p3-1-1024x1017.jpg\" alt=\"\" class=\"wp-image-376\" srcset=\"https:\/\/mentor-multimedia.com\/wp-content\/uploads\/2019\/03\/panorama-p3-1-1024x1017.jpg 1024w, https:\/\/mentor-multimedia.com\/wp-content\/uploads\/2019\/03\/panorama-p3-1-150x150.jpg 150w, https:\/\/mentor-multimedia.com\/wp-content\/uploads\/2019\/03\/panorama-p3-1-300x298.jpg 300w, https:\/\/mentor-multimedia.com\/wp-content\/uploads\/2019\/03\/panorama-p3-1-768x763.jpg 768w, https:\/\/mentor-multimedia.com\/wp-content\/uploads\/2019\/03\/panorama-p3-1-250x248.jpg 250w, https:\/\/mentor-multimedia.com\/wp-content\/uploads\/2019\/03\/panorama-p3-1-302x300.jpg 302w, https:\/\/mentor-multimedia.com\/wp-content\/uploads\/2019\/03\/panorama-p3-1.jpg 1662w\" sizes=\"auto, (max-width: 1024px) 100vw, 1024px\" \/><\/figure>\n","protected":false},"excerpt":{"rendered":"<p>Article dans le journal \u00ab\u00a0Le panorama\u00a0\u00bb (la Gazette), 26 avril 2006<\/p>\n","protected":false},"author":1,"featured_media":0,"parent":0,"menu_order":0,"comment_status":"closed","ping_status":"closed","template":"","meta":{"footnotes":""},"class_list":["post-373","page","type-page","status-publish","hentry"],"yoast_head":"<!-- This site is optimized with the Yoast SEO plugin v24.9 - https:\/\/yoast.com\/wordpress\/plugins\/seo\/ -->\n<title>2006 : Cr\u00e9ation de MENTOR Multim\u00e9dia - MENTOR Multim\u00e9dia<\/title>\n<meta name=\"robots\" content=\"index, follow, max-snippet:-1, max-image-preview:large, max-video-preview:-1\" \/>\n<link rel=\"canonical\" href=\"https:\/\/mentor-multimedia.com\/index.php\/2006-creation-de-mentor-multimedia\/\" \/>\n<meta property=\"og:locale\" content=\"fr_FR\" \/>\n<meta property=\"og:type\" content=\"article\" \/>\n<meta property=\"og:title\" content=\"2006 : Cr\u00e9ation de MENTOR Multim\u00e9dia - MENTOR Multim\u00e9dia\" \/>\n<meta property=\"og:description\" content=\"Article dans le journal \u00ab\u00a0Le panorama\u00a0\u00bb (la Gazette), 26 avril 2006\" \/>\n<meta property=\"og:url\" content=\"https:\/\/mentor-multimedia.com\/index.php\/2006-creation-de-mentor-multimedia\/\" \/>\n<meta property=\"og:site_name\" content=\"MENTOR Multim\u00e9dia\" \/>\n<meta property=\"article:modified_time\" content=\"2019-03-10T07:17:23+00:00\" \/>\n<meta property=\"og:image\" content=\"https:\/\/mentor-multimedia.com\/wp-content\/uploads\/2019\/03\/panorama-p1-1024x744.jpg\" \/>\n<meta name=\"twitter:card\" content=\"summary_large_image\" \/>\n<script type=\"application\/ld+json\" class=\"yoast-schema-graph\">{\"@context\":\"https:\/\/schema.org\",\"@graph\":[{\"@type\":\"WebPage\",\"@id\":\"https:\/\/mentor-multimedia.com\/index.php\/2006-creation-de-mentor-multimedia\/\",\"url\":\"https:\/\/mentor-multimedia.com\/index.php\/2006-creation-de-mentor-multimedia\/\",\"name\":\"2006 : Cr\u00e9ation de MENTOR Multim\u00e9dia - MENTOR Multim\u00e9dia\",\"isPartOf\":{\"@id\":\"https:\/\/mentor-multimedia.com\/#website\"},\"primaryImageOfPage\":{\"@id\":\"https:\/\/mentor-multimedia.com\/index.php\/2006-creation-de-mentor-multimedia\/#primaryimage\"},\"image\":{\"@id\":\"https:\/\/mentor-multimedia.com\/index.php\/2006-creation-de-mentor-multimedia\/#primaryimage\"},\"thumbnailUrl\":\"https:\/\/mentor-multimedia.com\/wp-content\/uploads\/2019\/03\/panorama-p1-1024x744.jpg\",\"datePublished\":\"2019-03-10T07:17:22+00:00\",\"dateModified\":\"2019-03-10T07:17:23+00:00\",\"breadcrumb\":{\"@id\":\"https:\/\/mentor-multimedia.com\/index.php\/2006-creation-de-mentor-multimedia\/#breadcrumb\"},\"inLanguage\":\"fr-FR\",\"potentialAction\":[{\"@type\":\"ReadAction\",\"target\":[\"https:\/\/mentor-multimedia.com\/index.php\/2006-creation-de-mentor-multimedia\/\"]}]},{\"@type\":\"ImageObject\",\"inLanguage\":\"fr-FR\",\"@id\":\"https:\/\/mentor-multimedia.com\/index.php\/2006-creation-de-mentor-multimedia\/#primaryimage\",\"url\":\"https:\/\/mentor-multimedia.com\/wp-content\/uploads\/2019\/03\/panorama-p1.jpg\",\"contentUrl\":\"https:\/\/mentor-multimedia.com\/wp-content\/uploads\/2019\/03\/panorama-p1.jpg\",\"width\":2340,\"height\":1700},{\"@type\":\"BreadcrumbList\",\"@id\":\"https:\/\/mentor-multimedia.com\/index.php\/2006-creation-de-mentor-multimedia\/#breadcrumb\",\"itemListElement\":[{\"@type\":\"ListItem\",\"position\":1,\"name\":\"Accueil\",\"item\":\"https:\/\/mentor-multimedia.com\/\"},{\"@type\":\"ListItem\",\"position\":2,\"name\":\"2006 : Cr\u00e9ation de MENTOR Multim\u00e9dia\"}]},{\"@type\":\"WebSite\",\"@id\":\"https:\/\/mentor-multimedia.com\/#website\",\"url\":\"https:\/\/mentor-multimedia.com\/\",\"name\":\"MENTOR Multim\u00e9dia - Services informatiques pour les particuliers\",\"description\":\"L&#039;informatique de proximit\u00e9 dans le Val d&#039;Oise\",\"potentialAction\":[{\"@type\":\"SearchAction\",\"target\":{\"@type\":\"EntryPoint\",\"urlTemplate\":\"https:\/\/mentor-multimedia.com\/?s={search_term_string}\"},\"query-input\":{\"@type\":\"PropertyValueSpecification\",\"valueRequired\":true,\"valueName\":\"search_term_string\"}}],\"inLanguage\":\"fr-FR\"}]}<\/script>\n<!-- \/ Yoast SEO plugin. -->","yoast_head_json":{"title":"2006 : Cr\u00e9ation de MENTOR Multim\u00e9dia - MENTOR Multim\u00e9dia","robots":{"index":"index","follow":"follow","max-snippet":"max-snippet:-1","max-image-preview":"max-image-preview:large","max-video-preview":"max-video-preview:-1"},"canonical":"https:\/\/mentor-multimedia.com\/index.php\/2006-creation-de-mentor-multimedia\/","og_locale":"fr_FR","og_type":"article","og_title":"2006 : Cr\u00e9ation de MENTOR Multim\u00e9dia - MENTOR Multim\u00e9dia","og_description":"Article dans le journal \u00ab\u00a0Le panorama\u00a0\u00bb (la Gazette), 26 avril 2006","og_url":"https:\/\/mentor-multimedia.com\/index.php\/2006-creation-de-mentor-multimedia\/","og_site_name":"MENTOR Multim\u00e9dia","article_modified_time":"2019-03-10T07:17:23+00:00","og_image":[{"url":"https:\/\/mentor-multimedia.com\/wp-content\/uploads\/2019\/03\/panorama-p1-1024x744.jpg","type":"","width":"","height":""}],"twitter_card":"summary_large_image","schema":{"@context":"https:\/\/schema.org","@graph":[{"@type":"WebPage","@id":"https:\/\/mentor-multimedia.com\/index.php\/2006-creation-de-mentor-multimedia\/","url":"https:\/\/mentor-multimedia.com\/index.php\/2006-creation-de-mentor-multimedia\/","name":"2006 : Cr\u00e9ation de MENTOR Multim\u00e9dia - MENTOR Multim\u00e9dia","isPartOf":{"@id":"https:\/\/mentor-multimedia.com\/#website"},"primaryImageOfPage":{"@id":"https:\/\/mentor-multimedia.com\/index.php\/2006-creation-de-mentor-multimedia\/#primaryimage"},"image":{"@id":"https:\/\/mentor-multimedia.com\/index.php\/2006-creation-de-mentor-multimedia\/#primaryimage"},"thumbnailUrl":"https:\/\/mentor-multimedia.com\/wp-content\/uploads\/2019\/03\/panorama-p1-1024x744.jpg","datePublished":"2019-03-10T07:17:22+00:00","dateModified":"2019-03-10T07:17:23+00:00","breadcrumb":{"@id":"https:\/\/mentor-multimedia.com\/index.php\/2006-creation-de-mentor-multimedia\/#breadcrumb"},"inLanguage":"fr-FR","potentialAction":[{"@type":"ReadAction","target":["https:\/\/mentor-multimedia.com\/index.php\/2006-creation-de-mentor-multimedia\/"]}]},{"@type":"ImageObject","inLanguage":"fr-FR","@id":"https:\/\/mentor-multimedia.com\/index.php\/2006-creation-de-mentor-multimedia\/#primaryimage","url":"https:\/\/mentor-multimedia.com\/wp-content\/uploads\/2019\/03\/panorama-p1.jpg","contentUrl":"https:\/\/mentor-multimedia.com\/wp-content\/uploads\/2019\/03\/panorama-p1.jpg","width":2340,"height":1700},{"@type":"BreadcrumbList","@id":"https:\/\/mentor-multimedia.com\/index.php\/2006-creation-de-mentor-multimedia\/#breadcrumb","itemListElement":[{"@type":"ListItem","position":1,"name":"Accueil","item":"https:\/\/mentor-multimedia.com\/"},{"@type":"ListItem","position":2,"name":"2006 : Cr\u00e9ation de MENTOR Multim\u00e9dia"}]},{"@type":"WebSite","@id":"https:\/\/mentor-multimedia.com\/#website","url":"https:\/\/mentor-multimedia.com\/","name":"MENTOR Multim\u00e9dia - Services informatiques pour les particuliers","description":"L&#039;informatique de proximit\u00e9 dans le Val d&#039;Oise","potentialAction":[{"@type":"SearchAction","target":{"@type":"EntryPoint","urlTemplate":"https:\/\/mentor-multimedia.com\/?s={search_term_string}"},"query-input":{"@type":"PropertyValueSpecification","valueRequired":true,"valueName":"search_term_string"}}],"inLanguage":"fr-FR"}]}},"_links":{"self":[{"href":"https:\/\/mentor-multimedia.com\/index.php\/wp-json\/wp\/v2\/pages\/373","targetHints":{"allow":["GET"]}}],"collection":[{"href":"https:\/\/mentor-multimedia.com\/index.php\/wp-json\/wp\/v2\/pages"}],"about":[{"href":"https:\/\/mentor-multimedia.com\/index.php\/wp-json\/wp\/v2\/types\/page"}],"author":[{"embeddable":true,"href":"https:\/\/mentor-multimedia.com\/index.php\/wp-json\/wp\/v2\/users\/1"}],"replies":[{"embeddable":true,"href":"https:\/\/mentor-multimedia.com\/index.php\/wp-json\/wp\/v2\/comments?post=373"}],"version-history":[{"count":1,"href":"https:\/\/mentor-multimedia.com\/index.php\/wp-json\/wp\/v2\/pages\/373\/revisions"}],"predecessor-version":[{"id":378,"href":"https:\/\/mentor-multimedia.com\/index.php\/wp-json\/wp\/v2\/pages\/373\/revisions\/378"}],"wp:attachment":[{"href":"https:\/\/mentor-multimedia.com\/index.php\/wp-json\/wp\/v2\/media?parent=373"}],"curies":[{"name":"wp","href":"https:\/\/api.w.org\/{rel}","templated":true}]}}