{"id":352,"date":"2019-03-09T18:48:10","date_gmt":"2019-03-09T17:48:10","guid":{"rendered":"https:\/\/mentor-multimedia.com\/?page_id=352"},"modified":"2019-03-09T18:48:10","modified_gmt":"2019-03-09T17:48:10","slug":"la-fibre-arrive-a-livilliers-et-genicourt","status":"publish","type":"page","link":"https:\/\/mentor-multimedia.com\/index.php\/la-fibre-arrive-a-livilliers-et-genicourt\/","title":{"rendered":"La fibre arrive \u00e0 LIVILLIERS et GENICOURT"},"content":{"rendered":"\n<p>F\u00e9vrier 2019<\/p>\n\n\n\n<p>Bonne nouvelle ! La fibre optique commence \u00e0 \u00eatre commercialis\u00e9e dans ces deux communes. Mais attention : tous les logements ne sont pas tous raccord\u00e9s&#8230; Vous voulez en avoir le c\u0153ur net ? Testez votre adresse <a rel=\"noreferrer noopener\" aria-label=\"sur le site de Val d'Oise Fibre (s\u2019ouvre dans un nouvel onglet)\" href=\"https:\/\/www.valdoisefibre.fr\/#\/test-eligibilite\" target=\"_blank\">sur le site de Val d&rsquo;Oise Fibre<\/a>.<\/p>\n\n\n\n<div class=\"wp-block-image\"><figure class=\"alignright is-resized\"><img loading=\"lazy\" decoding=\"async\" src=\"https:\/\/mentor-multimedia.com\/wp-content\/uploads\/2018\/09\/fibre-1024x640.jpg\" alt=\"\" class=\"wp-image-259\" width=\"243\" height=\"151\" srcset=\"https:\/\/mentor-multimedia.com\/wp-content\/uploads\/2018\/09\/fibre-1024x640.jpg 1024w, https:\/\/mentor-multimedia.com\/wp-content\/uploads\/2018\/09\/fibre-300x188.jpg 300w, https:\/\/mentor-multimedia.com\/wp-content\/uploads\/2018\/09\/fibre-768x480.jpg 768w, https:\/\/mentor-multimedia.com\/wp-content\/uploads\/2018\/09\/fibre-250x156.jpg 250w, https:\/\/mentor-multimedia.com\/wp-content\/uploads\/2018\/09\/fibre-480x300.jpg 480w, https:\/\/mentor-multimedia.com\/wp-content\/uploads\/2018\/09\/fibre.jpg 1080w\" sizes=\"auto, (max-width: 243px) 100vw, 243px\" \/><\/figure><\/div>\n\n\n\n<p>Vous voulez en savoir plus ? Vous vous posez des questions ?Vous ne savez pas vers quel op\u00e9rateur vous tourner ? N&rsquo;h\u00e9sitez pas <a href=\"https:\/\/mentor-multimedia.com\/index.php\/contact\/\">\u00e0 me contacter<\/a>&#8230;<\/p>\n","protected":false},"excerpt":{"rendered":"<p>F\u00e9vrier 2019 Bonne nouvelle ! La fibre optique commence \u00e0 \u00eatre commercialis\u00e9e dans ces deux communes. Mais attention : tous les logements ne sont pas tous raccord\u00e9s&#8230; Vous voulez en avoir le c\u0153ur net ? Testez votre adresse sur le &hellip; <a href=\"https:\/\/mentor-multimedia.com\/index.php\/la-fibre-arrive-a-livilliers-et-genicourt\/\">Continuer la lecture <span class=\"meta-nav\">&rarr;<\/span><\/a><\/p>\n","protected":false},"author":1,"featured_media":0,"parent":0,"menu_order":0,"comment_status":"closed","ping_status":"closed","template":"","meta":{"footnotes":""},"class_list":["post-352","page","type-page","status-publish","hentry"],"yoast_head":"<!-- This site is optimized with the Yoast SEO plugin v24.9 - https:\/\/yoast.com\/wordpress\/plugins\/seo\/ -->\n<title>La fibre arrive \u00e0 LIVILLIERS et GENICOURT - MENTOR Multim\u00e9dia<\/title>\n<meta name=\"robots\" content=\"index, follow, max-snippet:-1, max-image-preview:large, max-video-preview:-1\" \/>\n<link rel=\"canonical\" href=\"https:\/\/mentor-multimedia.com\/index.php\/la-fibre-arrive-a-livilliers-et-genicourt\/\" \/>\n<meta property=\"og:locale\" content=\"fr_FR\" \/>\n<meta property=\"og:type\" content=\"article\" \/>\n<meta property=\"og:title\" content=\"La fibre arrive \u00e0 LIVILLIERS et GENICOURT - MENTOR Multim\u00e9dia\" \/>\n<meta property=\"og:description\" content=\"F\u00e9vrier 2019 Bonne nouvelle ! La fibre optique commence \u00e0 \u00eatre commercialis\u00e9e dans ces deux communes. Mais attention : tous les logements ne sont pas tous raccord\u00e9s&#8230; Vous voulez en avoir le c\u0153ur net ? Testez votre adresse sur le &hellip; Continuer la lecture &rarr;\" \/>\n<meta property=\"og:url\" content=\"https:\/\/mentor-multimedia.com\/index.php\/la-fibre-arrive-a-livilliers-et-genicourt\/\" \/>\n<meta property=\"og:site_name\" content=\"MENTOR Multim\u00e9dia\" \/>\n<meta property=\"og:image\" content=\"https:\/\/mentor-multimedia.com\/wp-content\/uploads\/2018\/09\/fibre-1024x640.jpg\" \/>\n<meta name=\"twitter:card\" content=\"summary_large_image\" \/>\n<script type=\"application\/ld+json\" class=\"yoast-schema-graph\">{\"@context\":\"https:\/\/schema.org\",\"@graph\":[{\"@type\":\"WebPage\",\"@id\":\"https:\/\/mentor-multimedia.com\/index.php\/la-fibre-arrive-a-livilliers-et-genicourt\/\",\"url\":\"https:\/\/mentor-multimedia.com\/index.php\/la-fibre-arrive-a-livilliers-et-genicourt\/\",\"name\":\"La fibre arrive \u00e0 LIVILLIERS et GENICOURT - MENTOR Multim\u00e9dia\",\"isPartOf\":{\"@id\":\"https:\/\/mentor-multimedia.com\/#website\"},\"primaryImageOfPage\":{\"@id\":\"https:\/\/mentor-multimedia.com\/index.php\/la-fibre-arrive-a-livilliers-et-genicourt\/#primaryimage\"},\"image\":{\"@id\":\"https:\/\/mentor-multimedia.com\/index.php\/la-fibre-arrive-a-livilliers-et-genicourt\/#primaryimage\"},\"thumbnailUrl\":\"https:\/\/mentor-multimedia.com\/wp-content\/uploads\/2018\/09\/fibre-1024x640.jpg\",\"datePublished\":\"2019-03-09T17:48:10+00:00\",\"breadcrumb\":{\"@id\":\"https:\/\/mentor-multimedia.com\/index.php\/la-fibre-arrive-a-livilliers-et-genicourt\/#breadcrumb\"},\"inLanguage\":\"fr-FR\",\"potentialAction\":[{\"@type\":\"ReadAction\",\"target\":[\"https:\/\/mentor-multimedia.com\/index.php\/la-fibre-arrive-a-livilliers-et-genicourt\/\"]}]},{\"@type\":\"ImageObject\",\"inLanguage\":\"fr-FR\",\"@id\":\"https:\/\/mentor-multimedia.com\/index.php\/la-fibre-arrive-a-livilliers-et-genicourt\/#primaryimage\",\"url\":\"https:\/\/mentor-multimedia.com\/wp-content\/uploads\/2018\/09\/fibre.jpg\",\"contentUrl\":\"https:\/\/mentor-multimedia.com\/wp-content\/uploads\/2018\/09\/fibre.jpg\",\"width\":1080,\"height\":675},{\"@type\":\"BreadcrumbList\",\"@id\":\"https:\/\/mentor-multimedia.com\/index.php\/la-fibre-arrive-a-livilliers-et-genicourt\/#breadcrumb\",\"itemListElement\":[{\"@type\":\"ListItem\",\"position\":1,\"name\":\"Accueil\",\"item\":\"https:\/\/mentor-multimedia.com\/\"},{\"@type\":\"ListItem\",\"position\":2,\"name\":\"La fibre arrive \u00e0 LIVILLIERS et GENICOURT\"}]},{\"@type\":\"WebSite\",\"@id\":\"https:\/\/mentor-multimedia.com\/#website\",\"url\":\"https:\/\/mentor-multimedia.com\/\",\"name\":\"MENTOR Multim\u00e9dia - Services informatiques pour les particuliers\",\"description\":\"L&#039;informatique de proximit\u00e9 dans le Val d&#039;Oise\",\"potentialAction\":[{\"@type\":\"SearchAction\",\"target\":{\"@type\":\"EntryPoint\",\"urlTemplate\":\"https:\/\/mentor-multimedia.com\/?s={search_term_string}\"},\"query-input\":{\"@type\":\"PropertyValueSpecification\",\"valueRequired\":true,\"valueName\":\"search_term_string\"}}],\"inLanguage\":\"fr-FR\"}]}<\/script>\n<!-- \/ Yoast SEO plugin. -->","yoast_head_json":{"title":"La fibre arrive \u00e0 LIVILLIERS et GENICOURT - MENTOR Multim\u00e9dia","robots":{"index":"index","follow":"follow","max-snippet":"max-snippet:-1","max-image-preview":"max-image-preview:large","max-video-preview":"max-video-preview:-1"},"canonical":"https:\/\/mentor-multimedia.com\/index.php\/la-fibre-arrive-a-livilliers-et-genicourt\/","og_locale":"fr_FR","og_type":"article","og_title":"La fibre arrive \u00e0 LIVILLIERS et GENICOURT - MENTOR Multim\u00e9dia","og_description":"F\u00e9vrier 2019 Bonne nouvelle ! La fibre optique commence \u00e0 \u00eatre commercialis\u00e9e dans ces deux communes. Mais attention : tous les logements ne sont pas tous raccord\u00e9s&#8230; Vous voulez en avoir le c\u0153ur net ? Testez votre adresse sur le &hellip; Continuer la lecture &rarr;","og_url":"https:\/\/mentor-multimedia.com\/index.php\/la-fibre-arrive-a-livilliers-et-genicourt\/","og_site_name":"MENTOR Multim\u00e9dia","og_image":[{"url":"https:\/\/mentor-multimedia.com\/wp-content\/uploads\/2018\/09\/fibre-1024x640.jpg","type":"","width":"","height":""}],"twitter_card":"summary_large_image","schema":{"@context":"https:\/\/schema.org","@graph":[{"@type":"WebPage","@id":"https:\/\/mentor-multimedia.com\/index.php\/la-fibre-arrive-a-livilliers-et-genicourt\/","url":"https:\/\/mentor-multimedia.com\/index.php\/la-fibre-arrive-a-livilliers-et-genicourt\/","name":"La fibre arrive \u00e0 LIVILLIERS et GENICOURT - MENTOR Multim\u00e9dia","isPartOf":{"@id":"https:\/\/mentor-multimedia.com\/#website"},"primaryImageOfPage":{"@id":"https:\/\/mentor-multimedia.com\/index.php\/la-fibre-arrive-a-livilliers-et-genicourt\/#primaryimage"},"image":{"@id":"https:\/\/mentor-multimedia.com\/index.php\/la-fibre-arrive-a-livilliers-et-genicourt\/#primaryimage"},"thumbnailUrl":"https:\/\/mentor-multimedia.com\/wp-content\/uploads\/2018\/09\/fibre-1024x640.jpg","datePublished":"2019-03-09T17:48:10+00:00","breadcrumb":{"@id":"https:\/\/mentor-multimedia.com\/index.php\/la-fibre-arrive-a-livilliers-et-genicourt\/#breadcrumb"},"inLanguage":"fr-FR","potentialAction":[{"@type":"ReadAction","target":["https:\/\/mentor-multimedia.com\/index.php\/la-fibre-arrive-a-livilliers-et-genicourt\/"]}]},{"@type":"ImageObject","inLanguage":"fr-FR","@id":"https:\/\/mentor-multimedia.com\/index.php\/la-fibre-arrive-a-livilliers-et-genicourt\/#primaryimage","url":"https:\/\/mentor-multimedia.com\/wp-content\/uploads\/2018\/09\/fibre.jpg","contentUrl":"https:\/\/mentor-multimedia.com\/wp-content\/uploads\/2018\/09\/fibre.jpg","width":1080,"height":675},{"@type":"BreadcrumbList","@id":"https:\/\/mentor-multimedia.com\/index.php\/la-fibre-arrive-a-livilliers-et-genicourt\/#breadcrumb","itemListElement":[{"@type":"ListItem","position":1,"name":"Accueil","item":"https:\/\/mentor-multimedia.com\/"},{"@type":"ListItem","position":2,"name":"La fibre arrive \u00e0 LIVILLIERS et GENICOURT"}]},{"@type":"WebSite","@id":"https:\/\/mentor-multimedia.com\/#website","url":"https:\/\/mentor-multimedia.com\/","name":"MENTOR Multim\u00e9dia - Services informatiques pour les particuliers","description":"L&#039;informatique de proximit\u00e9 dans le Val d&#039;Oise","potentialAction":[{"@type":"SearchAction","target":{"@type":"EntryPoint","urlTemplate":"https:\/\/mentor-multimedia.com\/?s={search_term_string}"},"query-input":{"@type":"PropertyValueSpecification","valueRequired":true,"valueName":"search_term_string"}}],"inLanguage":"fr-FR"}]}},"_links":{"self":[{"href":"https:\/\/mentor-multimedia.com\/index.php\/wp-json\/wp\/v2\/pages\/352","targetHints":{"allow":["GET"]}}],"collection":[{"href":"https:\/\/mentor-multimedia.com\/index.php\/wp-json\/wp\/v2\/pages"}],"about":[{"href":"https:\/\/mentor-multimedia.com\/index.php\/wp-json\/wp\/v2\/types\/page"}],"author":[{"embeddable":true,"href":"https:\/\/mentor-multimedia.com\/index.php\/wp-json\/wp\/v2\/users\/1"}],"replies":[{"embeddable":true,"href":"https:\/\/mentor-multimedia.com\/index.php\/wp-json\/wp\/v2\/comments?post=352"}],"version-history":[{"count":1,"href":"https:\/\/mentor-multimedia.com\/index.php\/wp-json\/wp\/v2\/pages\/352\/revisions"}],"predecessor-version":[{"id":354,"href":"https:\/\/mentor-multimedia.com\/index.php\/wp-json\/wp\/v2\/pages\/352\/revisions\/354"}],"wp:attachment":[{"href":"https:\/\/mentor-multimedia.com\/index.php\/wp-json\/wp\/v2\/media?parent=352"}],"curies":[{"name":"wp","href":"https:\/\/api.w.org\/{rel}","templated":true}]}}