{"id":346,"date":"2019-03-09T18:37:02","date_gmt":"2019-03-09T17:37:02","guid":{"rendered":"https:\/\/mentor-multimedia.com\/?page_id=346"},"modified":"2019-03-10T17:52:40","modified_gmt":"2019-03-10T16:52:40","slug":"votre-smartphone-a-letranger","status":"publish","type":"page","link":"https:\/\/mentor-multimedia.com\/index.php\/votre-smartphone-a-letranger\/","title":{"rendered":"Votre smartphone \u00e0 l&rsquo;\u00e9tranger&#8230;"},"content":{"rendered":"\n<p>Juin 2017<\/p>\n\n\n\n<p>Depuis juin 2017, il devient plus facile (et surtout moins cher !) d&rsquo;utiliser votre smartphone depuis un des 28 pays de l&rsquo;Union Europ\u00e9enne (attention : la Suisse n&rsquo;en fait pas partie&#8230; et peut-\u00eatre bient\u00f4t la Grande Bretagne ?).<\/p>\n\n\n\n<div class=\"wp-block-image\"><figure class=\"alignright\"><img loading=\"lazy\" decoding=\"async\" width=\"340\" height=\"340\" src=\"https:\/\/mentor-multimedia.com\/wp-content\/uploads\/2019\/03\/smartphone-1.jpg\" alt=\"\" class=\"wp-image-348\" srcset=\"https:\/\/mentor-multimedia.com\/wp-content\/uploads\/2019\/03\/smartphone-1.jpg 340w, https:\/\/mentor-multimedia.com\/wp-content\/uploads\/2019\/03\/smartphone-1-150x150.jpg 150w, https:\/\/mentor-multimedia.com\/wp-content\/uploads\/2019\/03\/smartphone-1-300x300.jpg 300w, https:\/\/mentor-multimedia.com\/wp-content\/uploads\/2019\/03\/smartphone-1-250x250.jpg 250w\" sizes=\"auto, (max-width: 340px) 100vw, 340px\" \/><\/figure><\/div>\n\n\n\n<p>Depuis cette date donc, avec votre smartphone, vous pouvez t\u00e9l\u00e9phoner, envoyer des SMS et aller sur internet depuis un de ces pays comme si vous \u00e9tiez en France.<\/p>\n\n\n\n<p>Attention : il peut y avoir quand m\u00eame des limites plus restrictives que celles que vous utilisez habituellement en France. Il est bon quand m\u00eame de surveiller votre consommation (Par exemple, si vous \u00eates client chez Orange, utilisez l&rsquo;application \u00ab\u00a0<a rel=\"noreferrer noopener\" aria-label=\"Orange et Moi (s\u2019ouvre dans un nouvel onglet)\" href=\"https:\/\/orangeetmoi.orange.fr\/orange\/index.php\" target=\"_blank\">Orange et moi<\/a>\u00ab\u00a0).<\/p>\n\n\n\n<p>Il y a donc moins de risque d&rsquo;avoir une mauvaise surprise sur votre compte bancaire en rentrant de voyage. C&rsquo;est une bonne nouvelle !<\/p>\n\n\n\n<div class=\"wp-block-image\"><figure class=\"alignright\"><img loading=\"lazy\" decoding=\"async\" width=\"366\" height=\"210\" src=\"https:\/\/mentor-multimedia.com\/wp-content\/uploads\/2019\/03\/donn\u00e9es-mobiles-2.jpg\" alt=\"\" class=\"wp-image-386\" srcset=\"https:\/\/mentor-multimedia.com\/wp-content\/uploads\/2019\/03\/donn\u00e9es-mobiles-2.jpg 366w, https:\/\/mentor-multimedia.com\/wp-content\/uploads\/2019\/03\/donn\u00e9es-mobiles-2-300x172.jpg 300w, https:\/\/mentor-multimedia.com\/wp-content\/uploads\/2019\/03\/donn\u00e9es-mobiles-2-250x143.jpg 250w\" sizes=\"auto, (max-width: 366px) 100vw, 366px\" \/><\/figure><\/div>\n\n\n\n<p>Dans un autre pays \u00e9tranger, \u00e0 moins que vous n&rsquo;ayez bien v\u00e9rifi\u00e9 vous le permette, je vous sugg\u00e8re plus que fortement de couper les \u00ab\u00a0donn\u00e9es mobiles\u00a0\u00bb sur votre smartphone d\u00e8s que vous n&rsquo;en avez pas express\u00e9ment besoin&#8230;<\/p>\n","protected":false},"excerpt":{"rendered":"<p>Juin 2017 Depuis juin 2017, il devient plus facile (et surtout moins cher !) d&rsquo;utiliser votre smartphone depuis un des 28 pays de l&rsquo;Union Europ\u00e9enne (attention : la Suisse n&rsquo;en fait pas partie&#8230; et peut-\u00eatre bient\u00f4t la Grande Bretagne ?). &hellip; <a href=\"https:\/\/mentor-multimedia.com\/index.php\/votre-smartphone-a-letranger\/\">Continuer la lecture <span class=\"meta-nav\">&rarr;<\/span><\/a><\/p>\n","protected":false},"author":1,"featured_media":0,"parent":0,"menu_order":0,"comment_status":"closed","ping_status":"closed","template":"","meta":{"footnotes":""},"class_list":["post-346","page","type-page","status-publish","hentry"],"yoast_head":"<!-- This site is optimized with the Yoast SEO plugin v24.9 - https:\/\/yoast.com\/wordpress\/plugins\/seo\/ -->\n<title>Votre smartphone \u00e0 l&#039;\u00e9tranger... - MENTOR Multim\u00e9dia<\/title>\n<meta name=\"robots\" content=\"index, follow, max-snippet:-1, max-image-preview:large, max-video-preview:-1\" \/>\n<link rel=\"canonical\" href=\"https:\/\/mentor-multimedia.com\/index.php\/votre-smartphone-a-letranger\/\" \/>\n<meta property=\"og:locale\" content=\"fr_FR\" \/>\n<meta property=\"og:type\" content=\"article\" \/>\n<meta property=\"og:title\" content=\"Votre smartphone \u00e0 l&#039;\u00e9tranger... - MENTOR Multim\u00e9dia\" \/>\n<meta property=\"og:description\" content=\"Juin 2017 Depuis juin 2017, il devient plus facile (et surtout moins cher !) d&rsquo;utiliser votre smartphone depuis un des 28 pays de l&rsquo;Union Europ\u00e9enne (attention : la Suisse n&rsquo;en fait pas partie&#8230; et peut-\u00eatre bient\u00f4t la Grande Bretagne ?). &hellip; Continuer la lecture &rarr;\" \/>\n<meta property=\"og:url\" content=\"https:\/\/mentor-multimedia.com\/index.php\/votre-smartphone-a-letranger\/\" \/>\n<meta property=\"og:site_name\" content=\"MENTOR Multim\u00e9dia\" \/>\n<meta property=\"article:modified_time\" content=\"2019-03-10T16:52:40+00:00\" \/>\n<meta property=\"og:image\" content=\"https:\/\/mentor-multimedia.com\/wp-content\/uploads\/2019\/03\/smartphone-1.jpg\" \/>\n<meta name=\"twitter:card\" content=\"summary_large_image\" \/>\n<meta name=\"twitter:label1\" content=\"Dur\u00e9e de lecture estim\u00e9e\" \/>\n\t<meta name=\"twitter:data1\" content=\"1 minute\" \/>\n<script type=\"application\/ld+json\" class=\"yoast-schema-graph\">{\"@context\":\"https:\/\/schema.org\",\"@graph\":[{\"@type\":\"WebPage\",\"@id\":\"https:\/\/mentor-multimedia.com\/index.php\/votre-smartphone-a-letranger\/\",\"url\":\"https:\/\/mentor-multimedia.com\/index.php\/votre-smartphone-a-letranger\/\",\"name\":\"Votre smartphone \u00e0 l'\u00e9tranger... - MENTOR Multim\u00e9dia\",\"isPartOf\":{\"@id\":\"https:\/\/mentor-multimedia.com\/#website\"},\"primaryImageOfPage\":{\"@id\":\"https:\/\/mentor-multimedia.com\/index.php\/votre-smartphone-a-letranger\/#primaryimage\"},\"image\":{\"@id\":\"https:\/\/mentor-multimedia.com\/index.php\/votre-smartphone-a-letranger\/#primaryimage\"},\"thumbnailUrl\":\"https:\/\/mentor-multimedia.com\/wp-content\/uploads\/2019\/03\/smartphone-1.jpg\",\"datePublished\":\"2019-03-09T17:37:02+00:00\",\"dateModified\":\"2019-03-10T16:52:40+00:00\",\"breadcrumb\":{\"@id\":\"https:\/\/mentor-multimedia.com\/index.php\/votre-smartphone-a-letranger\/#breadcrumb\"},\"inLanguage\":\"fr-FR\",\"potentialAction\":[{\"@type\":\"ReadAction\",\"target\":[\"https:\/\/mentor-multimedia.com\/index.php\/votre-smartphone-a-letranger\/\"]}]},{\"@type\":\"ImageObject\",\"inLanguage\":\"fr-FR\",\"@id\":\"https:\/\/mentor-multimedia.com\/index.php\/votre-smartphone-a-letranger\/#primaryimage\",\"url\":\"https:\/\/mentor-multimedia.com\/wp-content\/uploads\/2019\/03\/smartphone-1.jpg\",\"contentUrl\":\"https:\/\/mentor-multimedia.com\/wp-content\/uploads\/2019\/03\/smartphone-1.jpg\",\"width\":340,\"height\":340},{\"@type\":\"BreadcrumbList\",\"@id\":\"https:\/\/mentor-multimedia.com\/index.php\/votre-smartphone-a-letranger\/#breadcrumb\",\"itemListElement\":[{\"@type\":\"ListItem\",\"position\":1,\"name\":\"Accueil\",\"item\":\"https:\/\/mentor-multimedia.com\/\"},{\"@type\":\"ListItem\",\"position\":2,\"name\":\"Votre smartphone \u00e0 l&rsquo;\u00e9tranger&#8230;\"}]},{\"@type\":\"WebSite\",\"@id\":\"https:\/\/mentor-multimedia.com\/#website\",\"url\":\"https:\/\/mentor-multimedia.com\/\",\"name\":\"MENTOR Multim\u00e9dia - Services informatiques pour les particuliers\",\"description\":\"L&#039;informatique de proximit\u00e9 dans le Val d&#039;Oise\",\"potentialAction\":[{\"@type\":\"SearchAction\",\"target\":{\"@type\":\"EntryPoint\",\"urlTemplate\":\"https:\/\/mentor-multimedia.com\/?s={search_term_string}\"},\"query-input\":{\"@type\":\"PropertyValueSpecification\",\"valueRequired\":true,\"valueName\":\"search_term_string\"}}],\"inLanguage\":\"fr-FR\"}]}<\/script>\n<!-- \/ Yoast SEO plugin. -->","yoast_head_json":{"title":"Votre smartphone \u00e0 l'\u00e9tranger... - MENTOR Multim\u00e9dia","robots":{"index":"index","follow":"follow","max-snippet":"max-snippet:-1","max-image-preview":"max-image-preview:large","max-video-preview":"max-video-preview:-1"},"canonical":"https:\/\/mentor-multimedia.com\/index.php\/votre-smartphone-a-letranger\/","og_locale":"fr_FR","og_type":"article","og_title":"Votre smartphone \u00e0 l'\u00e9tranger... - MENTOR Multim\u00e9dia","og_description":"Juin 2017 Depuis juin 2017, il devient plus facile (et surtout moins cher !) d&rsquo;utiliser votre smartphone depuis un des 28 pays de l&rsquo;Union Europ\u00e9enne (attention : la Suisse n&rsquo;en fait pas partie&#8230; et peut-\u00eatre bient\u00f4t la Grande Bretagne ?). &hellip; Continuer la lecture &rarr;","og_url":"https:\/\/mentor-multimedia.com\/index.php\/votre-smartphone-a-letranger\/","og_site_name":"MENTOR Multim\u00e9dia","article_modified_time":"2019-03-10T16:52:40+00:00","og_image":[{"url":"https:\/\/mentor-multimedia.com\/wp-content\/uploads\/2019\/03\/smartphone-1.jpg","type":"","width":"","height":""}],"twitter_card":"summary_large_image","twitter_misc":{"Dur\u00e9e de lecture estim\u00e9e":"1 minute"},"schema":{"@context":"https:\/\/schema.org","@graph":[{"@type":"WebPage","@id":"https:\/\/mentor-multimedia.com\/index.php\/votre-smartphone-a-letranger\/","url":"https:\/\/mentor-multimedia.com\/index.php\/votre-smartphone-a-letranger\/","name":"Votre smartphone \u00e0 l'\u00e9tranger... - MENTOR Multim\u00e9dia","isPartOf":{"@id":"https:\/\/mentor-multimedia.com\/#website"},"primaryImageOfPage":{"@id":"https:\/\/mentor-multimedia.com\/index.php\/votre-smartphone-a-letranger\/#primaryimage"},"image":{"@id":"https:\/\/mentor-multimedia.com\/index.php\/votre-smartphone-a-letranger\/#primaryimage"},"thumbnailUrl":"https:\/\/mentor-multimedia.com\/wp-content\/uploads\/2019\/03\/smartphone-1.jpg","datePublished":"2019-03-09T17:37:02+00:00","dateModified":"2019-03-10T16:52:40+00:00","breadcrumb":{"@id":"https:\/\/mentor-multimedia.com\/index.php\/votre-smartphone-a-letranger\/#breadcrumb"},"inLanguage":"fr-FR","potentialAction":[{"@type":"ReadAction","target":["https:\/\/mentor-multimedia.com\/index.php\/votre-smartphone-a-letranger\/"]}]},{"@type":"ImageObject","inLanguage":"fr-FR","@id":"https:\/\/mentor-multimedia.com\/index.php\/votre-smartphone-a-letranger\/#primaryimage","url":"https:\/\/mentor-multimedia.com\/wp-content\/uploads\/2019\/03\/smartphone-1.jpg","contentUrl":"https:\/\/mentor-multimedia.com\/wp-content\/uploads\/2019\/03\/smartphone-1.jpg","width":340,"height":340},{"@type":"BreadcrumbList","@id":"https:\/\/mentor-multimedia.com\/index.php\/votre-smartphone-a-letranger\/#breadcrumb","itemListElement":[{"@type":"ListItem","position":1,"name":"Accueil","item":"https:\/\/mentor-multimedia.com\/"},{"@type":"ListItem","position":2,"name":"Votre smartphone \u00e0 l&rsquo;\u00e9tranger&#8230;"}]},{"@type":"WebSite","@id":"https:\/\/mentor-multimedia.com\/#website","url":"https:\/\/mentor-multimedia.com\/","name":"MENTOR Multim\u00e9dia - Services informatiques pour les particuliers","description":"L&#039;informatique de proximit\u00e9 dans le Val d&#039;Oise","potentialAction":[{"@type":"SearchAction","target":{"@type":"EntryPoint","urlTemplate":"https:\/\/mentor-multimedia.com\/?s={search_term_string}"},"query-input":{"@type":"PropertyValueSpecification","valueRequired":true,"valueName":"search_term_string"}}],"inLanguage":"fr-FR"}]}},"_links":{"self":[{"href":"https:\/\/mentor-multimedia.com\/index.php\/wp-json\/wp\/v2\/pages\/346","targetHints":{"allow":["GET"]}}],"collection":[{"href":"https:\/\/mentor-multimedia.com\/index.php\/wp-json\/wp\/v2\/pages"}],"about":[{"href":"https:\/\/mentor-multimedia.com\/index.php\/wp-json\/wp\/v2\/types\/page"}],"author":[{"embeddable":true,"href":"https:\/\/mentor-multimedia.com\/index.php\/wp-json\/wp\/v2\/users\/1"}],"replies":[{"embeddable":true,"href":"https:\/\/mentor-multimedia.com\/index.php\/wp-json\/wp\/v2\/comments?post=346"}],"version-history":[{"count":2,"href":"https:\/\/mentor-multimedia.com\/index.php\/wp-json\/wp\/v2\/pages\/346\/revisions"}],"predecessor-version":[{"id":387,"href":"https:\/\/mentor-multimedia.com\/index.php\/wp-json\/wp\/v2\/pages\/346\/revisions\/387"}],"wp:attachment":[{"href":"https:\/\/mentor-multimedia.com\/index.php\/wp-json\/wp\/v2\/media?parent=346"}],"curies":[{"name":"wp","href":"https:\/\/api.w.org\/{rel}","templated":true}]}}