{"id":339,"date":"2019-03-09T18:06:59","date_gmt":"2019-03-09T17:06:59","guid":{"rendered":"https:\/\/mentor-multimedia.com\/?page_id=339"},"modified":"2022-03-30T14:40:26","modified_gmt":"2022-03-30T12:40:26","slug":"actualites","status":"publish","type":"page","link":"https:\/\/mentor-multimedia.com\/index.php\/actualites\/","title":{"rendered":"Actualit\u00e9s"},"content":{"rendered":"\n<p><strong>Retrouvez ici les actualit\u00e9s les plus r\u00e9centes&#8230;<\/strong><\/p>\n\n\n\n<div class=\"wp-block-image\"><figure class=\"alignright size-large is-resized\"><img loading=\"lazy\" decoding=\"async\" src=\"https:\/\/mentor-multimedia.com\/wp-content\/uploads\/2022\/03\/cyber-crime.jpg\" alt=\"\" class=\"wp-image-493\" width=\"248\" height=\"111\" srcset=\"https:\/\/mentor-multimedia.com\/wp-content\/uploads\/2022\/03\/cyber-crime.jpg 600w, https:\/\/mentor-multimedia.com\/wp-content\/uploads\/2022\/03\/cyber-crime-300x134.jpg 300w, https:\/\/mentor-multimedia.com\/wp-content\/uploads\/2022\/03\/cyber-crime-250x111.jpg 250w, https:\/\/mentor-multimedia.com\/wp-content\/uploads\/2022\/03\/cyber-crime-500x223.jpg 500w\" sizes=\"auto, (max-width: 248px) 100vw, 248px\" \/><\/figure><\/div>\n\n\n\n<ul class=\"wp-block-list\"><li><strong>Antivirus Kaspersky : que faut-il en penser<\/strong> ? (mise \u00e0 jour du 17 mars 2022).<br><em><span style=\"color:#cf2e2e\" class=\"tadv-color\">Voir le post pr\u00e9c\u00e9dent du 11 mars (voir plus bas) si vous ne l&rsquo;avez pas d\u00e9j\u00e0 lu&#8230;<\/span><\/em><br>Apr\u00e8s l&rsquo;agence officielle fran\u00e7aise, c&rsquo;est l&rsquo;agence allemande qui s&rsquo;est exprim\u00e9e sur le sujet. Voir <a href=\"https:\/\/www.lemonde.fr\/pixels\/article\/2022\/03\/15\/les-autorites-allemandes-recommandent-d-abandonner-les-logiciels-de-l-entreprise-de-cybersecurite-russe-kaspersky_6117610_4408996.html\" target=\"_blank\" rel=\"noreferrer noopener\">l&rsquo;article du Monde du 15 mars<\/a>. Celle-ci va plus loin que son homologue fran\u00e7aise. Elle pr\u00e9conise \u00ab\u00a0<span style=\"color:#004da3\" class=\"tadv-color\">en particulier pour les entreprises et administrations sensibles, de remplacer Kaspersky, soci\u00e9t\u00e9 bas\u00e9e \u00e0 Moscou, \u00ab par des produits alternatifs<\/span>\u00ab\u00a0. Et pr\u00e9cise : \u00ab\u00a0<em><span style=\"color:#006ca3\" class=\"tadv-color\">Un fabricant informatique russe peut mener des op\u00e9rations offensives lui-m\u00eame, \u00eatre contraint d\u2019attaquer des syst\u00e8mes cibles contre son gr\u00e9, \u00eatre victime d\u2019une cyberop\u00e9ration \u00e0 son insu, espionn\u00e9 ou utilis\u00e9 comme outil pour lancer des attaques contre ses propres clients<\/span><\/em>\u00ab\u00a0&#8230;<br>Dans un communiqu\u00e9, l&rsquo;entreprise Kaspersky a publi\u00e9 un communiqu\u00e9 pour tenter de rassurer ses clients. \u00ab\u00a0<span style=\"color:#0070a3\" class=\"tadv-color\"><em>Elle a d\u00e9localis\u00e9 une partie de ses activit\u00e9s en Suisse et il est possible d\u2019examiner le code source de ses principaux logiciels. Elle a de plus assur\u00e9 que des audits ind\u00e9pendants ont \u00e9t\u00e9 men\u00e9s ces derni\u00e8res ann\u00e9es concernant ses syst\u00e8mes informatiques<\/em><\/span>\u00ab\u00a0&#8230;<br>Alors&#8230; ce que j&rsquo;en pense : <br>Au jour d&rsquo;aujourd&rsquo;hui, je pense qu&rsquo;on peut garder la t\u00eate froide et continuer \u00e0 surveiller et \u00e0 \u00eatre vigilant. Ce ne seront pas d&rsquo;abord les particuliers qui seront \u00e9ventuellement vis\u00e9s, mais les administrations centrales, et les grandes entreprises&#8230; <br>Pour ma part, utilisateur des solutions Kaspersky depuis de nombreuses ann\u00e9es, je continue \u00e0 leur faire confiance, tout en restant tr\u00e8s vigilant et \u00e9tant pr\u00eat \u00e0 passer \u00e0 autre chose \u00e0 la moindre alerte.<\/li><\/ul>\n\n\n\n<p><\/p>\n\n\n\n<div class=\"wp-block-image\"><figure class=\"alignright size-large\"><img loading=\"lazy\" decoding=\"async\" width=\"300\" height=\"450\" src=\"https:\/\/mentor-multimedia.com\/wp-content\/uploads\/2022\/03\/kaspersky-1.jpg\" alt=\"\" class=\"wp-image-494\" srcset=\"https:\/\/mentor-multimedia.com\/wp-content\/uploads\/2022\/03\/kaspersky-1.jpg 300w, https:\/\/mentor-multimedia.com\/wp-content\/uploads\/2022\/03\/kaspersky-1-200x300.jpg 200w, https:\/\/mentor-multimedia.com\/wp-content\/uploads\/2022\/03\/kaspersky-1-250x375.jpg 250w\" sizes=\"auto, (max-width: 300px) 100vw, 300px\" \/><\/figure><\/div>\n\n\n\n<ul class=\"wp-block-list\"><li><strong>Antivirus Kaspersky : que faut-il en penser ? <\/strong>(mise \u00e0 jour  du 11 mars 2022)<br>Vous en avez peut-\u00eatre entendu parler dans les journaux : les antivirus Kaspersky ne sont plus en odeur de saintet\u00e9&#8230; Essayons ici de faire le point.<br>L&rsquo;entreprise a \u00e9t\u00e9 fond\u00e9e en 1997 par le russe Eug\u00e8ne Kaspersky et s&rsquo;est depuis implant\u00e9e dans 32 pays dont la France. Elle est r\u00e9put\u00e9e pour ses solutions efficaces de s\u00e9curit\u00e9 informatique. Elle est dans le peloton de t\u00eate des solutions de protection contre les virus et autres \u00ab\u00a0malwares\u00a0\u00bb. <br>Pourtant, l&rsquo;<a href=\"https:\/\/www.ssi.gouv.fr\/\" target=\"_blank\" rel=\"noreferrer noopener\">ANSSI<\/a>, qui est l&rsquo;autorit\u00e9 officielle nationale en mati\u00e8re informatique, a publi\u00e9 ce 2 mars  une mise en garde concernant directement les antivirus Kaspersky. On pourrait imaginer que, d&rsquo;origine russe, et compte-tenu des tensions internationales actuelles, nos antivirus pourraient contenir&#8230; des virus !???<br>Mais ce n&rsquo;est pas du tout <a href=\"https:\/\/cert.ssi.gouv.fr\/cti\/CERTFR-2022-CTI-001\/\" target=\"_blank\" rel=\"noreferrer noopener\">ce qu&rsquo;en dit l&rsquo;ANSSI<\/a> : \u00a0\u00bb <span style=\"color:#325785\" class=\"tadv-color\"><em>A ce stade, aucun \u00e9l\u00e9ment objectif ne justifie de faire \u00e9voluer l\u2019\u00e9valuation du niveau de qualit\u00e9 des produits et services fournis<\/em>\u00a0\u00bb [&#8230;] <em>L\u2019isolement de la Russie sur la sc\u00e8ne internationale et le risque d\u2019attaque contre les acteurs industriels li\u00e9s \u00e0 la Russie peut affecter la capacit\u00e9 de ces entreprises \u00e0 fournir des mises \u00e0 jour de leurs produits et services et donc de les maintenir \u00e0 l\u2019\u00e9tat de l\u2019art n\u00e9cessaire pour prot\u00e9ger leurs clients<\/em>\u00ab\u00a0.<\/span><br>En clair, l&rsquo;efficacit\u00e9 des logiciels de s\u00e9curit\u00e9 repose sur une coop\u00e9ration internationale, et dans le cas pr\u00e9sent, entre la Russie et les pays europ\u00e9ens et am\u00e9ricains. Or, celle-ci devient compliqu\u00e9e du fait des diff\u00e9rentes d\u00e9cisions de sanctions \u00e9conomiques. A l&rsquo;heure o\u00f9 j&rsquo;\u00e9cris ces lignes, il semble que tout fonctionne encore bien. Mais il faut rester prudent. Rien n&rsquo;impose d\u00e8s aujourd&rsquo;hui de changer votre antivirus : celui-ci reste encore tr\u00e8s efficace tant que les entreprises du groupe Kaspersky, r\u00e9parties sur la plan\u00e8te, arrivent \u00e0 travailler de concert. <br>Tr\u00e8s probablement, dans quelques temps (semaines ? mois ?), faudra-t-il \u00eatre pr\u00eat \u00e0 \u00ab\u00a0changer de cr\u00e8merie\u00a0\u00bb. Nous en reparlerons ici d\u00e8s que cela sera n\u00e9cessaire.<br>A suivre&#8230;<\/li><\/ul>\n\n\n\n<p><\/p>\n\n\n\n<div class=\"wp-block-image\"><figure class=\"alignright size-large is-resized\"><img loading=\"lazy\" decoding=\"async\" src=\"https:\/\/mentor-multimedia.com\/wp-content\/uploads\/2021\/04\/Josephine-1.jpg\" alt=\"\" class=\"wp-image-472\" width=\"190\" height=\"193\" srcset=\"https:\/\/mentor-multimedia.com\/wp-content\/uploads\/2021\/04\/Josephine-1.jpg 693w, https:\/\/mentor-multimedia.com\/wp-content\/uploads\/2021\/04\/Josephine-1-294x300.jpg 294w, https:\/\/mentor-multimedia.com\/wp-content\/uploads\/2021\/04\/Josephine-1-250x255.jpg 250w\" sizes=\"auto, (max-width: 190px) 100vw, 190px\" \/><\/figure><\/div>\n\n\n\n<ul class=\"wp-block-list\"><li><strong>Ev\u00e8nement litt\u00e9raire !<\/strong><br>Fruit des loisirs laiss\u00e9s par les confinements, sortie du livre \u00e9crit par Jean-Marie PIERRAT : \u00ab\u00a0Jos\u00e9phine Brochard-Artoux et la vie \u00e0 H\u00e9rouville au XIX\u00e8me si\u00e8cle\u00a0\u00bb. La sortie du livre aura lieu le samedi 8 mai devant l&rsquo;\u00e9glise d&rsquo;H\u00e9rouville-en-Vexin de 10h \u00e0 12h et de 14h \u00e0 18h. Plus de renseignements : <a href=\"https:\/\/eglise-saint-clair.org\/\" target=\"_blank\" rel=\"noreferrer noopener\">www.eglise-saint-clair.org<\/a>.<\/li><\/ul>\n\n\n\n<p><strong>D\u00e9claration d&rsquo;imp\u00f4t 202<\/strong>1 : le montant \u00e0 d\u00e9clarer pour la r\u00e9duction d&rsquo;imp\u00f4t pour les services informatiques (qui vous a \u00e9t\u00e9 communiqu\u00e9) est \u00e0 renseigner \u00e0 la ligne 7DB (pareil que l&rsquo;ann\u00e9e pr\u00e9c\u00e9dente)&#8230;<\/p>\n\n\n\n<figure class=\"wp-block-image\"><img decoding=\"async\" src=\"https:\/\/mentor-multimedia.com\/wp-content\/uploads\/2020\/04\/services-%C3%A0-la-personne.jpg\" alt=\"\" class=\"wp-image-436\"\/><\/figure>\n\n\n\n<p class=\"has-text-align-left\"><\/p>\n\n\n\n<ul class=\"wp-block-list\"><li><strong>Bonjour 2021<\/strong>&#8230;<ul><li>Malgr\u00e9 le <strong>Brexit<\/strong>, les frais d&rsquo;itin\u00e9rance pour appeler depuis la Grande Bretagne vers l&rsquo;Europe ne changent pas&#8230; pour l&rsquo;instant ! <a href=\"https:\/\/www.01net.com\/actualites\/le-brexit-n-aura-aucun-impact-sur-les-frais-de-roaming-pour-l-instant-2026221.html\" target=\"_blank\" rel=\"noreferrer noopener\">Voir cet article<\/a><\/li><li><strong>Adobe Flash Player<\/strong> cesse de fonctionner. Il est d\u00e9sormais inutile : vous pouvez le d\u00e9sinstaller (Dans Param\u00e8tres \/ Applications)<\/li><li>Bonjour la <strong>5G<\/strong> ! Mais aucune obligation. La 5G, contrairement \u00e0 ce que beaucoup pensent, aura surtout des usages industriels, et n&rsquo;apportera pas (au moins dans un premier temps) grand-chose aux particuliers. Les smartphones compatibles 5G vous emm\u00e8neront dans le haut de gamme des&#8230; prix. Par ailleurs, la 5G n&rsquo;est pas disponible partout. Certains souhaitent m\u00eame que la 2G puisse fonctionner correctement \u00e0 leur domicile&#8230;<\/li><li>Dans tous les cas, <strong>MENTOR Multim\u00e9dia vous accompagne<\/strong> au plus pr\u00e8s de vos besoins et de vos envies !<\/li><li>Bonne ann\u00e9e \u00e0 tous !<\/li><\/ul><\/li><li><strong>Au revoir 2020<\/strong>&#8230; ann\u00e9e que beaucoup ne regretteront pas&#8230; mais :<ul><li>nous avons appris le <strong>t\u00e9l\u00e9travail et la visio<\/strong>&#8230;<\/li><li>les nouvelles technologies nous ont aid\u00e9 \u00e0 <strong>maintenir le lien<\/strong>&#8230;<\/li><li>nous sommes plus nombreux \u00e0 <strong>commander r\u00e9guli\u00e8rement en ligne<\/strong>.  Un minimum de vigilance s&rsquo;impose quand m\u00eame&#8230;<\/li><\/ul><\/li><li><strong>Confinement ou reconfinement<\/strong> : dans tous les cas, MENTOR Multim\u00e9dia vous accompagne dans vos projets, vos solutions, vos soucis \u00e9ventuels.<\/li><li><strong>D\u00e9claration d&rsquo;imp\u00f4t 2020<\/strong> : le montant \u00e0 d\u00e9clarer pour la r\u00e9duction d&rsquo;imp\u00f4t (qui vous a \u00e9t\u00e9 communiqu\u00e9) est \u00e0 renseigner \u00e0 la ligne 7DB&#8230;<img loading=\"lazy\" decoding=\"async\" width=\"741\" height=\"79\" class=\"wp-image-436\" style=\"width: 741px;\" src=\"https:\/\/mentor-multimedia.com\/wp-content\/uploads\/2020\/04\/services-\u00e0-la-personne.jpg\" alt=\"\" srcset=\"https:\/\/mentor-multimedia.com\/wp-content\/uploads\/2020\/04\/services-\u00e0-la-personne.jpg 802w, https:\/\/mentor-multimedia.com\/wp-content\/uploads\/2020\/04\/services-\u00e0-la-personne-300x32.jpg 300w, https:\/\/mentor-multimedia.com\/wp-content\/uploads\/2020\/04\/services-\u00e0-la-personne-768x82.jpg 768w, https:\/\/mentor-multimedia.com\/wp-content\/uploads\/2020\/04\/services-\u00e0-la-personne-250x27.jpg 250w, https:\/\/mentor-multimedia.com\/wp-content\/uploads\/2020\/04\/services-\u00e0-la-personne-500x54.jpg 500w\" sizes=\"auto, (max-width: 741px) 100vw, 741px\" \/><\/li><li><strong>Confinement :<\/strong> MENTOR Multim\u00e9dia reste \u00e0 votre \u00e9coute et \u00e0 votre service&#8230;<\/li><li><strong>Janvier 2020<\/strong> : MENTOR Multim\u00e9dia se sp\u00e9cialise et se consacre dor\u00e9navant exclusivement aux services informatiques aux particuliers \u00e0 domicile, toujours avec cr\u00e9dit d&rsquo;imp\u00f4t 50%.<\/li><li><strong>Octobre 2019<\/strong> : Les initiations informatique reprennent \u00e0 Chanteloup-les-Vignes avec 4 groupes de niveaux par semaine. 40 personnes en b\u00e9n\u00e9ficient<\/li><li><strong>Septembre 2019<\/strong> : un certain nombre de logements d&rsquo;Ennery sont raccordables \u00e0 la fibre optique&#8230; Comment savoir ?  <a href=\"https:\/\/www.valdoisefibre.fr\/#\/test-eligibilite\/resultat\">Cliquez ici<\/a>  !<\/li><li><strong>Septembre 2019<\/strong> : les initiations informatique reprennent \u00e0 Marly-la-Ville avec 2 groupes par semaine. 16 personnes en b\u00e9n\u00e9ficient.<br><\/li><li><strong>Ao\u00fbt 2019<\/strong> : les habitants de M\u00e9riel peuvent acc\u00e9der aux offres de fibre optique. Comment savoir si vous \u00eates raccordable ? <a href=\"https:\/\/www.valdoisefibre.fr\/#\/test-eligibilite\/resultat\">Cliquez ici<\/a> !<\/li><\/ul>\n\n\n\n<ul class=\"wp-block-list\"><li><strong>Ao\u00fbt 2019<\/strong> : Les habitants de 4 villages du Vexin peuvent maintenant acc\u00e9der aux offres internet de fibre optique. Comment savoir si vous \u00eates raccordable ? <a href=\"https:\/\/www.valdoisefibre.fr\/#\/test-eligibilite\">Cliquez ici<\/a> !<ul><li>Labbeville<\/li><li>Frouville<\/li><li>Arronville<\/li><li>Berville<\/li><\/ul><\/li><\/ul>\n\n\n\n<p><\/p>\n\n\n\n<ul class=\"wp-block-list\"><li><strong>Mai 2019<\/strong> : MENTOR Multim\u00e9dia obtient le label \u00ab\u00a0<em>Expert certifi\u00e9 en connexions haut-d\u00e9bit &#8211; technologie fibre<\/em>\u00a0\u00bb de NORDNET<\/li><li><strong>Mars 2019<\/strong> : Attention : <a href=\"https:\/\/mentor-multimedia.com\/index.php\/arnaque-au-chantage-a-la-webcam-pretendue-piratee\/\">arnaque \u00e0 la webcam&#8230;<\/a><\/li><li><strong>F\u00e9vrier 2019<\/strong> : <a href=\"https:\/\/mentor-multimedia.com\/index.php\/la-fibre-arrive-a-livilliers-et-genicourt\/\">La fibre optique arrive \u00e0 Livilliers et G\u00e9nicourt<\/a><\/li><li><strong>Juin 2017<\/strong> : <a href=\"https:\/\/mentor-multimedia.com\/index.php\/votre-smartphone-a-letranger\/\">Utiliser son smartphone depuis l&rsquo;Europe&#8230;<\/a><\/li><li><strong>D\u00e9cembre 2009<\/strong> : Cours informatique \u00e0 Beauchamp : <a href=\"https:\/\/mentor-multimedia.com\/index.php\/cours-informatique-a-beauchamp\/\">article dans \u00ab\u00a0la Gazette\u00a0\u00bb<\/a><\/li><li><strong>D\u00e9cembre 2009<\/strong> : Initiation informatique \u00e0 Ennery : <a href=\"https:\/\/mentor-multimedia.com\/index.php\/initiation-informatique-aennery\/\">article dans \u00ab\u00a0la Gazette\u00a0\u00bb<\/a><\/li><li><strong>Mai 2005<\/strong> : Initiation informatique \u00e0 H\u00e9rouville : <a href=\"https:\/\/mentor-multimedia.com\/index.php\/initiation-informatique-a-herouville\/\">article dans \u00ab\u00a0le Parisien\u00a0\u00bb<\/a><\/li><li><strong>2006<\/strong> : Cr\u00e9ation de MENTOR Multim\u00e9dia : <a href=\"https:\/\/mentor-multimedia.com\/index.php\/2006-creation-de-mentor-multimedia\/\">article dans le \u00ab\u00a0Panorama\u00a0\u00bb (La Gazette) du 26 avril 2006<\/a><\/li><\/ul>\n\n\n\n<p><\/p>\n","protected":false},"excerpt":{"rendered":"<p>Retrouvez ici les actualit\u00e9s les plus r\u00e9centes&#8230; Antivirus Kaspersky : que faut-il en penser ? (mise \u00e0 jour du 17 mars 2022).Voir le post pr\u00e9c\u00e9dent du 11 mars (voir plus bas) si vous ne l&rsquo;avez pas d\u00e9j\u00e0 lu&#8230;Apr\u00e8s l&rsquo;agence officielle &hellip; <a href=\"https:\/\/mentor-multimedia.com\/index.php\/actualites\/\">Continuer la lecture <span class=\"meta-nav\">&rarr;<\/span><\/a><\/p>\n","protected":false},"author":1,"featured_media":0,"parent":0,"menu_order":0,"comment_status":"closed","ping_status":"closed","template":"","meta":{"footnotes":""},"class_list":["post-339","page","type-page","status-publish","hentry"],"yoast_head":"<!-- This site is optimized with the Yoast SEO plugin v24.9 - https:\/\/yoast.com\/wordpress\/plugins\/seo\/ -->\n<title>Actualit\u00e9s - MENTOR Multim\u00e9dia<\/title>\n<meta name=\"robots\" content=\"index, follow, max-snippet:-1, max-image-preview:large, max-video-preview:-1\" \/>\n<link rel=\"canonical\" href=\"https:\/\/mentor-multimedia.com\/index.php\/actualites\/\" \/>\n<meta property=\"og:locale\" content=\"fr_FR\" \/>\n<meta property=\"og:type\" content=\"article\" \/>\n<meta property=\"og:title\" content=\"Actualit\u00e9s - MENTOR Multim\u00e9dia\" \/>\n<meta property=\"og:description\" content=\"Retrouvez ici les actualit\u00e9s les plus r\u00e9centes&#8230; Antivirus Kaspersky : que faut-il en penser ? (mise \u00e0 jour du 17 mars 2022).Voir le post pr\u00e9c\u00e9dent du 11 mars (voir plus bas) si vous ne l&rsquo;avez pas d\u00e9j\u00e0 lu&#8230;Apr\u00e8s l&rsquo;agence officielle &hellip; Continuer la lecture &rarr;\" \/>\n<meta property=\"og:url\" content=\"https:\/\/mentor-multimedia.com\/index.php\/actualites\/\" \/>\n<meta property=\"og:site_name\" content=\"MENTOR Multim\u00e9dia\" \/>\n<meta property=\"article:modified_time\" content=\"2022-03-30T12:40:26+00:00\" \/>\n<meta property=\"og:image\" content=\"https:\/\/mentor-multimedia.com\/wp-content\/uploads\/2022\/03\/cyber-crime.jpg\" \/>\n<meta name=\"twitter:card\" content=\"summary_large_image\" \/>\n<meta name=\"twitter:label1\" content=\"Dur\u00e9e de lecture estim\u00e9e\" \/>\n\t<meta name=\"twitter:data1\" content=\"7 minutes\" \/>\n<script type=\"application\/ld+json\" class=\"yoast-schema-graph\">{\"@context\":\"https:\/\/schema.org\",\"@graph\":[{\"@type\":\"WebPage\",\"@id\":\"https:\/\/mentor-multimedia.com\/index.php\/actualites\/\",\"url\":\"https:\/\/mentor-multimedia.com\/index.php\/actualites\/\",\"name\":\"Actualit\u00e9s - MENTOR Multim\u00e9dia\",\"isPartOf\":{\"@id\":\"https:\/\/mentor-multimedia.com\/#website\"},\"primaryImageOfPage\":{\"@id\":\"https:\/\/mentor-multimedia.com\/index.php\/actualites\/#primaryimage\"},\"image\":{\"@id\":\"https:\/\/mentor-multimedia.com\/index.php\/actualites\/#primaryimage\"},\"thumbnailUrl\":\"https:\/\/mentor-multimedia.com\/wp-content\/uploads\/2022\/03\/cyber-crime.jpg\",\"datePublished\":\"2019-03-09T17:06:59+00:00\",\"dateModified\":\"2022-03-30T12:40:26+00:00\",\"breadcrumb\":{\"@id\":\"https:\/\/mentor-multimedia.com\/index.php\/actualites\/#breadcrumb\"},\"inLanguage\":\"fr-FR\",\"potentialAction\":[{\"@type\":\"ReadAction\",\"target\":[\"https:\/\/mentor-multimedia.com\/index.php\/actualites\/\"]}]},{\"@type\":\"ImageObject\",\"inLanguage\":\"fr-FR\",\"@id\":\"https:\/\/mentor-multimedia.com\/index.php\/actualites\/#primaryimage\",\"url\":\"https:\/\/mentor-multimedia.com\/wp-content\/uploads\/2022\/03\/cyber-crime.jpg\",\"contentUrl\":\"https:\/\/mentor-multimedia.com\/wp-content\/uploads\/2022\/03\/cyber-crime.jpg\",\"width\":600,\"height\":267},{\"@type\":\"BreadcrumbList\",\"@id\":\"https:\/\/mentor-multimedia.com\/index.php\/actualites\/#breadcrumb\",\"itemListElement\":[{\"@type\":\"ListItem\",\"position\":1,\"name\":\"Accueil\",\"item\":\"https:\/\/mentor-multimedia.com\/\"},{\"@type\":\"ListItem\",\"position\":2,\"name\":\"Actualit\u00e9s\"}]},{\"@type\":\"WebSite\",\"@id\":\"https:\/\/mentor-multimedia.com\/#website\",\"url\":\"https:\/\/mentor-multimedia.com\/\",\"name\":\"MENTOR Multim\u00e9dia - Services informatiques pour les particuliers\",\"description\":\"L&#039;informatique de proximit\u00e9 dans le Val d&#039;Oise\",\"potentialAction\":[{\"@type\":\"SearchAction\",\"target\":{\"@type\":\"EntryPoint\",\"urlTemplate\":\"https:\/\/mentor-multimedia.com\/?s={search_term_string}\"},\"query-input\":{\"@type\":\"PropertyValueSpecification\",\"valueRequired\":true,\"valueName\":\"search_term_string\"}}],\"inLanguage\":\"fr-FR\"}]}<\/script>\n<!-- \/ Yoast SEO plugin. -->","yoast_head_json":{"title":"Actualit\u00e9s - MENTOR Multim\u00e9dia","robots":{"index":"index","follow":"follow","max-snippet":"max-snippet:-1","max-image-preview":"max-image-preview:large","max-video-preview":"max-video-preview:-1"},"canonical":"https:\/\/mentor-multimedia.com\/index.php\/actualites\/","og_locale":"fr_FR","og_type":"article","og_title":"Actualit\u00e9s - MENTOR Multim\u00e9dia","og_description":"Retrouvez ici les actualit\u00e9s les plus r\u00e9centes&#8230; Antivirus Kaspersky : que faut-il en penser ? (mise \u00e0 jour du 17 mars 2022).Voir le post pr\u00e9c\u00e9dent du 11 mars (voir plus bas) si vous ne l&rsquo;avez pas d\u00e9j\u00e0 lu&#8230;Apr\u00e8s l&rsquo;agence officielle &hellip; Continuer la lecture &rarr;","og_url":"https:\/\/mentor-multimedia.com\/index.php\/actualites\/","og_site_name":"MENTOR Multim\u00e9dia","article_modified_time":"2022-03-30T12:40:26+00:00","og_image":[{"url":"https:\/\/mentor-multimedia.com\/wp-content\/uploads\/2022\/03\/cyber-crime.jpg","type":"","width":"","height":""}],"twitter_card":"summary_large_image","twitter_misc":{"Dur\u00e9e de lecture estim\u00e9e":"7 minutes"},"schema":{"@context":"https:\/\/schema.org","@graph":[{"@type":"WebPage","@id":"https:\/\/mentor-multimedia.com\/index.php\/actualites\/","url":"https:\/\/mentor-multimedia.com\/index.php\/actualites\/","name":"Actualit\u00e9s - MENTOR Multim\u00e9dia","isPartOf":{"@id":"https:\/\/mentor-multimedia.com\/#website"},"primaryImageOfPage":{"@id":"https:\/\/mentor-multimedia.com\/index.php\/actualites\/#primaryimage"},"image":{"@id":"https:\/\/mentor-multimedia.com\/index.php\/actualites\/#primaryimage"},"thumbnailUrl":"https:\/\/mentor-multimedia.com\/wp-content\/uploads\/2022\/03\/cyber-crime.jpg","datePublished":"2019-03-09T17:06:59+00:00","dateModified":"2022-03-30T12:40:26+00:00","breadcrumb":{"@id":"https:\/\/mentor-multimedia.com\/index.php\/actualites\/#breadcrumb"},"inLanguage":"fr-FR","potentialAction":[{"@type":"ReadAction","target":["https:\/\/mentor-multimedia.com\/index.php\/actualites\/"]}]},{"@type":"ImageObject","inLanguage":"fr-FR","@id":"https:\/\/mentor-multimedia.com\/index.php\/actualites\/#primaryimage","url":"https:\/\/mentor-multimedia.com\/wp-content\/uploads\/2022\/03\/cyber-crime.jpg","contentUrl":"https:\/\/mentor-multimedia.com\/wp-content\/uploads\/2022\/03\/cyber-crime.jpg","width":600,"height":267},{"@type":"BreadcrumbList","@id":"https:\/\/mentor-multimedia.com\/index.php\/actualites\/#breadcrumb","itemListElement":[{"@type":"ListItem","position":1,"name":"Accueil","item":"https:\/\/mentor-multimedia.com\/"},{"@type":"ListItem","position":2,"name":"Actualit\u00e9s"}]},{"@type":"WebSite","@id":"https:\/\/mentor-multimedia.com\/#website","url":"https:\/\/mentor-multimedia.com\/","name":"MENTOR Multim\u00e9dia - Services informatiques pour les particuliers","description":"L&#039;informatique de proximit\u00e9 dans le Val d&#039;Oise","potentialAction":[{"@type":"SearchAction","target":{"@type":"EntryPoint","urlTemplate":"https:\/\/mentor-multimedia.com\/?s={search_term_string}"},"query-input":{"@type":"PropertyValueSpecification","valueRequired":true,"valueName":"search_term_string"}}],"inLanguage":"fr-FR"}]}},"_links":{"self":[{"href":"https:\/\/mentor-multimedia.com\/index.php\/wp-json\/wp\/v2\/pages\/339","targetHints":{"allow":["GET"]}}],"collection":[{"href":"https:\/\/mentor-multimedia.com\/index.php\/wp-json\/wp\/v2\/pages"}],"about":[{"href":"https:\/\/mentor-multimedia.com\/index.php\/wp-json\/wp\/v2\/types\/page"}],"author":[{"embeddable":true,"href":"https:\/\/mentor-multimedia.com\/index.php\/wp-json\/wp\/v2\/users\/1"}],"replies":[{"embeddable":true,"href":"https:\/\/mentor-multimedia.com\/index.php\/wp-json\/wp\/v2\/comments?post=339"}],"version-history":[{"count":36,"href":"https:\/\/mentor-multimedia.com\/index.php\/wp-json\/wp\/v2\/pages\/339\/revisions"}],"predecessor-version":[{"id":506,"href":"https:\/\/mentor-multimedia.com\/index.php\/wp-json\/wp\/v2\/pages\/339\/revisions\/506"}],"wp:attachment":[{"href":"https:\/\/mentor-multimedia.com\/index.php\/wp-json\/wp\/v2\/media?parent=339"}],"curies":[{"name":"wp","href":"https:\/\/api.w.org\/{rel}","templated":true}]}}