{"id":332,"date":"2019-03-09T18:05:23","date_gmt":"2019-03-09T17:05:23","guid":{"rendered":"https:\/\/mentor-multimedia.com\/?page_id=332"},"modified":"2019-03-09T18:09:05","modified_gmt":"2019-03-09T17:09:05","slug":"arnaque-au-chantage-a-la-webcam-pretendue-piratee","status":"publish","type":"page","link":"https:\/\/mentor-multimedia.com\/index.php\/arnaque-au-chantage-a-la-webcam-pretendue-piratee\/","title":{"rendered":"Arnaque au chantage \u00e0 la webcam pr\u00e9tendue pirat\u00e9e !"},"content":{"rendered":"\n<p>Mars 2019<br>Des mails circulent en ce moment pr\u00e9tendant qu&rsquo;un hacker vous aurait film\u00e9 pendant que vous auriez visionn\u00e9 des films pornographiques&#8230; et vous menace de tout d\u00e9voiler \u00e0 vos contacts. Une ran\u00e7on (en Bitcoins) vous est alors r\u00e9clam\u00e9e dans un d\u00e9lai tr\u00e8s court.<\/p>\n\n\n\n<p>Voir l&rsquo;exemple ci-dessous&#8230; Surtout ne pas prendre ce mail au pied de la lettre : il s&rsquo;agit d&rsquo;un gros bluff et votre soit-disant hacker n&rsquo;a rien enregistr\u00e9.<\/p>\n\n\n\n<p>Donc : simplement ignorez et supprimez ce mail&#8230;<\/p>\n\n\n\n<ul class=\"wp-block-gallery columns-1 is-cropped wp-block-gallery-1 is-layout-flex wp-block-gallery-is-layout-flex\"><li class=\"blocks-gallery-item\"><figure><img loading=\"lazy\" decoding=\"async\" width=\"807\" height=\"923\" src=\"https:\/\/mentor-multimedia.com\/wp-content\/uploads\/2019\/03\/arnaque-webcam-1.jpg\" alt=\"\" data-id=\"336\" data-link=\"https:\/\/mentor-multimedia.com\/?attachment_id=336\" class=\"wp-image-336\" srcset=\"https:\/\/mentor-multimedia.com\/wp-content\/uploads\/2019\/03\/arnaque-webcam-1.jpg 807w, https:\/\/mentor-multimedia.com\/wp-content\/uploads\/2019\/03\/arnaque-webcam-1-262x300.jpg 262w, https:\/\/mentor-multimedia.com\/wp-content\/uploads\/2019\/03\/arnaque-webcam-1-768x878.jpg 768w, https:\/\/mentor-multimedia.com\/wp-content\/uploads\/2019\/03\/arnaque-webcam-1-250x286.jpg 250w\" sizes=\"auto, (max-width: 807px) 100vw, 807px\" \/><\/figure><\/li><\/ul>\n","protected":false},"excerpt":{"rendered":"<p>Mars 2019Des mails circulent en ce moment pr\u00e9tendant qu&rsquo;un hacker vous aurait film\u00e9 pendant que vous auriez visionn\u00e9 des films pornographiques&#8230; et vous menace de tout d\u00e9voiler \u00e0 vos contacts. Une ran\u00e7on (en Bitcoins) vous est alors r\u00e9clam\u00e9e dans un &hellip; <a href=\"https:\/\/mentor-multimedia.com\/index.php\/arnaque-au-chantage-a-la-webcam-pretendue-piratee\/\">Continuer la lecture <span class=\"meta-nav\">&rarr;<\/span><\/a><\/p>\n","protected":false},"author":1,"featured_media":0,"parent":0,"menu_order":0,"comment_status":"closed","ping_status":"closed","template":"","meta":{"footnotes":""},"class_list":["post-332","page","type-page","status-publish","hentry"],"yoast_head":"<!-- This site is optimized with the Yoast SEO plugin v24.9 - https:\/\/yoast.com\/wordpress\/plugins\/seo\/ -->\n<title>Arnaque au chantage \u00e0 la webcam pr\u00e9tendue pirat\u00e9e ! - MENTOR Multim\u00e9dia<\/title>\n<meta name=\"robots\" content=\"index, follow, max-snippet:-1, max-image-preview:large, max-video-preview:-1\" \/>\n<link rel=\"canonical\" href=\"https:\/\/mentor-multimedia.com\/index.php\/arnaque-au-chantage-a-la-webcam-pretendue-piratee\/\" \/>\n<meta property=\"og:locale\" content=\"fr_FR\" \/>\n<meta property=\"og:type\" content=\"article\" \/>\n<meta property=\"og:title\" content=\"Arnaque au chantage \u00e0 la webcam pr\u00e9tendue pirat\u00e9e ! - MENTOR Multim\u00e9dia\" \/>\n<meta property=\"og:description\" content=\"Mars 2019Des mails circulent en ce moment pr\u00e9tendant qu&rsquo;un hacker vous aurait film\u00e9 pendant que vous auriez visionn\u00e9 des films pornographiques&#8230; et vous menace de tout d\u00e9voiler \u00e0 vos contacts. Une ran\u00e7on (en Bitcoins) vous est alors r\u00e9clam\u00e9e dans un &hellip; Continuer la lecture &rarr;\" \/>\n<meta property=\"og:url\" content=\"https:\/\/mentor-multimedia.com\/index.php\/arnaque-au-chantage-a-la-webcam-pretendue-piratee\/\" \/>\n<meta property=\"og:site_name\" content=\"MENTOR Multim\u00e9dia\" \/>\n<meta property=\"article:modified_time\" content=\"2019-03-09T17:09:05+00:00\" \/>\n<meta property=\"og:image\" content=\"https:\/\/mentor-multimedia.com\/wp-content\/uploads\/2019\/03\/arnaque-webcam-1.jpg\" \/>\n<meta name=\"twitter:card\" content=\"summary_large_image\" \/>\n<script type=\"application\/ld+json\" class=\"yoast-schema-graph\">{\"@context\":\"https:\/\/schema.org\",\"@graph\":[{\"@type\":\"WebPage\",\"@id\":\"https:\/\/mentor-multimedia.com\/index.php\/arnaque-au-chantage-a-la-webcam-pretendue-piratee\/\",\"url\":\"https:\/\/mentor-multimedia.com\/index.php\/arnaque-au-chantage-a-la-webcam-pretendue-piratee\/\",\"name\":\"Arnaque au chantage \u00e0 la webcam pr\u00e9tendue pirat\u00e9e ! - MENTOR Multim\u00e9dia\",\"isPartOf\":{\"@id\":\"https:\/\/mentor-multimedia.com\/#website\"},\"primaryImageOfPage\":{\"@id\":\"https:\/\/mentor-multimedia.com\/index.php\/arnaque-au-chantage-a-la-webcam-pretendue-piratee\/#primaryimage\"},\"image\":{\"@id\":\"https:\/\/mentor-multimedia.com\/index.php\/arnaque-au-chantage-a-la-webcam-pretendue-piratee\/#primaryimage\"},\"thumbnailUrl\":\"https:\/\/mentor-multimedia.com\/wp-content\/uploads\/2019\/03\/arnaque-webcam-1.jpg\",\"datePublished\":\"2019-03-09T17:05:23+00:00\",\"dateModified\":\"2019-03-09T17:09:05+00:00\",\"breadcrumb\":{\"@id\":\"https:\/\/mentor-multimedia.com\/index.php\/arnaque-au-chantage-a-la-webcam-pretendue-piratee\/#breadcrumb\"},\"inLanguage\":\"fr-FR\",\"potentialAction\":[{\"@type\":\"ReadAction\",\"target\":[\"https:\/\/mentor-multimedia.com\/index.php\/arnaque-au-chantage-a-la-webcam-pretendue-piratee\/\"]}]},{\"@type\":\"ImageObject\",\"inLanguage\":\"fr-FR\",\"@id\":\"https:\/\/mentor-multimedia.com\/index.php\/arnaque-au-chantage-a-la-webcam-pretendue-piratee\/#primaryimage\",\"url\":\"https:\/\/mentor-multimedia.com\/wp-content\/uploads\/2019\/03\/arnaque-webcam-1.jpg\",\"contentUrl\":\"https:\/\/mentor-multimedia.com\/wp-content\/uploads\/2019\/03\/arnaque-webcam-1.jpg\",\"width\":807,\"height\":923},{\"@type\":\"BreadcrumbList\",\"@id\":\"https:\/\/mentor-multimedia.com\/index.php\/arnaque-au-chantage-a-la-webcam-pretendue-piratee\/#breadcrumb\",\"itemListElement\":[{\"@type\":\"ListItem\",\"position\":1,\"name\":\"Accueil\",\"item\":\"https:\/\/mentor-multimedia.com\/\"},{\"@type\":\"ListItem\",\"position\":2,\"name\":\"Arnaque au chantage \u00e0 la webcam pr\u00e9tendue pirat\u00e9e !\"}]},{\"@type\":\"WebSite\",\"@id\":\"https:\/\/mentor-multimedia.com\/#website\",\"url\":\"https:\/\/mentor-multimedia.com\/\",\"name\":\"MENTOR Multim\u00e9dia - Services informatiques pour les particuliers\",\"description\":\"L&#039;informatique de proximit\u00e9 dans le Val d&#039;Oise\",\"potentialAction\":[{\"@type\":\"SearchAction\",\"target\":{\"@type\":\"EntryPoint\",\"urlTemplate\":\"https:\/\/mentor-multimedia.com\/?s={search_term_string}\"},\"query-input\":{\"@type\":\"PropertyValueSpecification\",\"valueRequired\":true,\"valueName\":\"search_term_string\"}}],\"inLanguage\":\"fr-FR\"}]}<\/script>\n<!-- \/ Yoast SEO plugin. -->","yoast_head_json":{"title":"Arnaque au chantage \u00e0 la webcam pr\u00e9tendue pirat\u00e9e ! - MENTOR Multim\u00e9dia","robots":{"index":"index","follow":"follow","max-snippet":"max-snippet:-1","max-image-preview":"max-image-preview:large","max-video-preview":"max-video-preview:-1"},"canonical":"https:\/\/mentor-multimedia.com\/index.php\/arnaque-au-chantage-a-la-webcam-pretendue-piratee\/","og_locale":"fr_FR","og_type":"article","og_title":"Arnaque au chantage \u00e0 la webcam pr\u00e9tendue pirat\u00e9e ! - MENTOR Multim\u00e9dia","og_description":"Mars 2019Des mails circulent en ce moment pr\u00e9tendant qu&rsquo;un hacker vous aurait film\u00e9 pendant que vous auriez visionn\u00e9 des films pornographiques&#8230; et vous menace de tout d\u00e9voiler \u00e0 vos contacts. Une ran\u00e7on (en Bitcoins) vous est alors r\u00e9clam\u00e9e dans un &hellip; Continuer la lecture &rarr;","og_url":"https:\/\/mentor-multimedia.com\/index.php\/arnaque-au-chantage-a-la-webcam-pretendue-piratee\/","og_site_name":"MENTOR Multim\u00e9dia","article_modified_time":"2019-03-09T17:09:05+00:00","og_image":[{"url":"https:\/\/mentor-multimedia.com\/wp-content\/uploads\/2019\/03\/arnaque-webcam-1.jpg","type":"","width":"","height":""}],"twitter_card":"summary_large_image","schema":{"@context":"https:\/\/schema.org","@graph":[{"@type":"WebPage","@id":"https:\/\/mentor-multimedia.com\/index.php\/arnaque-au-chantage-a-la-webcam-pretendue-piratee\/","url":"https:\/\/mentor-multimedia.com\/index.php\/arnaque-au-chantage-a-la-webcam-pretendue-piratee\/","name":"Arnaque au chantage \u00e0 la webcam pr\u00e9tendue pirat\u00e9e ! - MENTOR Multim\u00e9dia","isPartOf":{"@id":"https:\/\/mentor-multimedia.com\/#website"},"primaryImageOfPage":{"@id":"https:\/\/mentor-multimedia.com\/index.php\/arnaque-au-chantage-a-la-webcam-pretendue-piratee\/#primaryimage"},"image":{"@id":"https:\/\/mentor-multimedia.com\/index.php\/arnaque-au-chantage-a-la-webcam-pretendue-piratee\/#primaryimage"},"thumbnailUrl":"https:\/\/mentor-multimedia.com\/wp-content\/uploads\/2019\/03\/arnaque-webcam-1.jpg","datePublished":"2019-03-09T17:05:23+00:00","dateModified":"2019-03-09T17:09:05+00:00","breadcrumb":{"@id":"https:\/\/mentor-multimedia.com\/index.php\/arnaque-au-chantage-a-la-webcam-pretendue-piratee\/#breadcrumb"},"inLanguage":"fr-FR","potentialAction":[{"@type":"ReadAction","target":["https:\/\/mentor-multimedia.com\/index.php\/arnaque-au-chantage-a-la-webcam-pretendue-piratee\/"]}]},{"@type":"ImageObject","inLanguage":"fr-FR","@id":"https:\/\/mentor-multimedia.com\/index.php\/arnaque-au-chantage-a-la-webcam-pretendue-piratee\/#primaryimage","url":"https:\/\/mentor-multimedia.com\/wp-content\/uploads\/2019\/03\/arnaque-webcam-1.jpg","contentUrl":"https:\/\/mentor-multimedia.com\/wp-content\/uploads\/2019\/03\/arnaque-webcam-1.jpg","width":807,"height":923},{"@type":"BreadcrumbList","@id":"https:\/\/mentor-multimedia.com\/index.php\/arnaque-au-chantage-a-la-webcam-pretendue-piratee\/#breadcrumb","itemListElement":[{"@type":"ListItem","position":1,"name":"Accueil","item":"https:\/\/mentor-multimedia.com\/"},{"@type":"ListItem","position":2,"name":"Arnaque au chantage \u00e0 la webcam pr\u00e9tendue pirat\u00e9e !"}]},{"@type":"WebSite","@id":"https:\/\/mentor-multimedia.com\/#website","url":"https:\/\/mentor-multimedia.com\/","name":"MENTOR Multim\u00e9dia - Services informatiques pour les particuliers","description":"L&#039;informatique de proximit\u00e9 dans le Val d&#039;Oise","potentialAction":[{"@type":"SearchAction","target":{"@type":"EntryPoint","urlTemplate":"https:\/\/mentor-multimedia.com\/?s={search_term_string}"},"query-input":{"@type":"PropertyValueSpecification","valueRequired":true,"valueName":"search_term_string"}}],"inLanguage":"fr-FR"}]}},"_links":{"self":[{"href":"https:\/\/mentor-multimedia.com\/index.php\/wp-json\/wp\/v2\/pages\/332","targetHints":{"allow":["GET"]}}],"collection":[{"href":"https:\/\/mentor-multimedia.com\/index.php\/wp-json\/wp\/v2\/pages"}],"about":[{"href":"https:\/\/mentor-multimedia.com\/index.php\/wp-json\/wp\/v2\/types\/page"}],"author":[{"embeddable":true,"href":"https:\/\/mentor-multimedia.com\/index.php\/wp-json\/wp\/v2\/users\/1"}],"replies":[{"embeddable":true,"href":"https:\/\/mentor-multimedia.com\/index.php\/wp-json\/wp\/v2\/comments?post=332"}],"version-history":[{"count":4,"href":"https:\/\/mentor-multimedia.com\/index.php\/wp-json\/wp\/v2\/pages\/332\/revisions"}],"predecessor-version":[{"id":342,"href":"https:\/\/mentor-multimedia.com\/index.php\/wp-json\/wp\/v2\/pages\/332\/revisions\/342"}],"wp:attachment":[{"href":"https:\/\/mentor-multimedia.com\/index.php\/wp-json\/wp\/v2\/media?parent=332"}],"curies":[{"name":"wp","href":"https:\/\/api.w.org\/{rel}","templated":true}]}}