{"id":309,"date":"2018-11-20T10:08:13","date_gmt":"2018-11-20T09:08:13","guid":{"rendered":"https:\/\/mentor-multimedia.com\/?page_id=309"},"modified":"2020-12-31T18:47:11","modified_gmt":"2020-12-31T17:47:11","slug":"fibre-optique","status":"publish","type":"page","link":"https:\/\/mentor-multimedia.com\/index.php\/fibre-optique\/","title":{"rendered":"Fibre optique"},"content":{"rendered":"<p>La fibre se d\u00e9ploie dans nos communes rurales du Val d&rsquo;Oise ! Ne vous laissez pas avoir par le premier d\u00e9marcheur&#8230;<img loading=\"lazy\" decoding=\"async\" class=\"size-medium wp-image-259 alignright\" src=\"https:\/\/mentor-multimedia.com\/wp-content\/uploads\/2018\/09\/fibre-300x188.jpg\" alt=\"\" width=\"300\" height=\"188\" srcset=\"https:\/\/mentor-multimedia.com\/wp-content\/uploads\/2018\/09\/fibre-300x188.jpg 300w, https:\/\/mentor-multimedia.com\/wp-content\/uploads\/2018\/09\/fibre-768x480.jpg 768w, https:\/\/mentor-multimedia.com\/wp-content\/uploads\/2018\/09\/fibre-1024x640.jpg 1024w, https:\/\/mentor-multimedia.com\/wp-content\/uploads\/2018\/09\/fibre-250x156.jpg 250w, https:\/\/mentor-multimedia.com\/wp-content\/uploads\/2018\/09\/fibre-480x300.jpg 480w, https:\/\/mentor-multimedia.com\/wp-content\/uploads\/2018\/09\/fibre.jpg 1080w\" sizes=\"auto, (max-width: 300px) 100vw, 300px\" \/><\/p>\n<p>De multiples questions se posent alors&#8230;<\/p>\n<ul>\n<li>Quels sont les avantages et pour quel prix ? Comparez les forfaits qui sont avec ou sans engagement ? Est-ce vraiment mieux que l&rsquo;ADSL ?<\/li>\n<li>Vais-je pouvoir conserver mon adresse mail ?<\/li>\n<li>Quels seront les travaux n\u00e9cessaires dans mon cas particulier ? et en sont les prix?<\/li>\n<li>Quels bouquets de chaines TV\u00a0 sont propos\u00e9s ? Vais-je pouvoir enregistrer ? Le replay est-il disponible ? pour quelles chaines ? La Vid\u00e9o \u00e0 la demande (VOD) est-elle propos\u00e9e\u00a0 ?<\/li>\n<li>Souhaitez-vous une offre group\u00e9e fibre et t\u00e9l\u00e9phone mobile ?<\/li>\n<li>Quand la fibre sera-t-elle disponible pour mon domicile ? Dans beaucoup de villes et villages du Val d&rsquo;Oise, c&rsquo;est Val d&rsquo;Oise Fibre, filiale de TDF qui a \u00e9t\u00e9 charg\u00e9 de la construction du r\u00e9seau fibre. V\u00e9rifiez <a href=\"https:\/\/www.valdoisefibre.fr\/#\/test-eligibilite\" target=\"_blank\" rel=\"noopener\">ici votre \u00e9ligibilit\u00e9<\/a>.<\/li>\n<li>&#8230;<\/li>\n<\/ul>\n<p>MENTOR Multim\u00e9dia vous propose de vous accompagner de A \u00e0 Z&#8230; Du simple conseil au raccordement effectif.<\/p>\n<p>N&rsquo;h\u00e9sitez pas <a href=\"https:\/\/mentor-multimedia.com\/index.php\/contact\/\">\u00e0 me contacter<\/a> pour en savoir plus !<\/p>\n<p style=\"text-align: center;\">\n","protected":false},"excerpt":{"rendered":"<p>La fibre se d\u00e9ploie dans nos communes rurales du Val d&rsquo;Oise ! Ne vous laissez pas avoir par le premier d\u00e9marcheur&#8230; De multiples questions se posent alors&#8230; Quels sont les avantages et pour quel prix ? Comparez les forfaits qui &hellip; <a href=\"https:\/\/mentor-multimedia.com\/index.php\/fibre-optique\/\">Continuer la lecture <span class=\"meta-nav\">&rarr;<\/span><\/a><\/p>\n","protected":false},"author":1,"featured_media":0,"parent":0,"menu_order":0,"comment_status":"closed","ping_status":"closed","template":"","meta":{"footnotes":""},"class_list":["post-309","page","type-page","status-publish","hentry"],"yoast_head":"<!-- This site is optimized with the Yoast SEO plugin v24.9 - https:\/\/yoast.com\/wordpress\/plugins\/seo\/ -->\n<title>Fibre optique - MENTOR Multim\u00e9dia<\/title>\n<meta name=\"robots\" content=\"index, follow, max-snippet:-1, max-image-preview:large, max-video-preview:-1\" \/>\n<link rel=\"canonical\" href=\"https:\/\/mentor-multimedia.com\/index.php\/fibre-optique\/\" \/>\n<meta property=\"og:locale\" content=\"fr_FR\" \/>\n<meta property=\"og:type\" content=\"article\" \/>\n<meta property=\"og:title\" content=\"Fibre optique - MENTOR Multim\u00e9dia\" \/>\n<meta property=\"og:description\" content=\"La fibre se d\u00e9ploie dans nos communes rurales du Val d&rsquo;Oise ! Ne vous laissez pas avoir par le premier d\u00e9marcheur&#8230; De multiples questions se posent alors&#8230; Quels sont les avantages et pour quel prix ? Comparez les forfaits qui &hellip; Continuer la lecture &rarr;\" \/>\n<meta property=\"og:url\" content=\"https:\/\/mentor-multimedia.com\/index.php\/fibre-optique\/\" \/>\n<meta property=\"og:site_name\" content=\"MENTOR Multim\u00e9dia\" \/>\n<meta property=\"article:modified_time\" content=\"2020-12-31T17:47:11+00:00\" \/>\n<meta property=\"og:image\" content=\"https:\/\/mentor-multimedia.com\/wp-content\/uploads\/2018\/09\/fibre-300x188.jpg\" \/>\n<meta name=\"twitter:card\" content=\"summary_large_image\" \/>\n<meta name=\"twitter:label1\" content=\"Dur\u00e9e de lecture estim\u00e9e\" \/>\n\t<meta name=\"twitter:data1\" content=\"1 minute\" \/>\n<script type=\"application\/ld+json\" class=\"yoast-schema-graph\">{\"@context\":\"https:\/\/schema.org\",\"@graph\":[{\"@type\":\"WebPage\",\"@id\":\"https:\/\/mentor-multimedia.com\/index.php\/fibre-optique\/\",\"url\":\"https:\/\/mentor-multimedia.com\/index.php\/fibre-optique\/\",\"name\":\"Fibre optique - MENTOR Multim\u00e9dia\",\"isPartOf\":{\"@id\":\"https:\/\/mentor-multimedia.com\/#website\"},\"primaryImageOfPage\":{\"@id\":\"https:\/\/mentor-multimedia.com\/index.php\/fibre-optique\/#primaryimage\"},\"image\":{\"@id\":\"https:\/\/mentor-multimedia.com\/index.php\/fibre-optique\/#primaryimage\"},\"thumbnailUrl\":\"https:\/\/mentor-multimedia.com\/wp-content\/uploads\/2018\/09\/fibre-300x188.jpg\",\"datePublished\":\"2018-11-20T09:08:13+00:00\",\"dateModified\":\"2020-12-31T17:47:11+00:00\",\"breadcrumb\":{\"@id\":\"https:\/\/mentor-multimedia.com\/index.php\/fibre-optique\/#breadcrumb\"},\"inLanguage\":\"fr-FR\",\"potentialAction\":[{\"@type\":\"ReadAction\",\"target\":[\"https:\/\/mentor-multimedia.com\/index.php\/fibre-optique\/\"]}]},{\"@type\":\"ImageObject\",\"inLanguage\":\"fr-FR\",\"@id\":\"https:\/\/mentor-multimedia.com\/index.php\/fibre-optique\/#primaryimage\",\"url\":\"https:\/\/mentor-multimedia.com\/wp-content\/uploads\/2018\/09\/fibre.jpg\",\"contentUrl\":\"https:\/\/mentor-multimedia.com\/wp-content\/uploads\/2018\/09\/fibre.jpg\",\"width\":1080,\"height\":675},{\"@type\":\"BreadcrumbList\",\"@id\":\"https:\/\/mentor-multimedia.com\/index.php\/fibre-optique\/#breadcrumb\",\"itemListElement\":[{\"@type\":\"ListItem\",\"position\":1,\"name\":\"Accueil\",\"item\":\"https:\/\/mentor-multimedia.com\/\"},{\"@type\":\"ListItem\",\"position\":2,\"name\":\"Fibre optique\"}]},{\"@type\":\"WebSite\",\"@id\":\"https:\/\/mentor-multimedia.com\/#website\",\"url\":\"https:\/\/mentor-multimedia.com\/\",\"name\":\"MENTOR Multim\u00e9dia - Services informatiques pour les particuliers\",\"description\":\"L&#039;informatique de proximit\u00e9 dans le Val d&#039;Oise\",\"potentialAction\":[{\"@type\":\"SearchAction\",\"target\":{\"@type\":\"EntryPoint\",\"urlTemplate\":\"https:\/\/mentor-multimedia.com\/?s={search_term_string}\"},\"query-input\":{\"@type\":\"PropertyValueSpecification\",\"valueRequired\":true,\"valueName\":\"search_term_string\"}}],\"inLanguage\":\"fr-FR\"}]}<\/script>\n<!-- \/ Yoast SEO plugin. -->","yoast_head_json":{"title":"Fibre optique - MENTOR Multim\u00e9dia","robots":{"index":"index","follow":"follow","max-snippet":"max-snippet:-1","max-image-preview":"max-image-preview:large","max-video-preview":"max-video-preview:-1"},"canonical":"https:\/\/mentor-multimedia.com\/index.php\/fibre-optique\/","og_locale":"fr_FR","og_type":"article","og_title":"Fibre optique - MENTOR Multim\u00e9dia","og_description":"La fibre se d\u00e9ploie dans nos communes rurales du Val d&rsquo;Oise ! Ne vous laissez pas avoir par le premier d\u00e9marcheur&#8230; De multiples questions se posent alors&#8230; Quels sont les avantages et pour quel prix ? Comparez les forfaits qui &hellip; Continuer la lecture &rarr;","og_url":"https:\/\/mentor-multimedia.com\/index.php\/fibre-optique\/","og_site_name":"MENTOR Multim\u00e9dia","article_modified_time":"2020-12-31T17:47:11+00:00","og_image":[{"url":"https:\/\/mentor-multimedia.com\/wp-content\/uploads\/2018\/09\/fibre-300x188.jpg","type":"","width":"","height":""}],"twitter_card":"summary_large_image","twitter_misc":{"Dur\u00e9e de lecture estim\u00e9e":"1 minute"},"schema":{"@context":"https:\/\/schema.org","@graph":[{"@type":"WebPage","@id":"https:\/\/mentor-multimedia.com\/index.php\/fibre-optique\/","url":"https:\/\/mentor-multimedia.com\/index.php\/fibre-optique\/","name":"Fibre optique - MENTOR Multim\u00e9dia","isPartOf":{"@id":"https:\/\/mentor-multimedia.com\/#website"},"primaryImageOfPage":{"@id":"https:\/\/mentor-multimedia.com\/index.php\/fibre-optique\/#primaryimage"},"image":{"@id":"https:\/\/mentor-multimedia.com\/index.php\/fibre-optique\/#primaryimage"},"thumbnailUrl":"https:\/\/mentor-multimedia.com\/wp-content\/uploads\/2018\/09\/fibre-300x188.jpg","datePublished":"2018-11-20T09:08:13+00:00","dateModified":"2020-12-31T17:47:11+00:00","breadcrumb":{"@id":"https:\/\/mentor-multimedia.com\/index.php\/fibre-optique\/#breadcrumb"},"inLanguage":"fr-FR","potentialAction":[{"@type":"ReadAction","target":["https:\/\/mentor-multimedia.com\/index.php\/fibre-optique\/"]}]},{"@type":"ImageObject","inLanguage":"fr-FR","@id":"https:\/\/mentor-multimedia.com\/index.php\/fibre-optique\/#primaryimage","url":"https:\/\/mentor-multimedia.com\/wp-content\/uploads\/2018\/09\/fibre.jpg","contentUrl":"https:\/\/mentor-multimedia.com\/wp-content\/uploads\/2018\/09\/fibre.jpg","width":1080,"height":675},{"@type":"BreadcrumbList","@id":"https:\/\/mentor-multimedia.com\/index.php\/fibre-optique\/#breadcrumb","itemListElement":[{"@type":"ListItem","position":1,"name":"Accueil","item":"https:\/\/mentor-multimedia.com\/"},{"@type":"ListItem","position":2,"name":"Fibre optique"}]},{"@type":"WebSite","@id":"https:\/\/mentor-multimedia.com\/#website","url":"https:\/\/mentor-multimedia.com\/","name":"MENTOR Multim\u00e9dia - Services informatiques pour les particuliers","description":"L&#039;informatique de proximit\u00e9 dans le Val d&#039;Oise","potentialAction":[{"@type":"SearchAction","target":{"@type":"EntryPoint","urlTemplate":"https:\/\/mentor-multimedia.com\/?s={search_term_string}"},"query-input":{"@type":"PropertyValueSpecification","valueRequired":true,"valueName":"search_term_string"}}],"inLanguage":"fr-FR"}]}},"_links":{"self":[{"href":"https:\/\/mentor-multimedia.com\/index.php\/wp-json\/wp\/v2\/pages\/309","targetHints":{"allow":["GET"]}}],"collection":[{"href":"https:\/\/mentor-multimedia.com\/index.php\/wp-json\/wp\/v2\/pages"}],"about":[{"href":"https:\/\/mentor-multimedia.com\/index.php\/wp-json\/wp\/v2\/types\/page"}],"author":[{"embeddable":true,"href":"https:\/\/mentor-multimedia.com\/index.php\/wp-json\/wp\/v2\/users\/1"}],"replies":[{"embeddable":true,"href":"https:\/\/mentor-multimedia.com\/index.php\/wp-json\/wp\/v2\/comments?post=309"}],"version-history":[{"count":8,"href":"https:\/\/mentor-multimedia.com\/index.php\/wp-json\/wp\/v2\/pages\/309\/revisions"}],"predecessor-version":[{"id":459,"href":"https:\/\/mentor-multimedia.com\/index.php\/wp-json\/wp\/v2\/pages\/309\/revisions\/459"}],"wp:attachment":[{"href":"https:\/\/mentor-multimedia.com\/index.php\/wp-json\/wp\/v2\/media?parent=309"}],"curies":[{"name":"wp","href":"https:\/\/api.w.org\/{rel}","templated":true}]}}