{"id":30,"date":"2017-05-08T10:14:03","date_gmt":"2017-05-08T08:14:03","guid":{"rendered":"http:\/\/mentor-multimedia.com\/new\/?page_id=30"},"modified":"2019-03-11T08:36:57","modified_gmt":"2019-03-11T07:36:57","slug":"a-propos","status":"publish","type":"page","link":"https:\/\/mentor-multimedia.com\/index.php\/a-propos\/","title":{"rendered":"A propos"},"content":{"rendered":"<p><span style=\"color: #000080;\"><strong>Vous avez dit MENTOR ? <\/strong><em>Une vieille histoire de famille !<img loading=\"lazy\" decoding=\"async\" class=\"size-medium wp-image-91 alignright\" src=\"http:\/\/mentor-multimedia.com\/wp-content\/uploads\/2017\/05\/Maurice-Walrave-Createur-des-Editions-Mentor-91x300.jpg\" alt=\"\" width=\"91\" height=\"300\" srcset=\"https:\/\/mentor-multimedia.com\/wp-content\/uploads\/2017\/05\/Maurice-Walrave-Createur-des-Editions-Mentor-91x300.jpg 91w, https:\/\/mentor-multimedia.com\/wp-content\/uploads\/2017\/05\/Maurice-Walrave-Createur-des-Editions-Mentor.jpg 182w\" sizes=\"auto, (max-width: 91px) 100vw, 91px\" \/><\/em><\/span><\/p>\n<p>Les Editions Mentor ont \u00e9t\u00e9 cr\u00e9\u00e9es en 1946 par Maurice WALRAVE avec le concours\u00a0de nombreux collaborateurs \u00e9trangers. L&rsquo;apprentissage des langues \u00e9trang\u00e8res \u00e9tant souvent consid\u00e9r\u00e9e comme ardue, une m\u00e9thode ludique a \u00e9t\u00e9 mise au point, Celle-ci a connu d\u00e8s l&rsquo;origine une diffusion tr\u00e8s rapide puisque plus de 600 000 ouvrages ont \u00e9t\u00e9 diffus\u00e9s.<\/p>\n<p><img loading=\"lazy\" decoding=\"async\" class=\" wp-image-93 alignleft\" src=\"http:\/\/mentor-multimedia.com\/wp-content\/uploads\/2017\/05\/Philippe-Walrave-Editions-Mentor-Apprentissage-de-langues-216x300.jpg\" alt=\"\" width=\"123\" height=\"167\" \/>Devant le succ\u00e8s des premiers MENTORS en anglais, la m\u00e9thode a \u00e9t\u00e9 brevet\u00e9e puis \u00e9tendue \u00e0 l&rsquo;allemand puis \u00e0 l&rsquo;espagnol, au au latin. Reprise en 1982 par le dernier fils de Maurice WALRAVE, Philippe, la m\u00e9thode a \u00e9t\u00e9 \u00e9tendue avec la cr\u00e9ation d&rsquo;ouvrages et cassettes de formation \u00e0 l&rsquo;arabe. Les cassettes ont depuis \u00e9volu\u00e9 vers le num\u00e9rique&#8230; Vous retrouverez <a href=\"http:\/\/mentor-langues.com\/\" target=\"_blank\" rel=\"noopener noreferrer\">cette m\u00e9thode ici<\/a>.<img loading=\"lazy\" decoding=\"async\" class=\" wp-image-96 alignright\" src=\"http:\/\/mentor-multimedia.com\/wp-content\/uploads\/2017\/05\/jm-279x300.jpg\" alt=\"\" width=\"155\" height=\"166\" srcset=\"https:\/\/mentor-multimedia.com\/wp-content\/uploads\/2017\/05\/jm-279x300.jpg 279w, https:\/\/mentor-multimedia.com\/wp-content\/uploads\/2017\/05\/jm-768x825.jpg 768w, https:\/\/mentor-multimedia.com\/wp-content\/uploads\/2017\/05\/jm-250x268.jpg 250w, https:\/\/mentor-multimedia.com\/wp-content\/uploads\/2017\/05\/jm.jpg 800w\" sizes=\"auto, (max-width: 155px) 100vw, 155px\" \/><\/p>\n<p>En 2006, Jean-Marie PIERRAT, petit fils de Maurice WALRAVE, cr\u00e9e <a href=\"http:\/\/mentor-multimedia.com\/\">MENTOR Multim\u00e9dia<\/a> pour l&rsquo;apprentissage et une mise en oeuvre efficace de l&rsquo;outil informatique pour les particuliers, les entreprises et les collectivit\u00e9s locales,<\/p>\n<p><script><br \/>\n<!-- Begin<br \/>\nvar dn;<br \/>\nc1 = new Image(); c1.src = \"HD\/c1.gif\";<br \/>\nc2 = new Image(); c2.src = \"HD\/c2.gif\";<br \/>\nc3 = new Image(); c3.src = \"HD\/c3.gif\";<br \/>\nc4 = new Image(); c4.src = \"HD\/c4.gif\";<br \/>\nc5 = new Image(); c5.src = \"HD\/c5.gif\";<br \/>\nc6 = new Image(); c6.src = \"HD\/c6.gif\";<br \/>\nc7 = new Image(); c7.src = \"HD\/c7.gif\";<br \/>\nc8 = new Image(); c8.src = \"HD\/c8.gif\";<br \/>\nc9 = new Image(); c9.src = \"HD\/c9.gif\";<br \/>\nc0 = new Image(); c0.src = \"HD\/c0.gif\";<br \/>\ncb = new Image(); cb.src = \"HD\/cb.gif\";<br \/>\ncam = new Image(); cam.src = \"HD\/cam.gif\";<br \/>\ncpm = new Image(); cpm.src = \"HD\/cpm.gif\";<br \/>\nfunction extract(h,m,s,type) {<br \/>\nif (!document.images) return;<br \/>\nif (h <= 9) {<br \/>\ndocument.images.a.src = cb.src;<br \/>\ndocument.images.b.src = eval(\"c\"+h+\".src\");<br \/>\n}<br \/>\nelse {<br \/>\ndocument.images.a.src = eval(\"c\"+Math.floor(h\/10)+\".src\");<br \/>\ndocument.images.b.src = eval(\"c\"+(h%10)+\".src\");<br \/>\n}<br \/>\nif (m <= 9) {<br \/>\ndocument.images.d.src = c0.src;<br \/>\ndocument.images.e.src = eval(\"c\"+m+\".src\");<br \/>\n}<br \/>\nelse {<br \/>\ndocument.images.d.src = eval(\"c\"+Math.floor(m\/10)+\".src\");<br \/>\ndocument.images.e.src = eval(\"c\"+(m%10)+\".src\");<br \/>\n}<br \/>\nif (s <= 9) { document.g.src = c0.src; document.images.h.src = eval(\"c\"+s+\".src\"); } else { document.images.g.src = eval(\"c\"+Math.floor(s\/10)+\".src\"); document.images.h.src = eval(\"c\"+(s%10)+\".src\"); } if (dn == \"AM\") document.j.src = cam.src; else document.images.j.src = cpm.src; } function show3() { if (!document.images) return; var Digital = new Date(); var hours = Digital.getHours(); var minutes = Digital.getMinutes(); var seconds = Digital.getSeconds(); dn = \"AM\"; if ((hours >= 12) && (minutes >= 1) || (hours >= 13)) {<br \/>\ndn = \"PM\";<br \/>\nhours = hours-12;<br \/>\n}<br \/>\nif (hours == 0)<br \/>\nhours = 12;<br \/>\nextract(hours, minutes, seconds, dn);<br \/>\nsetTimeout(\"show3()\", 1000);<br \/>\n}<br \/>\n\/\/  End --><br \/>\n<\/script><\/p>\n","protected":false},"excerpt":{"rendered":"<p>Vous avez dit MENTOR ? Une vieille histoire de famille ! Les Editions Mentor ont \u00e9t\u00e9 cr\u00e9\u00e9es en 1946 par Maurice WALRAVE avec le concours\u00a0de nombreux collaborateurs \u00e9trangers. L&rsquo;apprentissage des langues \u00e9trang\u00e8res \u00e9tant souvent consid\u00e9r\u00e9e comme ardue, une m\u00e9thode ludique &hellip; <a href=\"https:\/\/mentor-multimedia.com\/index.php\/a-propos\/\">Continuer la lecture <span class=\"meta-nav\">&rarr;<\/span><\/a><\/p>\n","protected":false},"author":1,"featured_media":0,"parent":0,"menu_order":0,"comment_status":"closed","ping_status":"closed","template":"","meta":{"footnotes":""},"class_list":["post-30","page","type-page","status-publish","hentry"],"yoast_head":"<!-- This site is optimized with the Yoast SEO plugin v24.9 - https:\/\/yoast.com\/wordpress\/plugins\/seo\/ -->\n<title>A propos - MENTOR Multim\u00e9dia<\/title>\n<meta name=\"robots\" content=\"index, follow, max-snippet:-1, max-image-preview:large, max-video-preview:-1\" \/>\n<link rel=\"canonical\" href=\"https:\/\/mentor-multimedia.com\/index.php\/a-propos\/\" \/>\n<meta property=\"og:locale\" content=\"fr_FR\" \/>\n<meta property=\"og:type\" content=\"article\" \/>\n<meta property=\"og:title\" content=\"A propos - MENTOR Multim\u00e9dia\" \/>\n<meta property=\"og:description\" content=\"Vous avez dit MENTOR ? Une vieille histoire de famille ! Les Editions Mentor ont \u00e9t\u00e9 cr\u00e9\u00e9es en 1946 par Maurice WALRAVE avec le concours\u00a0de nombreux collaborateurs \u00e9trangers. L&rsquo;apprentissage des langues \u00e9trang\u00e8res \u00e9tant souvent consid\u00e9r\u00e9e comme ardue, une m\u00e9thode ludique &hellip; Continuer la lecture &rarr;\" \/>\n<meta property=\"og:url\" content=\"https:\/\/mentor-multimedia.com\/index.php\/a-propos\/\" \/>\n<meta property=\"og:site_name\" content=\"MENTOR Multim\u00e9dia\" \/>\n<meta property=\"article:modified_time\" content=\"2019-03-11T07:36:57+00:00\" \/>\n<meta property=\"og:image\" content=\"http:\/\/mentor-multimedia.com\/wp-content\/uploads\/2017\/05\/Maurice-Walrave-Createur-des-Editions-Mentor-91x300.jpg\" \/>\n<meta name=\"twitter:card\" content=\"summary_large_image\" \/>\n<meta name=\"twitter:label1\" content=\"Dur\u00e9e de lecture estim\u00e9e\" \/>\n\t<meta name=\"twitter:data1\" content=\"1 minute\" \/>\n<script type=\"application\/ld+json\" class=\"yoast-schema-graph\">{\"@context\":\"https:\/\/schema.org\",\"@graph\":[{\"@type\":\"WebPage\",\"@id\":\"https:\/\/mentor-multimedia.com\/index.php\/a-propos\/\",\"url\":\"https:\/\/mentor-multimedia.com\/index.php\/a-propos\/\",\"name\":\"A propos - MENTOR Multim\u00e9dia\",\"isPartOf\":{\"@id\":\"https:\/\/mentor-multimedia.com\/#website\"},\"primaryImageOfPage\":{\"@id\":\"https:\/\/mentor-multimedia.com\/index.php\/a-propos\/#primaryimage\"},\"image\":{\"@id\":\"https:\/\/mentor-multimedia.com\/index.php\/a-propos\/#primaryimage\"},\"thumbnailUrl\":\"http:\/\/mentor-multimedia.com\/wp-content\/uploads\/2017\/05\/Maurice-Walrave-Createur-des-Editions-Mentor-91x300.jpg\",\"datePublished\":\"2017-05-08T08:14:03+00:00\",\"dateModified\":\"2019-03-11T07:36:57+00:00\",\"breadcrumb\":{\"@id\":\"https:\/\/mentor-multimedia.com\/index.php\/a-propos\/#breadcrumb\"},\"inLanguage\":\"fr-FR\",\"potentialAction\":[{\"@type\":\"ReadAction\",\"target\":[\"https:\/\/mentor-multimedia.com\/index.php\/a-propos\/\"]}]},{\"@type\":\"ImageObject\",\"inLanguage\":\"fr-FR\",\"@id\":\"https:\/\/mentor-multimedia.com\/index.php\/a-propos\/#primaryimage\",\"url\":\"https:\/\/mentor-multimedia.com\/wp-content\/uploads\/2017\/05\/Maurice-Walrave-Createur-des-Editions-Mentor.jpg\",\"contentUrl\":\"https:\/\/mentor-multimedia.com\/wp-content\/uploads\/2017\/05\/Maurice-Walrave-Createur-des-Editions-Mentor.jpg\",\"width\":182,\"height\":600},{\"@type\":\"BreadcrumbList\",\"@id\":\"https:\/\/mentor-multimedia.com\/index.php\/a-propos\/#breadcrumb\",\"itemListElement\":[{\"@type\":\"ListItem\",\"position\":1,\"name\":\"Accueil\",\"item\":\"https:\/\/mentor-multimedia.com\/\"},{\"@type\":\"ListItem\",\"position\":2,\"name\":\"A propos\"}]},{\"@type\":\"WebSite\",\"@id\":\"https:\/\/mentor-multimedia.com\/#website\",\"url\":\"https:\/\/mentor-multimedia.com\/\",\"name\":\"MENTOR Multim\u00e9dia - Services informatiques pour les particuliers\",\"description\":\"L&#039;informatique de proximit\u00e9 dans le Val d&#039;Oise\",\"potentialAction\":[{\"@type\":\"SearchAction\",\"target\":{\"@type\":\"EntryPoint\",\"urlTemplate\":\"https:\/\/mentor-multimedia.com\/?s={search_term_string}\"},\"query-input\":{\"@type\":\"PropertyValueSpecification\",\"valueRequired\":true,\"valueName\":\"search_term_string\"}}],\"inLanguage\":\"fr-FR\"}]}<\/script>\n<!-- \/ Yoast SEO plugin. -->","yoast_head_json":{"title":"A propos - MENTOR Multim\u00e9dia","robots":{"index":"index","follow":"follow","max-snippet":"max-snippet:-1","max-image-preview":"max-image-preview:large","max-video-preview":"max-video-preview:-1"},"canonical":"https:\/\/mentor-multimedia.com\/index.php\/a-propos\/","og_locale":"fr_FR","og_type":"article","og_title":"A propos - MENTOR Multim\u00e9dia","og_description":"Vous avez dit MENTOR ? Une vieille histoire de famille ! Les Editions Mentor ont \u00e9t\u00e9 cr\u00e9\u00e9es en 1946 par Maurice WALRAVE avec le concours\u00a0de nombreux collaborateurs \u00e9trangers. L&rsquo;apprentissage des langues \u00e9trang\u00e8res \u00e9tant souvent consid\u00e9r\u00e9e comme ardue, une m\u00e9thode ludique &hellip; Continuer la lecture &rarr;","og_url":"https:\/\/mentor-multimedia.com\/index.php\/a-propos\/","og_site_name":"MENTOR Multim\u00e9dia","article_modified_time":"2019-03-11T07:36:57+00:00","og_image":[{"url":"http:\/\/mentor-multimedia.com\/wp-content\/uploads\/2017\/05\/Maurice-Walrave-Createur-des-Editions-Mentor-91x300.jpg","type":"","width":"","height":""}],"twitter_card":"summary_large_image","twitter_misc":{"Dur\u00e9e de lecture estim\u00e9e":"1 minute"},"schema":{"@context":"https:\/\/schema.org","@graph":[{"@type":"WebPage","@id":"https:\/\/mentor-multimedia.com\/index.php\/a-propos\/","url":"https:\/\/mentor-multimedia.com\/index.php\/a-propos\/","name":"A propos - MENTOR Multim\u00e9dia","isPartOf":{"@id":"https:\/\/mentor-multimedia.com\/#website"},"primaryImageOfPage":{"@id":"https:\/\/mentor-multimedia.com\/index.php\/a-propos\/#primaryimage"},"image":{"@id":"https:\/\/mentor-multimedia.com\/index.php\/a-propos\/#primaryimage"},"thumbnailUrl":"http:\/\/mentor-multimedia.com\/wp-content\/uploads\/2017\/05\/Maurice-Walrave-Createur-des-Editions-Mentor-91x300.jpg","datePublished":"2017-05-08T08:14:03+00:00","dateModified":"2019-03-11T07:36:57+00:00","breadcrumb":{"@id":"https:\/\/mentor-multimedia.com\/index.php\/a-propos\/#breadcrumb"},"inLanguage":"fr-FR","potentialAction":[{"@type":"ReadAction","target":["https:\/\/mentor-multimedia.com\/index.php\/a-propos\/"]}]},{"@type":"ImageObject","inLanguage":"fr-FR","@id":"https:\/\/mentor-multimedia.com\/index.php\/a-propos\/#primaryimage","url":"https:\/\/mentor-multimedia.com\/wp-content\/uploads\/2017\/05\/Maurice-Walrave-Createur-des-Editions-Mentor.jpg","contentUrl":"https:\/\/mentor-multimedia.com\/wp-content\/uploads\/2017\/05\/Maurice-Walrave-Createur-des-Editions-Mentor.jpg","width":182,"height":600},{"@type":"BreadcrumbList","@id":"https:\/\/mentor-multimedia.com\/index.php\/a-propos\/#breadcrumb","itemListElement":[{"@type":"ListItem","position":1,"name":"Accueil","item":"https:\/\/mentor-multimedia.com\/"},{"@type":"ListItem","position":2,"name":"A propos"}]},{"@type":"WebSite","@id":"https:\/\/mentor-multimedia.com\/#website","url":"https:\/\/mentor-multimedia.com\/","name":"MENTOR Multim\u00e9dia - Services informatiques pour les particuliers","description":"L&#039;informatique de proximit\u00e9 dans le Val d&#039;Oise","potentialAction":[{"@type":"SearchAction","target":{"@type":"EntryPoint","urlTemplate":"https:\/\/mentor-multimedia.com\/?s={search_term_string}"},"query-input":{"@type":"PropertyValueSpecification","valueRequired":true,"valueName":"search_term_string"}}],"inLanguage":"fr-FR"}]}},"_links":{"self":[{"href":"https:\/\/mentor-multimedia.com\/index.php\/wp-json\/wp\/v2\/pages\/30","targetHints":{"allow":["GET"]}}],"collection":[{"href":"https:\/\/mentor-multimedia.com\/index.php\/wp-json\/wp\/v2\/pages"}],"about":[{"href":"https:\/\/mentor-multimedia.com\/index.php\/wp-json\/wp\/v2\/types\/page"}],"author":[{"embeddable":true,"href":"https:\/\/mentor-multimedia.com\/index.php\/wp-json\/wp\/v2\/users\/1"}],"replies":[{"embeddable":true,"href":"https:\/\/mentor-multimedia.com\/index.php\/wp-json\/wp\/v2\/comments?post=30"}],"version-history":[{"count":17,"href":"https:\/\/mentor-multimedia.com\/index.php\/wp-json\/wp\/v2\/pages\/30\/revisions"}],"predecessor-version":[{"id":394,"href":"https:\/\/mentor-multimedia.com\/index.php\/wp-json\/wp\/v2\/pages\/30\/revisions\/394"}],"wp:attachment":[{"href":"https:\/\/mentor-multimedia.com\/index.php\/wp-json\/wp\/v2\/media?parent=30"}],"curies":[{"name":"wp","href":"https:\/\/api.w.org\/{rel}","templated":true}]}}