{"id":27,"date":"2017-05-08T10:10:38","date_gmt":"2017-05-08T08:10:38","guid":{"rendered":"http:\/\/mentor-multimedia.com\/new\/?page_id=27"},"modified":"2021-05-13T18:26:56","modified_gmt":"2021-05-13T16:26:56","slug":"depannage-informatique-val-doise","status":"publish","type":"page","link":"https:\/\/mentor-multimedia.com\/index.php\/depannage-informatique-val-doise\/","title":{"rendered":"D\u00e9pannage informatique \/ Maintenance"},"content":{"rendered":"<h2 style=\"text-align: center;\"><span style=\"color: #0000ff;\"><em><strong><img loading=\"lazy\" decoding=\"async\" class=\"alignright wp-image-107\" src=\"http:\/\/mentor-multimedia.com\/wp-content\/uploads\/2017\/05\/help-296x300.jpg\" alt=\"D\u00e9pannage informatique Val d'Oise\" width=\"220\" height=\"223\" srcset=\"https:\/\/mentor-multimedia.com\/wp-content\/uploads\/2017\/05\/help-296x300.jpg 296w, https:\/\/mentor-multimedia.com\/wp-content\/uploads\/2017\/05\/help-250x254.jpg 250w, https:\/\/mentor-multimedia.com\/wp-content\/uploads\/2017\/05\/help.jpg 403w\" sizes=\"auto, (max-width: 220px) 100vw, 220px\" \/>Parce que votre ordinateur, parfois, refuse de faire ce que vous lui demandez !<\/strong><\/em><\/span><\/h2>\n<p>Par t\u00e9l\u00e9phone, mail, ou en se rendant sur place, une solution est trouv\u00e9e !<\/p>\n<p>Parce que vos donn\u00e9es (photos, documents, comptabilit\u00e9&#8230;) n&rsquo;ont pas de prix&#8230; des moyens de sauvegarde automatis\u00e9s peuvent vous \u00eatre propos\u00e9s&#8230;<\/p>\n<ul>\n<li><strong>PARTICULIERS :<\/strong><\/li>\n<\/ul>\n<p style=\"padding-left: 30px;\">Les interventions \u00e0 domicile sont d\u00e9ductibles \u00e0 50%, gr\u00e2ce \u00e0 un cr\u00e9dit d&rsquo;imp\u00f4t sur le revenu (si vous \u00eates non-imposable, le percepteur vous rembourse la moiti\u00e9 des sommes engag\u00e9es l&rsquo;ann\u00e9e suivante). MENTOR-Multim\u00e9dia est agr\u00e9\u00e9 \u00ab\u00a0Services \u00e0 la Personne\u00a0\u00bb SAP488104118.<br \/>\nVous pensez que vous ferez appel plusieurs fois dans l&rsquo;ann\u00e9e ? des possibilit\u00e9s d&rsquo;abonnement permet d&rsquo;en limiter le co\u00fbt.<\/p>\n<ul>\n<li><b>VOTRE DISQUE DUR, VOTRE CL\u00c9\u00a0USB, VOTRE CARTE M\u00c9MOIRE SONT PLANT\u00c9S ?<\/b><\/li>\n<\/ul>\n<p style=\"padding-left: 60px;\"><img loading=\"lazy\" decoding=\"async\" class=\"size-medium wp-image-320\" src=\"https:\/\/mentor-multimedia.com\/wp-content\/uploads\/2019\/01\/disque-dur-300x178.jpg\" alt=\"\" width=\"300\" height=\"178\" srcset=\"https:\/\/mentor-multimedia.com\/wp-content\/uploads\/2019\/01\/disque-dur-300x178.jpg 300w, https:\/\/mentor-multimedia.com\/wp-content\/uploads\/2019\/01\/disque-dur-250x149.jpg 250w, https:\/\/mentor-multimedia.com\/wp-content\/uploads\/2019\/01\/disque-dur-500x297.jpg 500w, https:\/\/mentor-multimedia.com\/wp-content\/uploads\/2019\/01\/disque-dur.jpg 555w\" sizes=\"auto, (max-width: 300px) 100vw, 300px\" \/><\/p>\n<p style=\"padding-left: 30px;\">&#8230;et vous n&rsquo;y avez plus acc\u00e8s ? vous avez effac\u00e9 des donn\u00e9es importantes ?<\/p>\n<p style=\"padding-left: 30px;\">La premi\u00e8re chose \u00e0 faire : ne rien faire ! Par vos manipulations, vous risquez de rendre la perte irr\u00e9m\u00e9diable. Une expertise s&rsquo;impose alors&#8230;<\/p>\n<p style=\"padding-left: 30px;\">Mais bien s\u00fbr, rien ne vaut la<strong> pr\u00e9vention<\/strong>, et donc une <strong>sauvegarde r\u00e9guli\u00e8re et\u00a0 syst\u00e9matique<\/strong> de vos donn\u00e9es pr\u00e9cieuses (Photos, documents, vid\u00e9os, comptabilit\u00e9, g\u00e9n\u00e9alogie&#8230;). La meilleure sauvegarde est celle qui se fait toute seule, sans qu&rsquo;on ait besoin de faire des manipulations compliqu\u00e9es !<\/p>\n<p>N&rsquo;h\u00e9sitez pas <a href=\"http:\/\/mentor-multimedia.com\/index.php\/contact\/\">\u00e0 me contacter !<\/a><\/p>\n<p><span style=\"font-size: 8pt; color: #ffffff;\">http:\/\/www.forem.fr informatique, maintenance informatique, domicile, conseils, initiation formation, d\u00e9pannage informatique, mat\u00e9riel, installation, adsl, multim\u00e9dia, VEXIN, ARRONVILLE, AUVERS-SUR-OISE, BESSANCOURT, BOISEMONT, BOISSY-L&rsquo;AILLERIE,\u00a0\u00a0Taverny \u00a0Auvers-sur-Oise Beauchamp Ennery Butry Valmondois Vallangoujard Mery-sur-Oise L&rsquo;Isle-Adam Osny Saint-Leu-la-foret Nesles-la-vall\u00e9e Livilliers Courdimanche Pontoise Cergy Herblay Eragny Andr\u00e9sy Conflans-Sainte-Honorine Chanteloup-les-Vignes Livilliers Fr\u00e9pillon Epiais-Rhus G\u00e9nicourt Vaur\u00e9al Jouy-Le-Mouthier \u00a0Vexin\u00a0 Marly-la-Ville Bessancourt H\u00e9rouville Valmondois Eragny Herblay Taverny<\/span><\/p>\n","protected":false},"excerpt":{"rendered":"<p>Parce que votre ordinateur, parfois, refuse de faire ce que vous lui demandez ! Par t\u00e9l\u00e9phone, mail, ou en se rendant sur place, une solution est trouv\u00e9e ! Parce que vos donn\u00e9es (photos, documents, comptabilit\u00e9&#8230;) n&rsquo;ont pas de prix&#8230; des &hellip; <a href=\"https:\/\/mentor-multimedia.com\/index.php\/depannage-informatique-val-doise\/\">Continuer la lecture <span class=\"meta-nav\">&rarr;<\/span><\/a><\/p>\n","protected":false},"author":1,"featured_media":0,"parent":0,"menu_order":0,"comment_status":"closed","ping_status":"closed","template":"","meta":{"footnotes":""},"class_list":["post-27","page","type-page","status-publish","hentry"],"yoast_head":"<!-- This site is optimized with the Yoast SEO plugin v24.9 - https:\/\/yoast.com\/wordpress\/plugins\/seo\/ -->\n<title>D\u00e9pannage informatique Val d&#039;Oise<\/title>\n<meta name=\"description\" content=\"D\u00e9pannage informatique Val d&#039;Oise\" \/>\n<meta name=\"robots\" content=\"index, follow, max-snippet:-1, max-image-preview:large, max-video-preview:-1\" \/>\n<link rel=\"canonical\" href=\"https:\/\/mentor-multimedia.com\/index.php\/depannage-informatique-val-doise\/\" \/>\n<meta property=\"og:locale\" content=\"fr_FR\" \/>\n<meta property=\"og:type\" content=\"article\" \/>\n<meta property=\"og:title\" content=\"D\u00e9pannage informatique Val d&#039;Oise\" \/>\n<meta property=\"og:description\" content=\"D\u00e9pannage informatique Val d&#039;Oise\" \/>\n<meta property=\"og:url\" content=\"https:\/\/mentor-multimedia.com\/index.php\/depannage-informatique-val-doise\/\" \/>\n<meta property=\"og:site_name\" content=\"MENTOR Multim\u00e9dia\" \/>\n<meta property=\"article:modified_time\" content=\"2021-05-13T16:26:56+00:00\" \/>\n<meta property=\"og:image\" content=\"http:\/\/mentor-multimedia.com\/wp-content\/uploads\/2017\/05\/help-296x300.jpg\" \/>\n<meta name=\"twitter:card\" content=\"summary_large_image\" \/>\n<meta name=\"twitter:label1\" content=\"Dur\u00e9e de lecture estim\u00e9e\" \/>\n\t<meta name=\"twitter:data1\" content=\"1 minute\" \/>\n<script type=\"application\/ld+json\" class=\"yoast-schema-graph\">{\"@context\":\"https:\/\/schema.org\",\"@graph\":[{\"@type\":\"WebPage\",\"@id\":\"https:\/\/mentor-multimedia.com\/index.php\/depannage-informatique-val-doise\/\",\"url\":\"https:\/\/mentor-multimedia.com\/index.php\/depannage-informatique-val-doise\/\",\"name\":\"D\u00e9pannage informatique Val d'Oise\",\"isPartOf\":{\"@id\":\"https:\/\/mentor-multimedia.com\/#website\"},\"primaryImageOfPage\":{\"@id\":\"https:\/\/mentor-multimedia.com\/index.php\/depannage-informatique-val-doise\/#primaryimage\"},\"image\":{\"@id\":\"https:\/\/mentor-multimedia.com\/index.php\/depannage-informatique-val-doise\/#primaryimage\"},\"thumbnailUrl\":\"http:\/\/mentor-multimedia.com\/wp-content\/uploads\/2017\/05\/help-296x300.jpg\",\"datePublished\":\"2017-05-08T08:10:38+00:00\",\"dateModified\":\"2021-05-13T16:26:56+00:00\",\"description\":\"D\u00e9pannage informatique Val d'Oise\",\"breadcrumb\":{\"@id\":\"https:\/\/mentor-multimedia.com\/index.php\/depannage-informatique-val-doise\/#breadcrumb\"},\"inLanguage\":\"fr-FR\",\"potentialAction\":[{\"@type\":\"ReadAction\",\"target\":[\"https:\/\/mentor-multimedia.com\/index.php\/depannage-informatique-val-doise\/\"]}]},{\"@type\":\"ImageObject\",\"inLanguage\":\"fr-FR\",\"@id\":\"https:\/\/mentor-multimedia.com\/index.php\/depannage-informatique-val-doise\/#primaryimage\",\"url\":\"https:\/\/mentor-multimedia.com\/wp-content\/uploads\/2017\/05\/help.jpg\",\"contentUrl\":\"https:\/\/mentor-multimedia.com\/wp-content\/uploads\/2017\/05\/help.jpg\",\"width\":403,\"height\":409},{\"@type\":\"BreadcrumbList\",\"@id\":\"https:\/\/mentor-multimedia.com\/index.php\/depannage-informatique-val-doise\/#breadcrumb\",\"itemListElement\":[{\"@type\":\"ListItem\",\"position\":1,\"name\":\"Accueil\",\"item\":\"https:\/\/mentor-multimedia.com\/\"},{\"@type\":\"ListItem\",\"position\":2,\"name\":\"D\u00e9pannage informatique \/ Maintenance\"}]},{\"@type\":\"WebSite\",\"@id\":\"https:\/\/mentor-multimedia.com\/#website\",\"url\":\"https:\/\/mentor-multimedia.com\/\",\"name\":\"MENTOR Multim\u00e9dia - Services informatiques pour les particuliers\",\"description\":\"L&#039;informatique de proximit\u00e9 dans le Val d&#039;Oise\",\"potentialAction\":[{\"@type\":\"SearchAction\",\"target\":{\"@type\":\"EntryPoint\",\"urlTemplate\":\"https:\/\/mentor-multimedia.com\/?s={search_term_string}\"},\"query-input\":{\"@type\":\"PropertyValueSpecification\",\"valueRequired\":true,\"valueName\":\"search_term_string\"}}],\"inLanguage\":\"fr-FR\"}]}<\/script>\n<!-- \/ Yoast SEO plugin. -->","yoast_head_json":{"title":"D\u00e9pannage informatique Val d'Oise","description":"D\u00e9pannage informatique Val d'Oise","robots":{"index":"index","follow":"follow","max-snippet":"max-snippet:-1","max-image-preview":"max-image-preview:large","max-video-preview":"max-video-preview:-1"},"canonical":"https:\/\/mentor-multimedia.com\/index.php\/depannage-informatique-val-doise\/","og_locale":"fr_FR","og_type":"article","og_title":"D\u00e9pannage informatique Val d'Oise","og_description":"D\u00e9pannage informatique Val d'Oise","og_url":"https:\/\/mentor-multimedia.com\/index.php\/depannage-informatique-val-doise\/","og_site_name":"MENTOR Multim\u00e9dia","article_modified_time":"2021-05-13T16:26:56+00:00","og_image":[{"url":"http:\/\/mentor-multimedia.com\/wp-content\/uploads\/2017\/05\/help-296x300.jpg","type":"","width":"","height":""}],"twitter_card":"summary_large_image","twitter_misc":{"Dur\u00e9e de lecture estim\u00e9e":"1 minute"},"schema":{"@context":"https:\/\/schema.org","@graph":[{"@type":"WebPage","@id":"https:\/\/mentor-multimedia.com\/index.php\/depannage-informatique-val-doise\/","url":"https:\/\/mentor-multimedia.com\/index.php\/depannage-informatique-val-doise\/","name":"D\u00e9pannage informatique Val d'Oise","isPartOf":{"@id":"https:\/\/mentor-multimedia.com\/#website"},"primaryImageOfPage":{"@id":"https:\/\/mentor-multimedia.com\/index.php\/depannage-informatique-val-doise\/#primaryimage"},"image":{"@id":"https:\/\/mentor-multimedia.com\/index.php\/depannage-informatique-val-doise\/#primaryimage"},"thumbnailUrl":"http:\/\/mentor-multimedia.com\/wp-content\/uploads\/2017\/05\/help-296x300.jpg","datePublished":"2017-05-08T08:10:38+00:00","dateModified":"2021-05-13T16:26:56+00:00","description":"D\u00e9pannage informatique Val d'Oise","breadcrumb":{"@id":"https:\/\/mentor-multimedia.com\/index.php\/depannage-informatique-val-doise\/#breadcrumb"},"inLanguage":"fr-FR","potentialAction":[{"@type":"ReadAction","target":["https:\/\/mentor-multimedia.com\/index.php\/depannage-informatique-val-doise\/"]}]},{"@type":"ImageObject","inLanguage":"fr-FR","@id":"https:\/\/mentor-multimedia.com\/index.php\/depannage-informatique-val-doise\/#primaryimage","url":"https:\/\/mentor-multimedia.com\/wp-content\/uploads\/2017\/05\/help.jpg","contentUrl":"https:\/\/mentor-multimedia.com\/wp-content\/uploads\/2017\/05\/help.jpg","width":403,"height":409},{"@type":"BreadcrumbList","@id":"https:\/\/mentor-multimedia.com\/index.php\/depannage-informatique-val-doise\/#breadcrumb","itemListElement":[{"@type":"ListItem","position":1,"name":"Accueil","item":"https:\/\/mentor-multimedia.com\/"},{"@type":"ListItem","position":2,"name":"D\u00e9pannage informatique \/ Maintenance"}]},{"@type":"WebSite","@id":"https:\/\/mentor-multimedia.com\/#website","url":"https:\/\/mentor-multimedia.com\/","name":"MENTOR Multim\u00e9dia - Services informatiques pour les particuliers","description":"L&#039;informatique de proximit\u00e9 dans le Val d&#039;Oise","potentialAction":[{"@type":"SearchAction","target":{"@type":"EntryPoint","urlTemplate":"https:\/\/mentor-multimedia.com\/?s={search_term_string}"},"query-input":{"@type":"PropertyValueSpecification","valueRequired":true,"valueName":"search_term_string"}}],"inLanguage":"fr-FR"}]}},"_links":{"self":[{"href":"https:\/\/mentor-multimedia.com\/index.php\/wp-json\/wp\/v2\/pages\/27","targetHints":{"allow":["GET"]}}],"collection":[{"href":"https:\/\/mentor-multimedia.com\/index.php\/wp-json\/wp\/v2\/pages"}],"about":[{"href":"https:\/\/mentor-multimedia.com\/index.php\/wp-json\/wp\/v2\/types\/page"}],"author":[{"embeddable":true,"href":"https:\/\/mentor-multimedia.com\/index.php\/wp-json\/wp\/v2\/users\/1"}],"replies":[{"embeddable":true,"href":"https:\/\/mentor-multimedia.com\/index.php\/wp-json\/wp\/v2\/comments?post=27"}],"version-history":[{"count":19,"href":"https:\/\/mentor-multimedia.com\/index.php\/wp-json\/wp\/v2\/pages\/27\/revisions"}],"predecessor-version":[{"id":478,"href":"https:\/\/mentor-multimedia.com\/index.php\/wp-json\/wp\/v2\/pages\/27\/revisions\/478"}],"wp:attachment":[{"href":"https:\/\/mentor-multimedia.com\/index.php\/wp-json\/wp\/v2\/media?parent=27"}],"curies":[{"name":"wp","href":"https:\/\/api.w.org\/{rel}","templated":true}]}}