{"id":236,"date":"2017-12-13T17:18:15","date_gmt":"2017-12-13T16:18:15","guid":{"rendered":"http:\/\/mentor-multimedia.com\/?page_id=236"},"modified":"2020-01-23T09:29:44","modified_gmt":"2020-01-23T08:29:44","slug":"sites-internet","status":"publish","type":"page","link":"https:\/\/mentor-multimedia.com\/index.php\/sites-internet\/","title":{"rendered":"Sites internet"},"content":{"rendered":"\n<figure class=\"wp-block-image\"><img decoding=\"async\" src=\"blob:https:\/\/mentor-multimedia.com\/9b079580-1508-40d5-a7e8-c9d32b0b9064\" alt=\"\"\/><\/figure>\n\n\n<p>MENTOR Multim\u00e9dia peut vous accompagner dans la cr\u00e9ation ou la mise \u00e0 jour de votre site internet&#8230; <a href=\"http:\/\/mentor-multimedia.com\/index.php\/contact\/\">Renseignez-vous !<\/a><\/p>\n<p>Voici quelques exemples :<\/p>\n<div id=\"attachment_431\" style=\"width: 310px\" class=\"wp-caption alignnone\"><a href=\"https:\/\/lepointdroit.fr\/\" target=\"_blank\" rel=\"noopener noreferrer\"><img loading=\"lazy\" decoding=\"async\" aria-describedby=\"caption-attachment-431\" class=\"wp-image-431 size-medium\" src=\"https:\/\/mentor-multimedia.com\/wp-content\/uploads\/2020\/01\/le-point-droit-300x245.jpg\" alt=\"\" width=\"300\" height=\"245\" srcset=\"https:\/\/mentor-multimedia.com\/wp-content\/uploads\/2020\/01\/le-point-droit-300x245.jpg 300w, https:\/\/mentor-multimedia.com\/wp-content\/uploads\/2020\/01\/le-point-droit-768x628.jpg 768w, https:\/\/mentor-multimedia.com\/wp-content\/uploads\/2020\/01\/le-point-droit-1024x837.jpg 1024w, https:\/\/mentor-multimedia.com\/wp-content\/uploads\/2020\/01\/le-point-droit-250x204.jpg 250w, https:\/\/mentor-multimedia.com\/wp-content\/uploads\/2020\/01\/le-point-droit-367x300.jpg 367w, https:\/\/mentor-multimedia.com\/wp-content\/uploads\/2020\/01\/le-point-droit.jpg 1122w\" sizes=\"auto, (max-width: 300px) 100vw, 300px\" \/><\/a><p id=\"caption-attachment-431\" class=\"wp-caption-text\"><a href=\"https:\/\/lepointdroit.fr\/\" target=\"_blank\" rel=\"noopener noreferrer\">Le Point Droit<\/a><\/p><\/div>\n<p>\u00a0<\/p>\n<div id=\"attachment_243\" style=\"width: 310px\" class=\"wp-caption aligncenter\"><a href=\"http:\/\/www.forem.fr\/\" target=\"_blank\" rel=\"noopener noreferrer\"><img loading=\"lazy\" decoding=\"async\" aria-describedby=\"caption-attachment-243\" class=\"wp-image-243 size-medium\" src=\"http:\/\/mentor-multimedia.com\/wp-content\/uploads\/2017\/12\/forem-300x231.jpg\" alt=\"Forages\" width=\"300\" height=\"231\" srcset=\"https:\/\/mentor-multimedia.com\/wp-content\/uploads\/2017\/12\/forem-300x231.jpg 300w, https:\/\/mentor-multimedia.com\/wp-content\/uploads\/2017\/12\/forem-768x592.jpg 768w, https:\/\/mentor-multimedia.com\/wp-content\/uploads\/2017\/12\/forem-1024x789.jpg 1024w, https:\/\/mentor-multimedia.com\/wp-content\/uploads\/2017\/12\/forem-250x193.jpg 250w, https:\/\/mentor-multimedia.com\/wp-content\/uploads\/2017\/12\/forem-390x300.jpg 390w, https:\/\/mentor-multimedia.com\/wp-content\/uploads\/2017\/12\/forem.jpg 1101w\" sizes=\"auto, (max-width: 300px) 100vw, 300px\" \/><\/a><p id=\"caption-attachment-243\" class=\"wp-caption-text\">Forem<\/p><\/div>\n<p><a href=\"https:\/\/eglise-saint-clair.org\/\" target=\"_blank\" rel=\"noopener noreferrer\"><img loading=\"lazy\" decoding=\"async\" class=\"alignnone wp-image-397 size-medium\" src=\"https:\/\/mentor-multimedia.com\/wp-content\/uploads\/2019\/03\/ASE-Herouville-1-300x242.jpg\" alt=\"\" width=\"300\" height=\"242\" srcset=\"https:\/\/mentor-multimedia.com\/wp-content\/uploads\/2019\/03\/ASE-Herouville-1-300x242.jpg 300w, https:\/\/mentor-multimedia.com\/wp-content\/uploads\/2019\/03\/ASE-Herouville-1-768x620.jpg 768w, https:\/\/mentor-multimedia.com\/wp-content\/uploads\/2019\/03\/ASE-Herouville-1-1024x826.jpg 1024w, https:\/\/mentor-multimedia.com\/wp-content\/uploads\/2019\/03\/ASE-Herouville-1-250x202.jpg 250w, https:\/\/mentor-multimedia.com\/wp-content\/uploads\/2019\/03\/ASE-Herouville-1-372x300.jpg 372w, https:\/\/mentor-multimedia.com\/wp-content\/uploads\/2019\/03\/ASE-Herouville-1.jpg 1262w\" sizes=\"auto, (max-width: 300px) 100vw, 300px\" \/><\/a><\/p>\n<p>Association de Sauvegarde de l&rsquo;\u00e9glise d&rsquo;H\u00e9rouville<\/p>\n<div id=\"attachment_239\" style=\"width: 310px\" class=\"wp-caption aligncenter\"><a href=\"http:\/\/parkinson95.fr\/\" target=\"_blank\" rel=\"noopener noreferrer\"><img loading=\"lazy\" decoding=\"async\" aria-describedby=\"caption-attachment-239\" class=\"wp-image-239 size-medium\" src=\"http:\/\/mentor-multimedia.com\/wp-content\/uploads\/2017\/12\/Parkinson-300x208.jpg\" alt=\"\" width=\"300\" height=\"208\" srcset=\"https:\/\/mentor-multimedia.com\/wp-content\/uploads\/2017\/12\/Parkinson-300x208.jpg 300w, https:\/\/mentor-multimedia.com\/wp-content\/uploads\/2017\/12\/Parkinson-768x532.jpg 768w, https:\/\/mentor-multimedia.com\/wp-content\/uploads\/2017\/12\/Parkinson-1024x709.jpg 1024w, https:\/\/mentor-multimedia.com\/wp-content\/uploads\/2017\/12\/Parkinson-250x173.jpg 250w, https:\/\/mentor-multimedia.com\/wp-content\/uploads\/2017\/12\/Parkinson-433x300.jpg 433w, https:\/\/mentor-multimedia.com\/wp-content\/uploads\/2017\/12\/Parkinson.jpg 1228w\" sizes=\"auto, (max-width: 300px) 100vw, 300px\" \/><\/a><p id=\"caption-attachment-239\" class=\"wp-caption-text\">Parkinson 95<\/p><\/div>\n<p><a href=\"http:\/\/asel-livilliers.fr\/\" target=\"_blank\" rel=\"noopener noreferrer\"><img loading=\"lazy\" decoding=\"async\" class=\"wp-image-246 size-medium\" src=\"http:\/\/mentor-multimedia.com\/wp-content\/uploads\/2017\/12\/asel-300x209.jpg\" alt=\"\" width=\"300\" height=\"209\" srcset=\"https:\/\/mentor-multimedia.com\/wp-content\/uploads\/2017\/12\/asel-300x209.jpg 300w, https:\/\/mentor-multimedia.com\/wp-content\/uploads\/2017\/12\/asel-768x535.jpg 768w, https:\/\/mentor-multimedia.com\/wp-content\/uploads\/2017\/12\/asel-1024x713.jpg 1024w, https:\/\/mentor-multimedia.com\/wp-content\/uploads\/2017\/12\/asel-250x174.jpg 250w, https:\/\/mentor-multimedia.com\/wp-content\/uploads\/2017\/12\/asel-431x300.jpg 431w, https:\/\/mentor-multimedia.com\/wp-content\/uploads\/2017\/12\/asel.jpg 1240w\" sizes=\"auto, (max-width: 300px) 100vw, 300px\" \/><\/a><\/p>\n<p>Association de sauvegarde de l&rsquo;\u00e9glise de Livilliers<\/p>\n<p>\u00a0<\/p>\n<div id=\"attachment_238\" style=\"width: 230px\" class=\"wp-caption aligncenter\"><a href=\"http:\/\/mentor-multimedia.com\/\" target=\"_blank\" rel=\"noopener noreferrer\"><img loading=\"lazy\" decoding=\"async\" aria-describedby=\"caption-attachment-238\" class=\"wp-image-238 \" src=\"http:\/\/mentor-multimedia.com\/wp-content\/uploads\/2017\/12\/Mentor-Multim\u00e9dia-1-173x300.jpg\" alt=\"L'assistance informatique personnalis\u00e9e\" width=\"220\" height=\"382\" srcset=\"https:\/\/mentor-multimedia.com\/wp-content\/uploads\/2017\/12\/Mentor-Multim\u00e9dia-1-173x300.jpg 173w, https:\/\/mentor-multimedia.com\/wp-content\/uploads\/2017\/12\/Mentor-Multim\u00e9dia-1-250x435.jpg 250w, https:\/\/mentor-multimedia.com\/wp-content\/uploads\/2017\/12\/Mentor-Multim\u00e9dia-1.jpg 429w\" sizes=\"auto, (max-width: 220px) 100vw, 220px\" \/><\/a><p id=\"caption-attachment-238\" class=\"wp-caption-text\">Mentor Multim\u00e9dia<\/p><\/div>\n<div id=\"attachment_248\" style=\"width: 310px\" class=\"wp-caption alignleft\"><a href=\"http:\/\/www.herouville-en-vexin.net\/\" target=\"_blank\" rel=\"noopener noreferrer\"><img loading=\"lazy\" decoding=\"async\" aria-describedby=\"caption-attachment-248\" class=\"wp-image-248 size-medium\" src=\"http:\/\/mentor-multimedia.com\/wp-content\/uploads\/2017\/12\/herouville-300x291.jpg\" alt=\"\" width=\"300\" height=\"291\" srcset=\"https:\/\/mentor-multimedia.com\/wp-content\/uploads\/2017\/12\/herouville-300x291.jpg 300w, https:\/\/mentor-multimedia.com\/wp-content\/uploads\/2017\/12\/herouville-768x745.jpg 768w, https:\/\/mentor-multimedia.com\/wp-content\/uploads\/2017\/12\/herouville-250x243.jpg 250w, https:\/\/mentor-multimedia.com\/wp-content\/uploads\/2017\/12\/herouville-309x300.jpg 309w, https:\/\/mentor-multimedia.com\/wp-content\/uploads\/2017\/12\/herouville.jpg 910w\" sizes=\"auto, (max-width: 300px) 100vw, 300px\" \/><\/a><p id=\"caption-attachment-248\" class=\"wp-caption-text\">Mairie d&rsquo;H\u00e9rouville en Vexin<\/p><\/div>","protected":false},"excerpt":{"rendered":"<p>MENTOR Multim\u00e9dia peut vous accompagner dans la cr\u00e9ation ou la mise \u00e0 jour de votre site internet&#8230; Renseignez-vous ! Voici quelques exemples : \u00a0 Association de Sauvegarde de l&rsquo;\u00e9glise d&rsquo;H\u00e9rouville Association de sauvegarde de l&rsquo;\u00e9glise de Livilliers \u00a0<\/p>\n","protected":false},"author":1,"featured_media":0,"parent":0,"menu_order":0,"comment_status":"closed","ping_status":"closed","template":"","meta":{"footnotes":""},"class_list":["post-236","page","type-page","status-publish","hentry"],"yoast_head":"<!-- This site is optimized with the Yoast SEO plugin v24.9 - https:\/\/yoast.com\/wordpress\/plugins\/seo\/ -->\n<title>Sites internet - MENTOR Multim\u00e9dia<\/title>\n<meta name=\"robots\" content=\"index, follow, max-snippet:-1, max-image-preview:large, max-video-preview:-1\" \/>\n<link rel=\"canonical\" href=\"https:\/\/mentor-multimedia.com\/index.php\/sites-internet\/\" \/>\n<meta property=\"og:locale\" content=\"fr_FR\" \/>\n<meta property=\"og:type\" content=\"article\" \/>\n<meta property=\"og:title\" content=\"Sites internet - MENTOR Multim\u00e9dia\" \/>\n<meta property=\"og:description\" content=\"MENTOR Multim\u00e9dia peut vous accompagner dans la cr\u00e9ation ou la mise \u00e0 jour de votre site internet&#8230; Renseignez-vous ! Voici quelques exemples : \u00a0 Association de Sauvegarde de l&rsquo;\u00e9glise d&rsquo;H\u00e9rouville Association de sauvegarde de l&rsquo;\u00e9glise de Livilliers \u00a0\" \/>\n<meta property=\"og:url\" content=\"https:\/\/mentor-multimedia.com\/index.php\/sites-internet\/\" \/>\n<meta property=\"og:site_name\" content=\"MENTOR Multim\u00e9dia\" \/>\n<meta property=\"article:modified_time\" content=\"2020-01-23T08:29:44+00:00\" \/>\n<meta property=\"og:image\" content=\"\" \/>\n<meta name=\"twitter:card\" content=\"summary_large_image\" \/>\n<script type=\"application\/ld+json\" class=\"yoast-schema-graph\">{\"@context\":\"https:\/\/schema.org\",\"@graph\":[{\"@type\":\"WebPage\",\"@id\":\"https:\/\/mentor-multimedia.com\/index.php\/sites-internet\/\",\"url\":\"https:\/\/mentor-multimedia.com\/index.php\/sites-internet\/\",\"name\":\"Sites internet - MENTOR Multim\u00e9dia\",\"isPartOf\":{\"@id\":\"https:\/\/mentor-multimedia.com\/#website\"},\"primaryImageOfPage\":{\"@id\":\"https:\/\/mentor-multimedia.com\/index.php\/sites-internet\/#primaryimage\"},\"image\":{\"@id\":\"https:\/\/mentor-multimedia.com\/index.php\/sites-internet\/#primaryimage\"},\"thumbnailUrl\":\"https:\/\/mentor-multimedia.com\/wp-content\/uploads\/2020\/01\/le-point-droit-300x245.jpg\",\"datePublished\":\"2017-12-13T16:18:15+00:00\",\"dateModified\":\"2020-01-23T08:29:44+00:00\",\"breadcrumb\":{\"@id\":\"https:\/\/mentor-multimedia.com\/index.php\/sites-internet\/#breadcrumb\"},\"inLanguage\":\"fr-FR\",\"potentialAction\":[{\"@type\":\"ReadAction\",\"target\":[\"https:\/\/mentor-multimedia.com\/index.php\/sites-internet\/\"]}]},{\"@type\":\"ImageObject\",\"inLanguage\":\"fr-FR\",\"@id\":\"https:\/\/mentor-multimedia.com\/index.php\/sites-internet\/#primaryimage\",\"url\":\"https:\/\/mentor-multimedia.com\/wp-content\/uploads\/2020\/01\/le-point-droit.jpg\",\"contentUrl\":\"https:\/\/mentor-multimedia.com\/wp-content\/uploads\/2020\/01\/le-point-droit.jpg\",\"width\":1122,\"height\":917},{\"@type\":\"BreadcrumbList\",\"@id\":\"https:\/\/mentor-multimedia.com\/index.php\/sites-internet\/#breadcrumb\",\"itemListElement\":[{\"@type\":\"ListItem\",\"position\":1,\"name\":\"Accueil\",\"item\":\"https:\/\/mentor-multimedia.com\/\"},{\"@type\":\"ListItem\",\"position\":2,\"name\":\"Sites internet\"}]},{\"@type\":\"WebSite\",\"@id\":\"https:\/\/mentor-multimedia.com\/#website\",\"url\":\"https:\/\/mentor-multimedia.com\/\",\"name\":\"MENTOR Multim\u00e9dia - Services informatiques pour les particuliers\",\"description\":\"L&#039;informatique de proximit\u00e9 dans le Val d&#039;Oise\",\"potentialAction\":[{\"@type\":\"SearchAction\",\"target\":{\"@type\":\"EntryPoint\",\"urlTemplate\":\"https:\/\/mentor-multimedia.com\/?s={search_term_string}\"},\"query-input\":{\"@type\":\"PropertyValueSpecification\",\"valueRequired\":true,\"valueName\":\"search_term_string\"}}],\"inLanguage\":\"fr-FR\"}]}<\/script>\n<!-- \/ Yoast SEO plugin. -->","yoast_head_json":{"title":"Sites internet - MENTOR Multim\u00e9dia","robots":{"index":"index","follow":"follow","max-snippet":"max-snippet:-1","max-image-preview":"max-image-preview:large","max-video-preview":"max-video-preview:-1"},"canonical":"https:\/\/mentor-multimedia.com\/index.php\/sites-internet\/","og_locale":"fr_FR","og_type":"article","og_title":"Sites internet - MENTOR Multim\u00e9dia","og_description":"MENTOR Multim\u00e9dia peut vous accompagner dans la cr\u00e9ation ou la mise \u00e0 jour de votre site internet&#8230; Renseignez-vous ! Voici quelques exemples : \u00a0 Association de Sauvegarde de l&rsquo;\u00e9glise d&rsquo;H\u00e9rouville Association de sauvegarde de l&rsquo;\u00e9glise de Livilliers \u00a0","og_url":"https:\/\/mentor-multimedia.com\/index.php\/sites-internet\/","og_site_name":"MENTOR Multim\u00e9dia","article_modified_time":"2020-01-23T08:29:44+00:00","og_image":[{"url":"blob:https:\/\/mentor-multimedia.com\/9b079580-1508-40d5-a7e8-c9d32b0b9064","type":"","width":"","height":""}],"twitter_card":"summary_large_image","schema":{"@context":"https:\/\/schema.org","@graph":[{"@type":"WebPage","@id":"https:\/\/mentor-multimedia.com\/index.php\/sites-internet\/","url":"https:\/\/mentor-multimedia.com\/index.php\/sites-internet\/","name":"Sites internet - MENTOR Multim\u00e9dia","isPartOf":{"@id":"https:\/\/mentor-multimedia.com\/#website"},"primaryImageOfPage":{"@id":"https:\/\/mentor-multimedia.com\/index.php\/sites-internet\/#primaryimage"},"image":{"@id":"https:\/\/mentor-multimedia.com\/index.php\/sites-internet\/#primaryimage"},"thumbnailUrl":"https:\/\/mentor-multimedia.com\/wp-content\/uploads\/2020\/01\/le-point-droit-300x245.jpg","datePublished":"2017-12-13T16:18:15+00:00","dateModified":"2020-01-23T08:29:44+00:00","breadcrumb":{"@id":"https:\/\/mentor-multimedia.com\/index.php\/sites-internet\/#breadcrumb"},"inLanguage":"fr-FR","potentialAction":[{"@type":"ReadAction","target":["https:\/\/mentor-multimedia.com\/index.php\/sites-internet\/"]}]},{"@type":"ImageObject","inLanguage":"fr-FR","@id":"https:\/\/mentor-multimedia.com\/index.php\/sites-internet\/#primaryimage","url":"https:\/\/mentor-multimedia.com\/wp-content\/uploads\/2020\/01\/le-point-droit.jpg","contentUrl":"https:\/\/mentor-multimedia.com\/wp-content\/uploads\/2020\/01\/le-point-droit.jpg","width":1122,"height":917},{"@type":"BreadcrumbList","@id":"https:\/\/mentor-multimedia.com\/index.php\/sites-internet\/#breadcrumb","itemListElement":[{"@type":"ListItem","position":1,"name":"Accueil","item":"https:\/\/mentor-multimedia.com\/"},{"@type":"ListItem","position":2,"name":"Sites internet"}]},{"@type":"WebSite","@id":"https:\/\/mentor-multimedia.com\/#website","url":"https:\/\/mentor-multimedia.com\/","name":"MENTOR Multim\u00e9dia - Services informatiques pour les particuliers","description":"L&#039;informatique de proximit\u00e9 dans le Val d&#039;Oise","potentialAction":[{"@type":"SearchAction","target":{"@type":"EntryPoint","urlTemplate":"https:\/\/mentor-multimedia.com\/?s={search_term_string}"},"query-input":{"@type":"PropertyValueSpecification","valueRequired":true,"valueName":"search_term_string"}}],"inLanguage":"fr-FR"}]}},"_links":{"self":[{"href":"https:\/\/mentor-multimedia.com\/index.php\/wp-json\/wp\/v2\/pages\/236","targetHints":{"allow":["GET"]}}],"collection":[{"href":"https:\/\/mentor-multimedia.com\/index.php\/wp-json\/wp\/v2\/pages"}],"about":[{"href":"https:\/\/mentor-multimedia.com\/index.php\/wp-json\/wp\/v2\/types\/page"}],"author":[{"embeddable":true,"href":"https:\/\/mentor-multimedia.com\/index.php\/wp-json\/wp\/v2\/users\/1"}],"replies":[{"embeddable":true,"href":"https:\/\/mentor-multimedia.com\/index.php\/wp-json\/wp\/v2\/comments?post=236"}],"version-history":[{"count":10,"href":"https:\/\/mentor-multimedia.com\/index.php\/wp-json\/wp\/v2\/pages\/236\/revisions"}],"predecessor-version":[{"id":433,"href":"https:\/\/mentor-multimedia.com\/index.php\/wp-json\/wp\/v2\/pages\/236\/revisions\/433"}],"wp:attachment":[{"href":"https:\/\/mentor-multimedia.com\/index.php\/wp-json\/wp\/v2\/media?parent=236"}],"curies":[{"name":"wp","href":"https:\/\/api.w.org\/{rel}","templated":true}]}}