{"id":175,"date":"2017-09-25T17:20:24","date_gmt":"2017-09-25T15:20:24","guid":{"rendered":"http:\/\/mentor-multimedia.com\/?page_id=175"},"modified":"2020-01-13T07:49:28","modified_gmt":"2020-01-13T06:49:28","slug":"renouveler-licence-kaspersky","status":"publish","type":"page","link":"https:\/\/mentor-multimedia.com\/index.php\/renouveler-licence-kaspersky\/","title":{"rendered":"Acheter ou renouveler une licence Kaspersky"},"content":{"rendered":"<div id=\"attachment_253\" style=\"width: 230px\" class=\"wp-caption alignright\"><a href=\"http:\/\/mentor-multimedia.com\/wp-content\/uploads\/2017\/09\/Tarif-KASPERSKY.pdf\" target=\"_blank\" rel=\"noopener noreferrer\"><img loading=\"lazy\" decoding=\"async\" aria-describedby=\"caption-attachment-253\" class=\"wp-image-253 size-medium\" src=\"http:\/\/mentor-multimedia.com\/wp-content\/uploads\/2017\/09\/Kaspersky-220x300.jpg\" alt=\"\" width=\"220\" height=\"300\" srcset=\"https:\/\/mentor-multimedia.com\/wp-content\/uploads\/2017\/09\/Kaspersky-220x300.jpg 220w, https:\/\/mentor-multimedia.com\/wp-content\/uploads\/2017\/09\/Kaspersky-250x340.jpg 250w, https:\/\/mentor-multimedia.com\/wp-content\/uploads\/2017\/09\/Kaspersky.jpg 587w\" sizes=\"auto, (max-width: 220px) 100vw, 220px\" \/><\/a><p id=\"caption-attachment-253\" class=\"wp-caption-text\">T\u00e9l\u00e9chargez le tarif des protections KASPERSKY<\/p><\/div>\n<p>Vous achetez une licence pour la premi\u00e8re fois ? <a href=\"https:\/\/www.kaspersky.fr\/home-security#all\" target=\"_blank\" rel=\"noopener noreferrer\">C&rsquo;est l\u00e0 que \u00e7a se passe<\/a>.<\/p>\n<p>Il existe des tarifs pr\u00e9f\u00e9rentiels pour renouveler une licence : pensez-y ! <a href=\"https:\/\/www.kaspersky.fr\/renewal-center\/home\" target=\"_blank\" rel=\"noopener noreferrer\">Cliquez ici pour renouveler.<\/a><\/p>\n<p>Le code d&rsquo;activation (que je vous conseille d&rsquo;archiver pr\u00e9cieusement en pensant qu&rsquo;une r\u00e9installation sera peut-\u00eatre n\u00e9cessaire un jour) est une suite de 4 blocs de chiffres et lettres qui vous sera fourni.<\/p>\n<p>Pour l&rsquo;ins\u00e9rer :<\/p>\n<ul>\n<li>Ouvrez la fen\u00eatre Kaspersky<\/li>\n<li>En bas et \u00e0 droite de la fen\u00eatre, cliquez sur \u00ab\u00a0Licence : il reste xx jours\u00a0\u00bb<img loading=\"lazy\" decoding=\"async\" class=\"size-full wp-image-180 alignright\" src=\"http:\/\/mentor-multimedia.com\/wp-content\/uploads\/2017\/09\/code.jpg\" alt=\"\" width=\"184\" height=\"56\" \/><\/li>\n<li>Dans la fen\u00eatre qui s&rsquo;ouvre, cliquez sur le bouton \u00ab\u00a0Saisir le code d&rsquo;activation\u00a0\u00bb<\/li>\n<li>Dans les cases, recopiez alors scrupuleusement le code qui vous a \u00e9t\u00e9 transmis, puis cliquez sur le bouton \u00ab\u00a0enregistrer le code d&rsquo;activation\u00a0\u00bb. Un\u00a0<img loading=\"lazy\" decoding=\"async\" class=\"size-medium wp-image-181 alignright\" style=\"text-align: center;\" src=\"http:\/\/mentor-multimedia.com\/wp-content\/uploads\/2017\/09\/code-1-300x116.jpg\" alt=\"\" width=\"300\" height=\"116\" srcset=\"https:\/\/mentor-multimedia.com\/wp-content\/uploads\/2017\/09\/code-1-300x116.jpg 300w, https:\/\/mentor-multimedia.com\/wp-content\/uploads\/2017\/09\/code-1-250x96.jpg 250w, https:\/\/mentor-multimedia.com\/wp-content\/uploads\/2017\/09\/code-1.jpg 431w\" sizes=\"auto, (max-width: 300px) 100vw, 300px\" \/>message doit vous indiquer que votre nouvelle licence est correctement install\u00e9e.<\/li>\n<\/ul>\n<ul>\n<li>Si ce n&rsquo;est pas le cas et que vous \u00eates s\u00fbr de n&rsquo;avoir pas fait de faute de frappe, 2 cas peuvent se pr\u00e9senter :\n<ul>\n<li><strong>Votre cl\u00e9 de licence ne correspond pas \u00e0 la version de l&rsquo;application install\u00e9e<\/strong> (par exemple, vous avez achet\u00e9 une licence \u00ab\u00a0Kaspersky Internet Security\u00a0\u00bb et votre programme install\u00e9 est \u00ab\u00a0Kaspersky antivirus\u00a0\u00bb. Il faut alors t\u00e9l\u00e9charge et installer la bonne version (voir ci-dessous).<\/li>\n<li>Vous avez install\u00e9 l&rsquo;application il y a plusieurs ann\u00e9es et elle est incompatible avec une nouvelle licence. Il faut alors la mettre \u00e0 jour.<\/li>\n<\/ul>\n<\/li>\n<\/ul>\n<p style=\"text-align: left;\"><strong>Dans ces deux derniers cas, il n&rsquo;est pas n\u00e9cessaire de d\u00e9sinstaller l&rsquo;ancien programme.<\/strong> T\u00e9l\u00e9chargez et installez simplement la nouvelle version directement. L&rsquo;installeur d\u00e9tectera votre ancienne version et la remplacera automatiquement.<\/p>\n<p>Suivez alors la proc\u00e9dure <a href=\"http:\/\/mentor-multimedia.com\/index.php\/telecharger-kaspersky\/\" target=\"_blank\" rel=\"noopener noreferrer\">indiqu\u00e9e \u00e0 cette page<\/a>, comme si vous l&rsquo;installiez pour la premi\u00e8re fois.<\/p>\n<p>Si vous avez de nouveau un probl\u00e8me, n&rsquo;h\u00e9sitez pas \u00e0 <a href=\"http:\/\/mentor-multimedia.com\/index.php\/contact\/\">me contacter<\/a>.<\/p>\n","protected":false},"excerpt":{"rendered":"<p>Vous achetez une licence pour la premi\u00e8re fois ? C&rsquo;est l\u00e0 que \u00e7a se passe. Il existe des tarifs pr\u00e9f\u00e9rentiels pour renouveler une licence : pensez-y ! Cliquez ici pour renouveler. Le code d&rsquo;activation (que je vous conseille d&rsquo;archiver pr\u00e9cieusement &hellip; <a href=\"https:\/\/mentor-multimedia.com\/index.php\/renouveler-licence-kaspersky\/\">Continuer la lecture <span class=\"meta-nav\">&rarr;<\/span><\/a><\/p>\n","protected":false},"author":1,"featured_media":0,"parent":0,"menu_order":0,"comment_status":"closed","ping_status":"closed","template":"","meta":{"footnotes":""},"class_list":["post-175","page","type-page","status-publish","hentry"],"yoast_head":"<!-- This site is optimized with the Yoast SEO plugin v24.9 - https:\/\/yoast.com\/wordpress\/plugins\/seo\/ -->\n<title>Acheter ou renouveler une licence Kaspersky - MENTOR Multim\u00e9dia<\/title>\n<meta name=\"robots\" content=\"index, follow, max-snippet:-1, max-image-preview:large, max-video-preview:-1\" \/>\n<link rel=\"canonical\" href=\"https:\/\/mentor-multimedia.com\/index.php\/renouveler-licence-kaspersky\/\" \/>\n<meta property=\"og:locale\" content=\"fr_FR\" \/>\n<meta property=\"og:type\" content=\"article\" \/>\n<meta property=\"og:title\" content=\"Acheter ou renouveler une licence Kaspersky - MENTOR Multim\u00e9dia\" \/>\n<meta property=\"og:description\" content=\"Vous achetez une licence pour la premi\u00e8re fois ? C&rsquo;est l\u00e0 que \u00e7a se passe. Il existe des tarifs pr\u00e9f\u00e9rentiels pour renouveler une licence : pensez-y ! Cliquez ici pour renouveler. Le code d&rsquo;activation (que je vous conseille d&rsquo;archiver pr\u00e9cieusement &hellip; Continuer la lecture &rarr;\" \/>\n<meta property=\"og:url\" content=\"https:\/\/mentor-multimedia.com\/index.php\/renouveler-licence-kaspersky\/\" \/>\n<meta property=\"og:site_name\" content=\"MENTOR Multim\u00e9dia\" \/>\n<meta property=\"article:modified_time\" content=\"2020-01-13T06:49:28+00:00\" \/>\n<meta property=\"og:image\" content=\"http:\/\/mentor-multimedia.com\/wp-content\/uploads\/2017\/09\/Kaspersky-220x300.jpg\" \/>\n<meta name=\"twitter:card\" content=\"summary_large_image\" \/>\n<meta name=\"twitter:label1\" content=\"Dur\u00e9e de lecture estim\u00e9e\" \/>\n\t<meta name=\"twitter:data1\" content=\"2 minutes\" \/>\n<script type=\"application\/ld+json\" class=\"yoast-schema-graph\">{\"@context\":\"https:\/\/schema.org\",\"@graph\":[{\"@type\":\"WebPage\",\"@id\":\"https:\/\/mentor-multimedia.com\/index.php\/renouveler-licence-kaspersky\/\",\"url\":\"https:\/\/mentor-multimedia.com\/index.php\/renouveler-licence-kaspersky\/\",\"name\":\"Acheter ou renouveler une licence Kaspersky - MENTOR Multim\u00e9dia\",\"isPartOf\":{\"@id\":\"https:\/\/mentor-multimedia.com\/#website\"},\"primaryImageOfPage\":{\"@id\":\"https:\/\/mentor-multimedia.com\/index.php\/renouveler-licence-kaspersky\/#primaryimage\"},\"image\":{\"@id\":\"https:\/\/mentor-multimedia.com\/index.php\/renouveler-licence-kaspersky\/#primaryimage\"},\"thumbnailUrl\":\"http:\/\/mentor-multimedia.com\/wp-content\/uploads\/2017\/09\/Kaspersky-220x300.jpg\",\"datePublished\":\"2017-09-25T15:20:24+00:00\",\"dateModified\":\"2020-01-13T06:49:28+00:00\",\"breadcrumb\":{\"@id\":\"https:\/\/mentor-multimedia.com\/index.php\/renouveler-licence-kaspersky\/#breadcrumb\"},\"inLanguage\":\"fr-FR\",\"potentialAction\":[{\"@type\":\"ReadAction\",\"target\":[\"https:\/\/mentor-multimedia.com\/index.php\/renouveler-licence-kaspersky\/\"]}]},{\"@type\":\"ImageObject\",\"inLanguage\":\"fr-FR\",\"@id\":\"https:\/\/mentor-multimedia.com\/index.php\/renouveler-licence-kaspersky\/#primaryimage\",\"url\":\"https:\/\/mentor-multimedia.com\/wp-content\/uploads\/2017\/09\/Kaspersky.jpg\",\"contentUrl\":\"https:\/\/mentor-multimedia.com\/wp-content\/uploads\/2017\/09\/Kaspersky.jpg\",\"width\":587,\"height\":799},{\"@type\":\"BreadcrumbList\",\"@id\":\"https:\/\/mentor-multimedia.com\/index.php\/renouveler-licence-kaspersky\/#breadcrumb\",\"itemListElement\":[{\"@type\":\"ListItem\",\"position\":1,\"name\":\"Accueil\",\"item\":\"https:\/\/mentor-multimedia.com\/\"},{\"@type\":\"ListItem\",\"position\":2,\"name\":\"Acheter ou renouveler une licence Kaspersky\"}]},{\"@type\":\"WebSite\",\"@id\":\"https:\/\/mentor-multimedia.com\/#website\",\"url\":\"https:\/\/mentor-multimedia.com\/\",\"name\":\"MENTOR Multim\u00e9dia - Services informatiques pour les particuliers\",\"description\":\"L&#039;informatique de proximit\u00e9 dans le Val d&#039;Oise\",\"potentialAction\":[{\"@type\":\"SearchAction\",\"target\":{\"@type\":\"EntryPoint\",\"urlTemplate\":\"https:\/\/mentor-multimedia.com\/?s={search_term_string}\"},\"query-input\":{\"@type\":\"PropertyValueSpecification\",\"valueRequired\":true,\"valueName\":\"search_term_string\"}}],\"inLanguage\":\"fr-FR\"}]}<\/script>\n<!-- \/ Yoast SEO plugin. -->","yoast_head_json":{"title":"Acheter ou renouveler une licence Kaspersky - MENTOR Multim\u00e9dia","robots":{"index":"index","follow":"follow","max-snippet":"max-snippet:-1","max-image-preview":"max-image-preview:large","max-video-preview":"max-video-preview:-1"},"canonical":"https:\/\/mentor-multimedia.com\/index.php\/renouveler-licence-kaspersky\/","og_locale":"fr_FR","og_type":"article","og_title":"Acheter ou renouveler une licence Kaspersky - MENTOR Multim\u00e9dia","og_description":"Vous achetez une licence pour la premi\u00e8re fois ? C&rsquo;est l\u00e0 que \u00e7a se passe. Il existe des tarifs pr\u00e9f\u00e9rentiels pour renouveler une licence : pensez-y ! Cliquez ici pour renouveler. Le code d&rsquo;activation (que je vous conseille d&rsquo;archiver pr\u00e9cieusement &hellip; Continuer la lecture &rarr;","og_url":"https:\/\/mentor-multimedia.com\/index.php\/renouveler-licence-kaspersky\/","og_site_name":"MENTOR Multim\u00e9dia","article_modified_time":"2020-01-13T06:49:28+00:00","og_image":[{"url":"http:\/\/mentor-multimedia.com\/wp-content\/uploads\/2017\/09\/Kaspersky-220x300.jpg","type":"","width":"","height":""}],"twitter_card":"summary_large_image","twitter_misc":{"Dur\u00e9e de lecture estim\u00e9e":"2 minutes"},"schema":{"@context":"https:\/\/schema.org","@graph":[{"@type":"WebPage","@id":"https:\/\/mentor-multimedia.com\/index.php\/renouveler-licence-kaspersky\/","url":"https:\/\/mentor-multimedia.com\/index.php\/renouveler-licence-kaspersky\/","name":"Acheter ou renouveler une licence Kaspersky - MENTOR Multim\u00e9dia","isPartOf":{"@id":"https:\/\/mentor-multimedia.com\/#website"},"primaryImageOfPage":{"@id":"https:\/\/mentor-multimedia.com\/index.php\/renouveler-licence-kaspersky\/#primaryimage"},"image":{"@id":"https:\/\/mentor-multimedia.com\/index.php\/renouveler-licence-kaspersky\/#primaryimage"},"thumbnailUrl":"http:\/\/mentor-multimedia.com\/wp-content\/uploads\/2017\/09\/Kaspersky-220x300.jpg","datePublished":"2017-09-25T15:20:24+00:00","dateModified":"2020-01-13T06:49:28+00:00","breadcrumb":{"@id":"https:\/\/mentor-multimedia.com\/index.php\/renouveler-licence-kaspersky\/#breadcrumb"},"inLanguage":"fr-FR","potentialAction":[{"@type":"ReadAction","target":["https:\/\/mentor-multimedia.com\/index.php\/renouveler-licence-kaspersky\/"]}]},{"@type":"ImageObject","inLanguage":"fr-FR","@id":"https:\/\/mentor-multimedia.com\/index.php\/renouveler-licence-kaspersky\/#primaryimage","url":"https:\/\/mentor-multimedia.com\/wp-content\/uploads\/2017\/09\/Kaspersky.jpg","contentUrl":"https:\/\/mentor-multimedia.com\/wp-content\/uploads\/2017\/09\/Kaspersky.jpg","width":587,"height":799},{"@type":"BreadcrumbList","@id":"https:\/\/mentor-multimedia.com\/index.php\/renouveler-licence-kaspersky\/#breadcrumb","itemListElement":[{"@type":"ListItem","position":1,"name":"Accueil","item":"https:\/\/mentor-multimedia.com\/"},{"@type":"ListItem","position":2,"name":"Acheter ou renouveler une licence Kaspersky"}]},{"@type":"WebSite","@id":"https:\/\/mentor-multimedia.com\/#website","url":"https:\/\/mentor-multimedia.com\/","name":"MENTOR Multim\u00e9dia - Services informatiques pour les particuliers","description":"L&#039;informatique de proximit\u00e9 dans le Val d&#039;Oise","potentialAction":[{"@type":"SearchAction","target":{"@type":"EntryPoint","urlTemplate":"https:\/\/mentor-multimedia.com\/?s={search_term_string}"},"query-input":{"@type":"PropertyValueSpecification","valueRequired":true,"valueName":"search_term_string"}}],"inLanguage":"fr-FR"}]}},"_links":{"self":[{"href":"https:\/\/mentor-multimedia.com\/index.php\/wp-json\/wp\/v2\/pages\/175","targetHints":{"allow":["GET"]}}],"collection":[{"href":"https:\/\/mentor-multimedia.com\/index.php\/wp-json\/wp\/v2\/pages"}],"about":[{"href":"https:\/\/mentor-multimedia.com\/index.php\/wp-json\/wp\/v2\/types\/page"}],"author":[{"embeddable":true,"href":"https:\/\/mentor-multimedia.com\/index.php\/wp-json\/wp\/v2\/users\/1"}],"replies":[{"embeddable":true,"href":"https:\/\/mentor-multimedia.com\/index.php\/wp-json\/wp\/v2\/comments?post=175"}],"version-history":[{"count":7,"href":"https:\/\/mentor-multimedia.com\/index.php\/wp-json\/wp\/v2\/pages\/175\/revisions"}],"predecessor-version":[{"id":425,"href":"https:\/\/mentor-multimedia.com\/index.php\/wp-json\/wp\/v2\/pages\/175\/revisions\/425"}],"wp:attachment":[{"href":"https:\/\/mentor-multimedia.com\/index.php\/wp-json\/wp\/v2\/media?parent=175"}],"curies":[{"name":"wp","href":"https:\/\/api.w.org\/{rel}","templated":true}]}}