{"id":169,"date":"2017-09-25T17:06:31","date_gmt":"2017-09-25T15:06:31","guid":{"rendered":"http:\/\/mentor-multimedia.com\/?page_id=169"},"modified":"2017-09-25T17:15:40","modified_gmt":"2017-09-25T15:15:40","slug":"telecharger-kaspersky","status":"publish","type":"page","link":"https:\/\/mentor-multimedia.com\/index.php\/telecharger-kaspersky\/","title":{"rendered":"T\u00e9l\u00e9charger la protection Kaspersky"},"content":{"rendered":"<p>T\u00e9l\u00e9chargez le logiciel de s\u00e9curit\u00e9 que vous avez choisi en cliquant sur un de ces 3 liens \u00a0:<\/p>\n<table>\n<tbody>\n<tr>\n<td style=\"text-align: center;\"><a href=\"https:\/\/www.kaspersky.fr\/downloads\/thank-you\/antivirus-free-trial\" target=\"_blank\" rel=\"noopener\"><strong>Kaspersky<\/strong><\/a><br \/>\n<a href=\"https:\/\/www.kaspersky.fr\/downloads\/thank-you\/antivirus-free-trial\" target=\"_blank\" rel=\"noopener\"><strong>Antivirus<\/strong><\/a><\/td>\n<td style=\"text-align: center;\"><a href=\"https:\/\/www.kaspersky.fr\/downloads\/thank-you\/internet-security-free-trial\" target=\"_blank\" rel=\"noopener\"><strong>Kaspersky<\/strong><\/a><br \/>\n<a href=\"https:\/\/www.kaspersky.fr\/downloads\/thank-you\/internet-security-free-trial\" target=\"_blank\" rel=\"noopener\"><strong>Internet Security<\/strong><\/a><\/td>\n<td style=\"text-align: center;\"><a href=\"https:\/\/www.kaspersky.fr\/downloads\/thank-you\/total-security-free-trial\" target=\"_blank\" rel=\"noopener\"><strong>Kaspersky<\/strong><\/a><br \/>\n<a href=\"https:\/\/www.kaspersky.fr\/downloads\/thank-you\/total-security-free-trial\" target=\"_blank\" rel=\"noopener\"><strong>Total Security<\/strong><\/a><\/td>\n<\/tr>\n<\/tbody>\n<\/table>\n<p>Le fichier t\u00e9l\u00e9charg\u00e9 se trouvera alors dans le dossier \u00ab\u00a0T\u00e9l\u00e9chargement\u00a0\u00bb. Si vous ne le retrouvez pas spontan\u00e9ment, cliquez sur dossier jaune qui se trouve dans le bas de votre \u00e9cran. Voir alors dans la colonne de gauche.<\/p>\n<p>Selon la version choisi, il s&rsquo;appellera : \u00ab\u00a0KAV&#8230;\u00a0\u00bb \u00ab\u00a0KIS&#8230;\u00a0\u00bb ou \u00ab\u00a0KTS&#8230;\u00a0\u00bb<\/p>\n<p>Double-cliquez alors sur ce fichier. Suivez alors les indications qui s&rsquo;affichent \u00e0 l&rsquo;\u00e9cran. La proc\u00e9dure peut prendre une dizaine de minutes.<\/p>\n<p>A la fin, il vous sera demand\u00e9 :<\/p>\n<ul>\n<li>d&rsquo;acheter une nouvelle cl\u00e9 de licence (vous pouvez me la demander : je suis revendeur Kaspersky).<\/li>\n<li>s&rsquo;ins\u00e9rer un code d&rsquo;activation si vous l&rsquo;avez d\u00e9j\u00e0 achet\u00e9<\/li>\n<li>mais vous pouvez \u00e9galement activer la version d&rsquo;\u00e9valuation : vous pourrez alors b\u00e9n\u00e9ficier gratuitement de la protection Kaspersky pendant 1 mois.<\/li>\n<\/ul>\n<p><img loading=\"lazy\" decoding=\"async\" class=\"irc_mi\" src=\"https:\/\/support.kaspersky.com\/fr\/images\/kis2015_11207_0122-240931.png\" alt=\"R\u00e9sultat de recherche d'images pour &quot;kaspersky version \u00e9valuation&quot;\" width=\"619\" height=\"466\" \/><\/p>\n","protected":false},"excerpt":{"rendered":"<p>T\u00e9l\u00e9chargez le logiciel de s\u00e9curit\u00e9 que vous avez choisi en cliquant sur un de ces 3 liens \u00a0: Kaspersky Antivirus Kaspersky Internet Security Kaspersky Total Security Le fichier t\u00e9l\u00e9charg\u00e9 se trouvera alors dans le dossier \u00ab\u00a0T\u00e9l\u00e9chargement\u00a0\u00bb. Si vous ne le &hellip; <a href=\"https:\/\/mentor-multimedia.com\/index.php\/telecharger-kaspersky\/\">Continuer la lecture <span class=\"meta-nav\">&rarr;<\/span><\/a><\/p>\n","protected":false},"author":1,"featured_media":0,"parent":0,"menu_order":0,"comment_status":"closed","ping_status":"closed","template":"","meta":{"footnotes":""},"class_list":["post-169","page","type-page","status-publish","hentry"],"yoast_head":"<!-- This site is optimized with the Yoast SEO plugin v24.9 - https:\/\/yoast.com\/wordpress\/plugins\/seo\/ -->\n<title>T\u00e9l\u00e9charger la protection Kaspersky - MENTOR Multim\u00e9dia<\/title>\n<meta name=\"robots\" content=\"index, follow, max-snippet:-1, max-image-preview:large, max-video-preview:-1\" \/>\n<link rel=\"canonical\" href=\"https:\/\/mentor-multimedia.com\/index.php\/telecharger-kaspersky\/\" \/>\n<meta property=\"og:locale\" content=\"fr_FR\" \/>\n<meta property=\"og:type\" content=\"article\" \/>\n<meta property=\"og:title\" content=\"T\u00e9l\u00e9charger la protection Kaspersky - MENTOR Multim\u00e9dia\" \/>\n<meta property=\"og:description\" content=\"T\u00e9l\u00e9chargez le logiciel de s\u00e9curit\u00e9 que vous avez choisi en cliquant sur un de ces 3 liens \u00a0: Kaspersky Antivirus Kaspersky Internet Security Kaspersky Total Security Le fichier t\u00e9l\u00e9charg\u00e9 se trouvera alors dans le dossier \u00ab\u00a0T\u00e9l\u00e9chargement\u00a0\u00bb. Si vous ne le &hellip; Continuer la lecture &rarr;\" \/>\n<meta property=\"og:url\" content=\"https:\/\/mentor-multimedia.com\/index.php\/telecharger-kaspersky\/\" \/>\n<meta property=\"og:site_name\" content=\"MENTOR Multim\u00e9dia\" \/>\n<meta property=\"article:modified_time\" content=\"2017-09-25T15:15:40+00:00\" \/>\n<meta property=\"og:image\" content=\"https:\/\/support.kaspersky.com\/fr\/images\/kis2015_11207_0122-240931.png\" \/>\n<meta name=\"twitter:card\" content=\"summary_large_image\" \/>\n<meta name=\"twitter:label1\" content=\"Dur\u00e9e de lecture estim\u00e9e\" \/>\n\t<meta name=\"twitter:data1\" content=\"1 minute\" \/>\n<script type=\"application\/ld+json\" class=\"yoast-schema-graph\">{\"@context\":\"https:\/\/schema.org\",\"@graph\":[{\"@type\":\"WebPage\",\"@id\":\"https:\/\/mentor-multimedia.com\/index.php\/telecharger-kaspersky\/\",\"url\":\"https:\/\/mentor-multimedia.com\/index.php\/telecharger-kaspersky\/\",\"name\":\"T\u00e9l\u00e9charger la protection Kaspersky - MENTOR Multim\u00e9dia\",\"isPartOf\":{\"@id\":\"https:\/\/mentor-multimedia.com\/#website\"},\"primaryImageOfPage\":{\"@id\":\"https:\/\/mentor-multimedia.com\/index.php\/telecharger-kaspersky\/#primaryimage\"},\"image\":{\"@id\":\"https:\/\/mentor-multimedia.com\/index.php\/telecharger-kaspersky\/#primaryimage\"},\"thumbnailUrl\":\"https:\/\/support.kaspersky.com\/fr\/images\/kis2015_11207_0122-240931.png\",\"datePublished\":\"2017-09-25T15:06:31+00:00\",\"dateModified\":\"2017-09-25T15:15:40+00:00\",\"breadcrumb\":{\"@id\":\"https:\/\/mentor-multimedia.com\/index.php\/telecharger-kaspersky\/#breadcrumb\"},\"inLanguage\":\"fr-FR\",\"potentialAction\":[{\"@type\":\"ReadAction\",\"target\":[\"https:\/\/mentor-multimedia.com\/index.php\/telecharger-kaspersky\/\"]}]},{\"@type\":\"ImageObject\",\"inLanguage\":\"fr-FR\",\"@id\":\"https:\/\/mentor-multimedia.com\/index.php\/telecharger-kaspersky\/#primaryimage\",\"url\":\"https:\/\/support.kaspersky.com\/fr\/images\/kis2015_11207_0122-240931.png\",\"contentUrl\":\"https:\/\/support.kaspersky.com\/fr\/images\/kis2015_11207_0122-240931.png\"},{\"@type\":\"BreadcrumbList\",\"@id\":\"https:\/\/mentor-multimedia.com\/index.php\/telecharger-kaspersky\/#breadcrumb\",\"itemListElement\":[{\"@type\":\"ListItem\",\"position\":1,\"name\":\"Accueil\",\"item\":\"https:\/\/mentor-multimedia.com\/\"},{\"@type\":\"ListItem\",\"position\":2,\"name\":\"T\u00e9l\u00e9charger la protection Kaspersky\"}]},{\"@type\":\"WebSite\",\"@id\":\"https:\/\/mentor-multimedia.com\/#website\",\"url\":\"https:\/\/mentor-multimedia.com\/\",\"name\":\"MENTOR Multim\u00e9dia - Services informatiques pour les particuliers\",\"description\":\"L&#039;informatique de proximit\u00e9 dans le Val d&#039;Oise\",\"potentialAction\":[{\"@type\":\"SearchAction\",\"target\":{\"@type\":\"EntryPoint\",\"urlTemplate\":\"https:\/\/mentor-multimedia.com\/?s={search_term_string}\"},\"query-input\":{\"@type\":\"PropertyValueSpecification\",\"valueRequired\":true,\"valueName\":\"search_term_string\"}}],\"inLanguage\":\"fr-FR\"}]}<\/script>\n<!-- \/ Yoast SEO plugin. -->","yoast_head_json":{"title":"T\u00e9l\u00e9charger la protection Kaspersky - MENTOR Multim\u00e9dia","robots":{"index":"index","follow":"follow","max-snippet":"max-snippet:-1","max-image-preview":"max-image-preview:large","max-video-preview":"max-video-preview:-1"},"canonical":"https:\/\/mentor-multimedia.com\/index.php\/telecharger-kaspersky\/","og_locale":"fr_FR","og_type":"article","og_title":"T\u00e9l\u00e9charger la protection Kaspersky - MENTOR Multim\u00e9dia","og_description":"T\u00e9l\u00e9chargez le logiciel de s\u00e9curit\u00e9 que vous avez choisi en cliquant sur un de ces 3 liens \u00a0: Kaspersky Antivirus Kaspersky Internet Security Kaspersky Total Security Le fichier t\u00e9l\u00e9charg\u00e9 se trouvera alors dans le dossier \u00ab\u00a0T\u00e9l\u00e9chargement\u00a0\u00bb. Si vous ne le &hellip; Continuer la lecture &rarr;","og_url":"https:\/\/mentor-multimedia.com\/index.php\/telecharger-kaspersky\/","og_site_name":"MENTOR Multim\u00e9dia","article_modified_time":"2017-09-25T15:15:40+00:00","og_image":[{"url":"https:\/\/support.kaspersky.com\/fr\/images\/kis2015_11207_0122-240931.png","type":"","width":"","height":""}],"twitter_card":"summary_large_image","twitter_misc":{"Dur\u00e9e de lecture estim\u00e9e":"1 minute"},"schema":{"@context":"https:\/\/schema.org","@graph":[{"@type":"WebPage","@id":"https:\/\/mentor-multimedia.com\/index.php\/telecharger-kaspersky\/","url":"https:\/\/mentor-multimedia.com\/index.php\/telecharger-kaspersky\/","name":"T\u00e9l\u00e9charger la protection Kaspersky - MENTOR Multim\u00e9dia","isPartOf":{"@id":"https:\/\/mentor-multimedia.com\/#website"},"primaryImageOfPage":{"@id":"https:\/\/mentor-multimedia.com\/index.php\/telecharger-kaspersky\/#primaryimage"},"image":{"@id":"https:\/\/mentor-multimedia.com\/index.php\/telecharger-kaspersky\/#primaryimage"},"thumbnailUrl":"https:\/\/support.kaspersky.com\/fr\/images\/kis2015_11207_0122-240931.png","datePublished":"2017-09-25T15:06:31+00:00","dateModified":"2017-09-25T15:15:40+00:00","breadcrumb":{"@id":"https:\/\/mentor-multimedia.com\/index.php\/telecharger-kaspersky\/#breadcrumb"},"inLanguage":"fr-FR","potentialAction":[{"@type":"ReadAction","target":["https:\/\/mentor-multimedia.com\/index.php\/telecharger-kaspersky\/"]}]},{"@type":"ImageObject","inLanguage":"fr-FR","@id":"https:\/\/mentor-multimedia.com\/index.php\/telecharger-kaspersky\/#primaryimage","url":"https:\/\/support.kaspersky.com\/fr\/images\/kis2015_11207_0122-240931.png","contentUrl":"https:\/\/support.kaspersky.com\/fr\/images\/kis2015_11207_0122-240931.png"},{"@type":"BreadcrumbList","@id":"https:\/\/mentor-multimedia.com\/index.php\/telecharger-kaspersky\/#breadcrumb","itemListElement":[{"@type":"ListItem","position":1,"name":"Accueil","item":"https:\/\/mentor-multimedia.com\/"},{"@type":"ListItem","position":2,"name":"T\u00e9l\u00e9charger la protection Kaspersky"}]},{"@type":"WebSite","@id":"https:\/\/mentor-multimedia.com\/#website","url":"https:\/\/mentor-multimedia.com\/","name":"MENTOR Multim\u00e9dia - Services informatiques pour les particuliers","description":"L&#039;informatique de proximit\u00e9 dans le Val d&#039;Oise","potentialAction":[{"@type":"SearchAction","target":{"@type":"EntryPoint","urlTemplate":"https:\/\/mentor-multimedia.com\/?s={search_term_string}"},"query-input":{"@type":"PropertyValueSpecification","valueRequired":true,"valueName":"search_term_string"}}],"inLanguage":"fr-FR"}]}},"_links":{"self":[{"href":"https:\/\/mentor-multimedia.com\/index.php\/wp-json\/wp\/v2\/pages\/169","targetHints":{"allow":["GET"]}}],"collection":[{"href":"https:\/\/mentor-multimedia.com\/index.php\/wp-json\/wp\/v2\/pages"}],"about":[{"href":"https:\/\/mentor-multimedia.com\/index.php\/wp-json\/wp\/v2\/types\/page"}],"author":[{"embeddable":true,"href":"https:\/\/mentor-multimedia.com\/index.php\/wp-json\/wp\/v2\/users\/1"}],"replies":[{"embeddable":true,"href":"https:\/\/mentor-multimedia.com\/index.php\/wp-json\/wp\/v2\/comments?post=169"}],"version-history":[{"count":4,"href":"https:\/\/mentor-multimedia.com\/index.php\/wp-json\/wp\/v2\/pages\/169\/revisions"}],"predecessor-version":[{"id":174,"href":"https:\/\/mentor-multimedia.com\/index.php\/wp-json\/wp\/v2\/pages\/169\/revisions\/174"}],"wp:attachment":[{"href":"https:\/\/mentor-multimedia.com\/index.php\/wp-json\/wp\/v2\/media?parent=169"}],"curies":[{"name":"wp","href":"https:\/\/api.w.org\/{rel}","templated":true}]}}